{"id":37536,"date":"2025-01-31T07:41:02","date_gmt":"2025-01-31T07:41:02","guid":{"rendered":"https:\/\/www.headshop.nl\/?post_type=product&#038;p=37536"},"modified":"2025-05-23T09:02:24","modified_gmt":"2025-05-23T09:02:24","slug":"tom-kush-og","status":"publish","type":"product","link":"https:\/\/www.headshop.nl\/it\/tom-kush-og\/","title":{"rendered":"Tom Kush OG - Semi Vision"},"content":{"rendered":"<h2><span data-sheets-value=\"{&quot;1&quot;:2,&quot;2&quot;:&quot;Tom Kush OG&quot;}\" data-sheets-userformat=\"{&quot;2&quot;:6723,&quot;3&quot;:{&quot;1&quot;:0},&quot;4&quot;:{&quot;1&quot;:2,&quot;2&quot;:15120559},&quot;9&quot;:0,&quot;12&quot;:0,&quot;14&quot;:{&quot;1&quot;:2,&quot;2&quot;:0},&quot;15&quot;:&quot;Arial&quot;}\">Tom Kush OG<\/span> Semi di cannabis da Vision Seeds<\/h2>\n<p>C'\u00e8 solo una Tom Kush OG ed \u00e8 questa! Aspettatevi una miscela energizzante di genetiche sia sativa che indica che forniscono un piacevole sballo senza effetti psicoattivi eccessivi. Come si pu\u00f2 intuire, questo ragazzaccio \u00e8 molto potente e spacca pi\u00f9 della maggior parte delle variet\u00e0 presenti sul mercato.<\/p>\n<p>Non c'\u00e8 niente di meglio per mettervi di buon umore per la giornata! Allevata da Vision Seeds, la variet\u00e0 di cannabis Tom Kush OG \u00e8 una variet\u00e0 incredibilmente divertente ed energizzante che far\u00e0 sentire i vostri clienti a meraviglia. Sia che si tratti di curare lo stress o l'ansia, sia che si tratti di rilassarsi senza preoccupazioni, queste gemme sono sicure di fornire tutto ci\u00f2 che i vostri clienti stanno cercando: una meravigliosa sessione di fumo per tutto il tempo.<\/p>\n<p>Questa ammaliante kush \u00e8 lo strumento perfetto per l'ansia intensa.<\/p>\n<p>La vostra giornata sar\u00e0 molto pi\u00f9 luminosa dopo aver trascorso un po' di tempo con questa gemma! Questa potente marijuana combina i sapori di agrumi e di pino della OG Kush con un mix di legnosit\u00e0 terrosa e, come bonus aggiuntivo, non vi lascer\u00e0 con la testa annebbiata. Oh no! Potrebbe semplicemente scuotere lo stress dalle vostre spalle stanche e trasmettere quelle vibrazioni felici di cui tutti abbiamo bisogno a volte. Una pianta grande e potente!<\/p>","protected":false},"excerpt":{"rendered":"<p>Se siete alla ricerca di una vera OG Kush proveniente dal Nord America, Tom Kush vi viene in soccorso. Questa OG Kush misura 22% THC e pu\u00f2 competere con alcune delle cime pi\u00f9 dense e resinose del mercato! L'aroma di limone acido e pino terroso la rende una vera delizia da gustare. \u00c8 una bestia di pianta che tutti amano coltivare!<\/p>","protected":false},"featured_media":37568,"template":"","meta":[],"product_brand":[],"product_cat":[950,297,467,470,465,468],"product_tag":[],"class_list":{"0":"post-37536","1":"product","2":"type-product","3":"status-publish","4":"has-post-thumbnail","6":"product_cat-vision-seeds","7":"product_cat-all-products","8":"product_cat-feminized-seeds","9":"product_cat-high-thc-seeds","10":"product_cat-seedshop","11":"product_cat-usa-seeds","12":"product_shipping_class-creditcard-on","14":"first","15":"instock","16":"taxable","17":"shipping-taxable","18":"purchasable","19":"product-type-variable","20":"has-default-attributes"},"_links":{"self":[{"href":"https:\/\/www.headshop.nl\/it\/wp-json\/wp\/v2\/product\/37536","targetHints":{"allow":["GET"]}}],"collection":[{"href":"https:\/\/www.headshop.nl\/it\/wp-json\/wp\/v2\/product"}],"about":[{"href":"https:\/\/www.headshop.nl\/it\/wp-json\/wp\/v2\/types\/product"}],"wp:featuredmedia":[{"embeddable":true,"href":"https:\/\/www.headshop.nl\/it\/wp-json\/wp\/v2\/media\/37568"}],"wp:attachment":[{"href":"https:\/\/www.headshop.nl\/it\/wp-json\/wp\/v2\/media?parent=37536"}],"wp:term":[{"taxonomy":"product_brand","embeddable":true,"href":"https:\/\/www.headshop.nl\/it\/wp-json\/wp\/v2\/product_brand?post=37536"},{"taxonomy":"product_cat","embeddable":true,"href":"https:\/\/www.headshop.nl\/it\/wp-json\/wp\/v2\/product_cat?post=37536"},{"taxonomy":"product_tag","embeddable":true,"href":"https:\/\/www.headshop.nl\/it\/wp-json\/wp\/v2\/product_tag?post=37536"}],"curies":[{"name":"wp","href":"https:\/\/api.w.org\/{rel}","templated":true}]}}