{"id":37524,"date":"2025-01-30T07:40:47","date_gmt":"2025-01-30T07:40:47","guid":{"rendered":"https:\/\/www.headshop.nl\/?post_type=product&#038;p=37524"},"modified":"2025-05-23T09:08:22","modified_gmt":"2025-05-23T09:08:22","slug":"super-skunk","status":"publish","type":"product","link":"https:\/\/www.headshop.nl\/it\/super-skunk\/","title":{"rendered":"Super Skunk - Semi Vision"},"content":{"rendered":"<h2><span data-sheets-value=\"{&quot;1&quot;:2,&quot;2&quot;:&quot;Super Skunk&quot;}\" data-sheets-userformat=\"{&quot;2&quot;:6723,&quot;3&quot;:{&quot;1&quot;:0},&quot;4&quot;:{&quot;1&quot;:2,&quot;2&quot;:14281427},&quot;9&quot;:0,&quot;12&quot;:0,&quot;14&quot;:{&quot;1&quot;:2,&quot;2&quot;:0},&quot;15&quot;:&quot;Arial&quot;}\">Super Skunk<\/span> Semi di cannabis da Vision Seeds<\/h2>\n<p>La Super Skunk di Vision Seeds \u00e8 un'ottima scelta per i coltivatori di variet\u00e0 classiche e old-school, ma anche per i principianti. Con i livelli di THC che tendono ad essere pi\u00f9 bassi della media, la Super Skunk \u00e8 perfetta per gli appassionati di cannabis molto sensibili che vogliono ridurre la possibilit\u00e0 di sentirsi sovrastimolati.<\/p>\n<p>Il<span style=\"font-size: 14.4px;\">\u00a0Le prestazioni complessive della pianta rimangono abbastanza stabili; mentre sono necessarie circa 9 settimane dallo stadio di piantina prima di tentare qualsiasi altra coltura, come trapianti a livello di gemme o radici, per evitare di indurre effetti di shock. Il sapore? Beh, avete indovinato: puzzolente!<\/span><\/p>\n<p>Una delle migliori variet\u00e0 per i principianti e anche un'ottima scelta per i coltivatori abituali che vogliono mantenere le cose a basso livello. Produce ottime gemme a predominanza Indica che vi forniranno un fumo davvero rilassante pur profumando di puzzola!<\/p>","protected":false},"excerpt":{"rendered":"<p>Vision Seeds Super Skunk \u00e8 la variet\u00e0 di cannabis perfetta per i coltivatori principianti! Cime a dominanza indica di alta qualit\u00e0, adatte ai coltivatori principianti, ecco a voi! Cosa c'\u00e8 di cos\u00ec eccezionale? La Super Skunk ha un gusto d'erba tra i migliori che possiate mai provare... sul serio. Se questa non \u00e8 la vostra tazza di t\u00e8, trovate un'altra variet\u00e0 sul nostro sito, ma gli amanti della cannabis sapida e smielata adorano questo classico!<\/p>","protected":false},"featured_media":37266,"template":"","meta":[],"product_brand":[],"product_cat":[950,297,467,465,629],"product_tag":[],"class_list":{"0":"post-37524","1":"product","2":"type-product","3":"status-publish","4":"has-post-thumbnail","6":"product_cat-vision-seeds","7":"product_cat-all-products","8":"product_cat-feminized-seeds","9":"product_cat-seedshop","10":"product_cat-seedshop-top-10","11":"product_shipping_class-creditcard-on","13":"first","14":"instock","15":"taxable","16":"shipping-taxable","17":"purchasable","18":"product-type-variable","19":"has-default-attributes"},"_links":{"self":[{"href":"https:\/\/www.headshop.nl\/it\/wp-json\/wp\/v2\/product\/37524","targetHints":{"allow":["GET"]}}],"collection":[{"href":"https:\/\/www.headshop.nl\/it\/wp-json\/wp\/v2\/product"}],"about":[{"href":"https:\/\/www.headshop.nl\/it\/wp-json\/wp\/v2\/types\/product"}],"wp:featuredmedia":[{"embeddable":true,"href":"https:\/\/www.headshop.nl\/it\/wp-json\/wp\/v2\/media\/37266"}],"wp:attachment":[{"href":"https:\/\/www.headshop.nl\/it\/wp-json\/wp\/v2\/media?parent=37524"}],"wp:term":[{"taxonomy":"product_brand","embeddable":true,"href":"https:\/\/www.headshop.nl\/it\/wp-json\/wp\/v2\/product_brand?post=37524"},{"taxonomy":"product_cat","embeddable":true,"href":"https:\/\/www.headshop.nl\/it\/wp-json\/wp\/v2\/product_cat?post=37524"},{"taxonomy":"product_tag","embeddable":true,"href":"https:\/\/www.headshop.nl\/it\/wp-json\/wp\/v2\/product_tag?post=37524"}],"curies":[{"name":"wp","href":"https:\/\/api.w.org\/{rel}","templated":true}]}}