{"id":37521,"date":"2025-01-30T07:40:42","date_gmt":"2025-01-30T07:40:42","guid":{"rendered":"https:\/\/www.headshop.nl\/?post_type=product&#038;p=37521"},"modified":"2025-05-23T09:08:29","modified_gmt":"2025-05-23T09:08:29","slug":"silver-haze","status":"publish","type":"product","link":"https:\/\/www.headshop.nl\/it\/silver-haze\/","title":{"rendered":"Silver Haze - Semi Vision"},"content":{"rendered":"<h2><span data-sheets-value=\"{&quot;1&quot;:2,&quot;2&quot;:&quot;Silver Haze&quot;}\" data-sheets-userformat=\"{&quot;2&quot;:6723,&quot;3&quot;:{&quot;1&quot;:0},&quot;4&quot;:{&quot;1&quot;:2,&quot;2&quot;:13624051},&quot;9&quot;:0,&quot;12&quot;:0,&quot;14&quot;:{&quot;1&quot;:2,&quot;2&quot;:0},&quot;15&quot;:&quot;Arial&quot;}\">Silver Haze<\/span> Semi di cannabis da Vision Seeds<\/h2>\n<p>Considerata da alcuni come una delle variet\u00e0 di cannabis pi\u00f9 interessanti disponibili, la Silver Haze \u00e8 una miscela perfetta di genetiche Indica e Sativa che vi far\u00e0 ridere tutto il giorno. Preparatevi a sperimentare sballi creativi con ronzii euforici e forti effetti cerebrali!<\/p>\n<p>Silver Haze \u00e8 una delle variet\u00e0 di cannabis haze pi\u00f9 conosciute in circolazione, che far\u00e0 sempre impazzire gli amanti della Sativa! E la Silver Haze di Vision Seeds \u00e8 una Haze che far\u00e0 sbavare qualsiasi amante dell'erba! Questa genetica popolare proviene dal lato Haze puro, ma ha anche skunk e Northern Lights mescolati.<\/p>\n<p>Questo le conferisce un livello moderato di THC con un grande sballo da risata. L'effetto \u00e8 quello che ha reso questa variet\u00e0 un classico di tutti i tempi: un forte ronzio cerebrale da accompagnare a sensazioni euforiche suscitate da alcune serie risate. Le combinazioni di sapori di pino\/frutta sono incredibili, ma compaiono anche note seriamente speziate, che possono essere travolgenti per alcune persone.<\/p>","protected":false},"excerpt":{"rendered":"<p>Siete alla ricerca di un'intensa avventura nella vostra testa? Silver Haze \u00e8 qui, pronta a sconvolgere le menti aprendo le porte della percezione. Queste genetiche Indica pesanti incrociano Skunk e Northern Lights con Haze pura per ottenere un'euforia hardcore combinata con alcuni alti davvero introspettivi. Sapete di volerla!<\/p>","protected":false},"featured_media":37264,"template":"","meta":[],"product_brand":[],"product_cat":[950,297,467,465],"product_tag":[],"class_list":{"0":"post-37521","1":"product","2":"type-product","3":"status-publish","4":"has-post-thumbnail","6":"product_cat-vision-seeds","7":"product_cat-all-products","8":"product_cat-feminized-seeds","9":"product_cat-seedshop","10":"product_shipping_class-creditcard-on","12":"first","13":"instock","14":"taxable","15":"shipping-taxable","16":"purchasable","17":"product-type-variable","18":"has-default-attributes"},"_links":{"self":[{"href":"https:\/\/www.headshop.nl\/it\/wp-json\/wp\/v2\/product\/37521","targetHints":{"allow":["GET"]}}],"collection":[{"href":"https:\/\/www.headshop.nl\/it\/wp-json\/wp\/v2\/product"}],"about":[{"href":"https:\/\/www.headshop.nl\/it\/wp-json\/wp\/v2\/types\/product"}],"wp:featuredmedia":[{"embeddable":true,"href":"https:\/\/www.headshop.nl\/it\/wp-json\/wp\/v2\/media\/37264"}],"wp:attachment":[{"href":"https:\/\/www.headshop.nl\/it\/wp-json\/wp\/v2\/media?parent=37521"}],"wp:term":[{"taxonomy":"product_brand","embeddable":true,"href":"https:\/\/www.headshop.nl\/it\/wp-json\/wp\/v2\/product_brand?post=37521"},{"taxonomy":"product_cat","embeddable":true,"href":"https:\/\/www.headshop.nl\/it\/wp-json\/wp\/v2\/product_cat?post=37521"},{"taxonomy":"product_tag","embeddable":true,"href":"https:\/\/www.headshop.nl\/it\/wp-json\/wp\/v2\/product_tag?post=37521"}],"curies":[{"name":"wp","href":"https:\/\/api.w.org\/{rel}","templated":true}]}}