{"id":37515,"date":"2025-01-30T07:40:35","date_gmt":"2025-01-30T07:40:35","guid":{"rendered":"https:\/\/www.headshop.nl\/?post_type=product&#038;p=37515"},"modified":"2025-05-23T09:08:45","modified_gmt":"2025-05-23T09:08:45","slug":"pure-gelato","status":"publish","type":"product","link":"https:\/\/www.headshop.nl\/it\/pure-gelato\/","title":{"rendered":"Pure Gelato - Semi Vision"},"content":{"rendered":"<h2><span data-sheets-value=\"{&quot;1&quot;:2,&quot;2&quot;:&quot;Pure Gelato&quot;}\" data-sheets-userformat=\"{&quot;2&quot;:6723,&quot;3&quot;:{&quot;1&quot;:0},&quot;4&quot;:{&quot;1&quot;:2,&quot;2&quot;:15389148},&quot;9&quot;:0,&quot;12&quot;:0,&quot;14&quot;:{&quot;1&quot;:2,&quot;2&quot;:0},&quot;15&quot;:&quot;Arial&quot;}\">Pure Gelato <\/span>Semi di cannabis da Vision Seeds<\/h2>\n<p>Benvenuti nel mondo del puro gelato! Chiamata cos\u00ec per il suo sapore delizioso e cremoso, questa variet\u00e0 di cannabis allevata negli Stati Uniti non promette altro che dolciumi a regola d'arte. Con una composizione genetica 75% di ceppi a dominanza Sativa, \u00e8 destinata sia ai fumatori pi\u00f9 audaci che a quelli nuovi, alla ricerca di uno sballo eccellente. Aspettatevi aromi estremi con fresche sfumature di menta, mentre sarete stupiti da quanto la vostra mente si sentir\u00e0 bene - probabilmente grazie al suo DNA Indica 30%, che significa che non dovrete preoccuparvi di una pesante sedazione o di rinunciare alla creativit\u00e0 a causa del cattivo umore. La nostra Pure Gelato ha qualcosa per tutti i gusti - sia che vi sentiate fruttati o che abbiate bisogno di un po' di THC che si faccia strada nel vostro organismo, allora preparatevi, questa ragazza ha potenza sotto quel dolce profumo. Stiamo parlando di vera potenza!<\/p>\n<p>La Pure Gelato di Vision Seeds \u00e8 pronta a diventare la vostra variet\u00e0 preferita per questo inverno. Quando avete bisogno di qualcosa che possa farvi passare la notte - questa variet\u00e0 non vi deluder\u00e0 di certo con i suoi alti livelli di THC, l'euforia chiara e i sapori sottili che durano a lungo.<\/p>","protected":false},"excerpt":{"rendered":"<p>Ragazze e ragazzi, ora c'\u00e8 una variet\u00e0 Pure Gelato che non ha solo il sapore del gelato, ma vi fa anche sballare! Attenzione per\u00f2: questa stallona contiene molto pi\u00f9 THC del vostro ibrido medio! Che siate consumatori di cannabis per la prima volta, fumatori occasionali o semplicemente sempre alla ricerca di qualcosa di nuovo, \u00e8 difficile non entusiasmarsi per tutti i sapori che vi regaler\u00e0 questa variet\u00e0 ai frutti di bosco. Il meglio dei due mondi? S\u00ec.<\/p>","protected":false},"featured_media":37270,"template":"","meta":[],"product_brand":[],"product_cat":[950,297,467,470,465,629,468],"product_tag":[],"class_list":{"0":"post-37515","1":"product","2":"type-product","3":"status-publish","4":"has-post-thumbnail","6":"product_cat-vision-seeds","7":"product_cat-all-products","8":"product_cat-feminized-seeds","9":"product_cat-high-thc-seeds","10":"product_cat-seedshop","11":"product_cat-seedshop-top-10","12":"product_cat-usa-seeds","13":"product_shipping_class-creditcard-on","15":"first","16":"instock","17":"taxable","18":"shipping-taxable","19":"purchasable","20":"product-type-variable","21":"has-default-attributes"},"_links":{"self":[{"href":"https:\/\/www.headshop.nl\/it\/wp-json\/wp\/v2\/product\/37515","targetHints":{"allow":["GET"]}}],"collection":[{"href":"https:\/\/www.headshop.nl\/it\/wp-json\/wp\/v2\/product"}],"about":[{"href":"https:\/\/www.headshop.nl\/it\/wp-json\/wp\/v2\/types\/product"}],"wp:featuredmedia":[{"embeddable":true,"href":"https:\/\/www.headshop.nl\/it\/wp-json\/wp\/v2\/media\/37270"}],"wp:attachment":[{"href":"https:\/\/www.headshop.nl\/it\/wp-json\/wp\/v2\/media?parent=37515"}],"wp:term":[{"taxonomy":"product_brand","embeddable":true,"href":"https:\/\/www.headshop.nl\/it\/wp-json\/wp\/v2\/product_brand?post=37515"},{"taxonomy":"product_cat","embeddable":true,"href":"https:\/\/www.headshop.nl\/it\/wp-json\/wp\/v2\/product_cat?post=37515"},{"taxonomy":"product_tag","embeddable":true,"href":"https:\/\/www.headshop.nl\/it\/wp-json\/wp\/v2\/product_tag?post=37515"}],"curies":[{"name":"wp","href":"https:\/\/api.w.org\/{rel}","templated":true}]}}