{"id":37509,"date":"2025-01-30T07:40:32","date_gmt":"2025-01-30T07:40:32","guid":{"rendered":"https:\/\/www.headshop.nl\/?post_type=product&#038;p=37509"},"modified":"2025-05-23T09:08:59","modified_gmt":"2025-05-23T09:08:59","slug":"northern-lights","status":"publish","type":"product","link":"https:\/\/www.headshop.nl\/it\/northern-lights\/","title":{"rendered":"Northern Lights - Semi Vision"},"content":{"rendered":"<h2><span data-sheets-value=\"{&quot;1&quot;:2,&quot;2&quot;:&quot;Northern Lights&quot;}\" data-sheets-userformat=\"{&quot;2&quot;:6723,&quot;3&quot;:{&quot;1&quot;:0},&quot;4&quot;:{&quot;1&quot;:2,&quot;2&quot;:15120559},&quot;9&quot;:0,&quot;12&quot;:0,&quot;14&quot;:{&quot;1&quot;:2,&quot;2&quot;:0},&quot;15&quot;:&quot;Arial&quot;}\">Northern Lights<\/span> Semi di cannabis da Vision Seeds<\/h2>\n<p>Godetevi le classiche sensazioni della cannabis vecchia scuola con questa variet\u00e0 di cannabis Northern Lights! Dai fiori profumati agli effetti corporei pesanti e letargici, questa Indica \u00e8 un must per i coltivatori indoor e outdoor.<\/p>\n<p>Simile al suo sapore dolce - che amerete o odierete - la Northern Lights vanta una variet\u00e0 Indica che vi lascer\u00e0 a bocca aperta in tutti i modi giusti - con aromi pungenti e dolci che si propagano per tutta la transazione! Questa variet\u00e0 Indica pesante fornisce una produzione di resina grassa e lussureggiante; per non parlare della sua potenza liscia THC che fa aumentare l'appetito come nessun'altra variet\u00e0. I neofiti dovrebbero fare attenzione perch\u00e9 quest'erba ha un bel peso. Vi abbiamo avvertito!<\/p>\n<p>Chi dice che le variet\u00e0 Indica non possono essere divertenti? Chiamata cos\u00ec in onore dell'Aurora Boreale, questa variet\u00e0 gelida vi porter\u00e0 in un viaggio profondo nelle notti nuvolose dei giorni passati. La sua potente genetica si abbina ad altre variet\u00e0 deliziosamente stravaganti che sono le migliori per le papille gustative. Il tutto racchiuso in cime dense e di medie dimensioni che traboccano di sapori appetitosi, per un risultato irresistibile! Sperimenterete un'intensa ondata di relax che durer\u00e0 a lungo oltre il primo high.<\/p>","protected":false},"excerpt":{"rendered":"<p>La variet\u00e0 di cannabis Northern Lights \u00e8 una delle variet\u00e0 pi\u00f9 popolari in tutto il mondo per due motivi principali: \u00e8 facile da coltivare e offre effetti narcotici unici. Con una statura media, questa variet\u00e0 pu\u00f2 produrre cime di marijuana di alta qualit\u00e0 con un elevato rapporto fiori\/foglie per i coltivatori esperti.<\/p>","protected":false},"featured_media":37258,"template":"","meta":[],"product_brand":[],"product_cat":[950,297,467,470,465],"product_tag":[],"class_list":{"0":"post-37509","1":"product","2":"type-product","3":"status-publish","4":"has-post-thumbnail","6":"product_cat-vision-seeds","7":"product_cat-all-products","8":"product_cat-feminized-seeds","9":"product_cat-high-thc-seeds","10":"product_cat-seedshop","11":"product_shipping_class-creditcard-on","13":"first","14":"instock","15":"taxable","16":"shipping-taxable","17":"purchasable","18":"product-type-variable","19":"has-default-attributes"},"_links":{"self":[{"href":"https:\/\/www.headshop.nl\/it\/wp-json\/wp\/v2\/product\/37509","targetHints":{"allow":["GET"]}}],"collection":[{"href":"https:\/\/www.headshop.nl\/it\/wp-json\/wp\/v2\/product"}],"about":[{"href":"https:\/\/www.headshop.nl\/it\/wp-json\/wp\/v2\/types\/product"}],"wp:featuredmedia":[{"embeddable":true,"href":"https:\/\/www.headshop.nl\/it\/wp-json\/wp\/v2\/media\/37258"}],"wp:attachment":[{"href":"https:\/\/www.headshop.nl\/it\/wp-json\/wp\/v2\/media?parent=37509"}],"wp:term":[{"taxonomy":"product_brand","embeddable":true,"href":"https:\/\/www.headshop.nl\/it\/wp-json\/wp\/v2\/product_brand?post=37509"},{"taxonomy":"product_cat","embeddable":true,"href":"https:\/\/www.headshop.nl\/it\/wp-json\/wp\/v2\/product_cat?post=37509"},{"taxonomy":"product_tag","embeddable":true,"href":"https:\/\/www.headshop.nl\/it\/wp-json\/wp\/v2\/product_tag?post=37509"}],"curies":[{"name":"wp","href":"https:\/\/api.w.org\/{rel}","templated":true}]}}