{"id":37427,"date":"2025-01-30T08:06:37","date_gmt":"2025-01-30T08:06:37","guid":{"rendered":"https:\/\/www.headshop.nl\/?post_type=product&#038;p=37427"},"modified":"2025-05-23T09:05:58","modified_gmt":"2025-05-23T09:05:58","slug":"medical-49-cbd","status":"publish","type":"product","link":"https:\/\/www.headshop.nl\/it\/medical-49-cbd\/","title":{"rendered":"Medical 49 (CBD+) - Semi Vision"},"content":{"rendered":"<h2><span data-sheets-value=\"{&quot;1&quot;:2,&quot;2&quot;:&quot;Medical 49 (CBD+)&quot;}\" data-sheets-userformat=\"{&quot;2&quot;:6723,&quot;3&quot;:{&quot;1&quot;:0},&quot;4&quot;:{&quot;1&quot;:2,&quot;2&quot;:16043212},&quot;9&quot;:0,&quot;12&quot;:0,&quot;14&quot;:{&quot;1&quot;:2,&quot;2&quot;:0},&quot;15&quot;:&quot;Arial&quot;}\">Medical 49 (CBD+) <\/span>Semi di cannabis da Vision Seeds<\/h2>\n<p>La Medical 49 CBD+ \u00e8 stata progettata per i pazienti alla ricerca di un'ottima variet\u00e0 di cannabis medicinale che possa aiutare con i disturbi fisici e mentali. \u00c8 a basso contenuto di THC, ma ad alto contenuto di CBD, il che la rende perfetta per chi cerca di alleviare l'ansia o lo stress.<\/p>\n<p>Sin dalla sua comparsa, questa variet\u00e0 \u00e8 stata la preferita di molti. Le variet\u00e0 di cannabis Medical 49 CBD+ tendono ad alleviare la tensione e ad aiutare le persone a sentirsi meno ansiose o stressate; ma queste piccole bellezze non fanno solo questo! Ci sono alcuni benefici medici piuttosto interessanti associati a questi ceppi, come ad esempio per la nausea!<\/p>\n<p>Se state cercando di trovare sollievo da qualsiasi dolore corporeo (in particolare dal mal di testa), vi consigliamo di darle una boccata. Questa incredibile pianta \u00e8 stata selezionata per offrire tutto ci\u00f2 che<\/p>","protected":false},"excerpt":{"rendered":"<p>Vision Seeds Medical 49 CBD+ - una delle migliori variet\u00e0 di cannabis per chi cerca di alleviare ansia e stress. Basso THC, alto CBD. Ottima per chi ha bisogno di sollievo dalla nausea o anche dal dolore. Se pensate che la cannabis possa essere un ottimo supporto per voi, questa \u00e8 la variet\u00e0 da coltivare. Il nome dice tutto, giusto?<\/p>","protected":false},"featured_media":37254,"template":"","meta":[],"product_brand":[],"product_cat":[950,297,469,467,465],"product_tag":[],"class_list":{"0":"post-37427","1":"product","2":"type-product","3":"status-publish","4":"has-post-thumbnail","6":"product_cat-vision-seeds","7":"product_cat-all-products","8":"product_cat-cbd-seeds","9":"product_cat-feminized-seeds","10":"product_cat-seedshop","11":"product_shipping_class-creditcard-on","13":"first","14":"instock","15":"taxable","16":"shipping-taxable","17":"purchasable","18":"product-type-variable","19":"has-default-attributes"},"_links":{"self":[{"href":"https:\/\/www.headshop.nl\/it\/wp-json\/wp\/v2\/product\/37427","targetHints":{"allow":["GET"]}}],"collection":[{"href":"https:\/\/www.headshop.nl\/it\/wp-json\/wp\/v2\/product"}],"about":[{"href":"https:\/\/www.headshop.nl\/it\/wp-json\/wp\/v2\/types\/product"}],"wp:featuredmedia":[{"embeddable":true,"href":"https:\/\/www.headshop.nl\/it\/wp-json\/wp\/v2\/media\/37254"}],"wp:attachment":[{"href":"https:\/\/www.headshop.nl\/it\/wp-json\/wp\/v2\/media?parent=37427"}],"wp:term":[{"taxonomy":"product_brand","embeddable":true,"href":"https:\/\/www.headshop.nl\/it\/wp-json\/wp\/v2\/product_brand?post=37427"},{"taxonomy":"product_cat","embeddable":true,"href":"https:\/\/www.headshop.nl\/it\/wp-json\/wp\/v2\/product_cat?post=37427"},{"taxonomy":"product_tag","embeddable":true,"href":"https:\/\/www.headshop.nl\/it\/wp-json\/wp\/v2\/product_tag?post=37427"}],"curies":[{"name":"wp","href":"https:\/\/api.w.org\/{rel}","templated":true}]}}