{"id":37425,"date":"2025-01-30T08:06:37","date_gmt":"2025-01-30T08:06:37","guid":{"rendered":"https:\/\/www.headshop.nl\/?post_type=product&#038;p=37425"},"modified":"2025-05-23T09:05:51","modified_gmt":"2025-05-23T09:05:51","slug":"la-blanca-gold","status":"publish","type":"product","link":"https:\/\/www.headshop.nl\/it\/la-blanca-gold\/","title":{"rendered":"La Blanca Gold - Semi Vision"},"content":{"rendered":"<h2><span data-sheets-value=\"{&quot;1&quot;:2,&quot;2&quot;:&quot;AK-49&quot;}\" data-sheets-userformat=\"{&quot;2&quot;:14915,&quot;3&quot;:{&quot;1&quot;:0},&quot;4&quot;:{&quot;1&quot;:2,&quot;2&quot;:16773836},&quot;9&quot;:0,&quot;12&quot;:0,&quot;14&quot;:{&quot;1&quot;:2,&quot;2&quot;:0},&quot;15&quot;:&quot;docs-Calibri&quot;,&quot;16&quot;:12}\">La Blanca Gold<\/span>\u00a0Semi di cannabis da Vision Seeds<\/h2>\n<p>La Vision Seeds La Blanca Gold \u00e8 una regina cattiva di tutto ci\u00f2 che \u00e8 appiccicoso, che presenta livelli di produzione di resina alle stelle e offre un CBD molto elevato che la rende ancora utilizzabile per alcune esigenze mediche. Questa signora ama crescere con rese inferiori alla media e ricoperte di cristalli. Se state cercando un'esperienza di fumo pi\u00f9 dinamica con un piacevole equilibrio CBD\/THC, questa signora potrebbe essere la vostra nuova migliore amica.<\/p>\n<p>La La Blanca Gold \u00e8 una gemma dal profumo e dal sapore terroso e floreale. Gli effetti sono ben bilanciati, inducendo la sensazione di essere sollevati ed energizzati senza essere troppo prepotenti. Il contenuto di THC di questa variet\u00e0 vi far\u00e0 addormentare senza problemi; 2 ore dopo l'assunzione sognerete su quanto possa essere bella la vita anche nei momenti difficili.<\/p>","protected":false},"excerpt":{"rendered":"<p>La Blanca Gold \u00e8 una nuova interessante variet\u00e0 di cannabis ibrida che riflette il mondo di Vision Seeds di sorprendenti genetiche di variet\u00e0 di cannabis. La miscela perfetta di THC e CBD per soddisfare le esigenze terapeutiche, ma anche per essere divertente da coltivare con rese elevate! Da provare assolutamente!<\/p>","protected":false},"featured_media":37252,"template":"","meta":[],"product_brand":[],"product_cat":[950,297,467,465],"product_tag":[],"class_list":{"0":"post-37425","1":"product","2":"type-product","3":"status-publish","4":"has-post-thumbnail","6":"product_cat-vision-seeds","7":"product_cat-all-products","8":"product_cat-feminized-seeds","9":"product_cat-seedshop","10":"product_shipping_class-creditcard-on","12":"first","13":"instock","14":"taxable","15":"shipping-taxable","16":"purchasable","17":"product-type-variable","18":"has-default-attributes"},"_links":{"self":[{"href":"https:\/\/www.headshop.nl\/it\/wp-json\/wp\/v2\/product\/37425","targetHints":{"allow":["GET"]}}],"collection":[{"href":"https:\/\/www.headshop.nl\/it\/wp-json\/wp\/v2\/product"}],"about":[{"href":"https:\/\/www.headshop.nl\/it\/wp-json\/wp\/v2\/types\/product"}],"wp:featuredmedia":[{"embeddable":true,"href":"https:\/\/www.headshop.nl\/it\/wp-json\/wp\/v2\/media\/37252"}],"wp:attachment":[{"href":"https:\/\/www.headshop.nl\/it\/wp-json\/wp\/v2\/media?parent=37425"}],"wp:term":[{"taxonomy":"product_brand","embeddable":true,"href":"https:\/\/www.headshop.nl\/it\/wp-json\/wp\/v2\/product_brand?post=37425"},{"taxonomy":"product_cat","embeddable":true,"href":"https:\/\/www.headshop.nl\/it\/wp-json\/wp\/v2\/product_cat?post=37425"},{"taxonomy":"product_tag","embeddable":true,"href":"https:\/\/www.headshop.nl\/it\/wp-json\/wp\/v2\/product_tag?post=37425"}],"curies":[{"name":"wp","href":"https:\/\/api.w.org\/{rel}","templated":true}]}}