{"id":37424,"date":"2025-01-30T08:06:36","date_gmt":"2025-01-30T08:06:36","guid":{"rendered":"https:\/\/www.headshop.nl\/?post_type=product&#038;p=37424"},"modified":"2025-05-23T09:06:05","modified_gmt":"2025-05-23T09:06:05","slug":"lambs-breath-x-ak-49","status":"publish","type":"product","link":"https:\/\/www.headshop.nl\/it\/lambs-breath-x-ak-49\/","title":{"rendered":"Lamb\u2019s Breath x AK-49 - Semi di Visione"},"content":{"rendered":"<h2>Lamb\u2019s Breath x AK-49 Semi di cannabis da Vision Seeds<\/h2>\n<p>Preparatevi ad esplorare uno sballo profondo e intrigante, pieno di piccantezza e di formaggio. La variet\u00e0 Lamb\u2019s Breath x AK-49 \u00e8 la nostra campionessa sativa preferita da chi \u00e8 alla ricerca di un incredibile sollevatore di umore con una forte energia.<\/p>\n<p>Poich\u00e9 questa ragazza ha solo pregi positivi, vi invitiamo a godervi il suo sapore sottilmente speziato e a scoprire tutte le grandi qualit\u00e0 che pu\u00f2 offrire alla vostra vita! Le amichevoli cime di colore verde sono ricoperte di peli arancioni; senza dimenticare che questa ragazza ha qualcosa al suo interno che render\u00e0 l'esperienza ancora pi\u00f9 piacevole: una complessa miscela di cannabinoidi e terpeni.<\/p>\n<p>Quindi non esitate: ordinate subito la vostra Mistress!<\/p>","protected":false},"excerpt":{"rendered":"<p>Essendo un incrocio tra la Lamb's Breath di Vision Seeds e la variet\u00e0 di cannabis AK-49, questa signora pu\u00f2 essere considerata divertente come una sveglia il gioved\u00ec mattina. Potente con una seria influenza Sativa, vi far\u00e0 innamorare di lei se il vostro umore \u00e8 acido. I verdi vividi diventerebbero di tutte le tonalit\u00e0 del verde dopo averli guardati per troppo tempo, grazie ai grandi livelli di THC combinati con alti livelli di altri cannabinoidi. Una variet\u00e0 di cannabis assolutamente da provare!<\/p>","protected":false},"featured_media":37298,"template":"","meta":[],"product_brand":[],"product_cat":[950,297,467,470,465],"product_tag":[],"class_list":{"0":"post-37424","1":"product","2":"type-product","3":"status-publish","4":"has-post-thumbnail","6":"product_cat-vision-seeds","7":"product_cat-all-products","8":"product_cat-feminized-seeds","9":"product_cat-high-thc-seeds","10":"product_cat-seedshop","11":"product_shipping_class-creditcard-on","13":"first","14":"instock","15":"taxable","16":"shipping-taxable","17":"purchasable","18":"product-type-variable","19":"has-default-attributes"},"_links":{"self":[{"href":"https:\/\/www.headshop.nl\/it\/wp-json\/wp\/v2\/product\/37424","targetHints":{"allow":["GET"]}}],"collection":[{"href":"https:\/\/www.headshop.nl\/it\/wp-json\/wp\/v2\/product"}],"about":[{"href":"https:\/\/www.headshop.nl\/it\/wp-json\/wp\/v2\/types\/product"}],"wp:featuredmedia":[{"embeddable":true,"href":"https:\/\/www.headshop.nl\/it\/wp-json\/wp\/v2\/media\/37298"}],"wp:attachment":[{"href":"https:\/\/www.headshop.nl\/it\/wp-json\/wp\/v2\/media?parent=37424"}],"wp:term":[{"taxonomy":"product_brand","embeddable":true,"href":"https:\/\/www.headshop.nl\/it\/wp-json\/wp\/v2\/product_brand?post=37424"},{"taxonomy":"product_cat","embeddable":true,"href":"https:\/\/www.headshop.nl\/it\/wp-json\/wp\/v2\/product_cat?post=37424"},{"taxonomy":"product_tag","embeddable":true,"href":"https:\/\/www.headshop.nl\/it\/wp-json\/wp\/v2\/product_tag?post=37424"}],"curies":[{"name":"wp","href":"https:\/\/api.w.org\/{rel}","templated":true}]}}