{"id":37420,"date":"2025-01-30T08:06:34","date_gmt":"2025-01-30T08:06:34","guid":{"rendered":"https:\/\/www.headshop.nl\/?post_type=product&#038;p=37420"},"modified":"2025-05-23T09:06:10","modified_gmt":"2025-05-23T09:06:10","slug":"jack-herer","status":"publish","type":"product","link":"https:\/\/www.headshop.nl\/it\/jack-herer\/","title":{"rendered":"Jack Herer - Semi Vision"},"content":{"rendered":"<h2><span data-sheets-value=\"{&quot;1&quot;:2,&quot;2&quot;:&quot;Jack Herer&quot;}\" data-sheets-userformat=\"{&quot;2&quot;:6723,&quot;3&quot;:{&quot;1&quot;:0},&quot;4&quot;:{&quot;1&quot;:2,&quot;2&quot;:15389148},&quot;9&quot;:0,&quot;12&quot;:0,&quot;14&quot;:{&quot;1&quot;:2,&quot;2&quot;:0},&quot;15&quot;:&quot;Arial&quot;}\">Jack Herer <\/span>Semi di cannabis da Vision Seeds<\/h2>\n<p>Siete alla ricerca di un modo per rilassarvi e divertirvi, senza per\u00f2 sentirvi pigri o eccessivamente stanchi. Volete che la sensazione euforica della vostra cannabis vi accompagni senza esserne sopraffatti. I semi di cannabis Jack Herer potrebbero essere ci\u00f2 di cui avete bisogno!<\/p>\n<p>Questa variet\u00e0 di marijuana, ferocemente impressionante, vi manterr\u00e0 leggeri e felici senza lasciarvi svuotati o fiacchi, l'ideale se questo \u00e8 ci\u00f2 che state cercando in una variet\u00e0 di erba. La Jack Herer \u00e8 orgogliosa delle genetiche Skunk, Northern Lights e Haze - s\u00ec!<\/p>","protected":false},"excerpt":{"rendered":"<p>Lasciamo che sia Jack a presentarsi, cos\u00ec non ce ne sar\u00e0 bisogno... \"Sono un ibrido Sativa di alta qualit\u00e0 con una genetica Skunk 100%, Northern Lights e Haze che vi render\u00e0 orgogliosi di coltivarmi. Sono conosciuta per i miei grandi fiori, gemme verde chiaro ricoperte da molti peli che causeranno euforia quando entrer\u00e0 in circolo\". Non potremmo dirlo meglio!<\/p>","protected":false},"featured_media":37250,"template":"","meta":[],"product_brand":[],"product_cat":[950,297,467,465],"product_tag":[],"class_list":{"0":"post-37420","1":"product","2":"type-product","3":"status-publish","4":"has-post-thumbnail","6":"product_cat-vision-seeds","7":"product_cat-all-products","8":"product_cat-feminized-seeds","9":"product_cat-seedshop","10":"product_shipping_class-creditcard-on","12":"first","13":"instock","14":"taxable","15":"shipping-taxable","16":"purchasable","17":"product-type-variable","18":"has-default-attributes"},"_links":{"self":[{"href":"https:\/\/www.headshop.nl\/it\/wp-json\/wp\/v2\/product\/37420","targetHints":{"allow":["GET"]}}],"collection":[{"href":"https:\/\/www.headshop.nl\/it\/wp-json\/wp\/v2\/product"}],"about":[{"href":"https:\/\/www.headshop.nl\/it\/wp-json\/wp\/v2\/types\/product"}],"wp:featuredmedia":[{"embeddable":true,"href":"https:\/\/www.headshop.nl\/it\/wp-json\/wp\/v2\/media\/37250"}],"wp:attachment":[{"href":"https:\/\/www.headshop.nl\/it\/wp-json\/wp\/v2\/media?parent=37420"}],"wp:term":[{"taxonomy":"product_brand","embeddable":true,"href":"https:\/\/www.headshop.nl\/it\/wp-json\/wp\/v2\/product_brand?post=37420"},{"taxonomy":"product_cat","embeddable":true,"href":"https:\/\/www.headshop.nl\/it\/wp-json\/wp\/v2\/product_cat?post=37420"},{"taxonomy":"product_tag","embeddable":true,"href":"https:\/\/www.headshop.nl\/it\/wp-json\/wp\/v2\/product_tag?post=37420"}],"curies":[{"name":"wp","href":"https:\/\/api.w.org\/{rel}","templated":true}]}}