{"id":37415,"date":"2025-01-30T08:06:30","date_gmt":"2025-01-30T08:06:30","guid":{"rendered":"https:\/\/www.headshop.nl\/?post_type=product&#038;p=37415"},"modified":"2025-05-23T09:06:32","modified_gmt":"2025-05-23T09:06:32","slug":"crystal-queen","status":"publish","type":"product","link":"https:\/\/www.headshop.nl\/it\/crystal-queen\/","title":{"rendered":"Crystal Queen - Semi Vision"},"content":{"rendered":"<h2><span data-sheets-value=\"{&quot;1&quot;:2,&quot;2&quot;:&quot;Crystal Queen&quot;}\" data-sheets-userformat=\"{&quot;2&quot;:6723,&quot;3&quot;:{&quot;1&quot;:0},&quot;4&quot;:{&quot;1&quot;:2,&quot;2&quot;:13228792},&quot;9&quot;:0,&quot;12&quot;:0,&quot;14&quot;:{&quot;1&quot;:2,&quot;2&quot;:0},&quot;15&quot;:&quot;Arial&quot;}\">Crystal Queen<\/span> Semi di cannabis da Vision Seeds<\/h2>\n<p>\u00c8 cos\u00ec bella che ti fa venire voglia di fumarla immediatamente. E poi \u00e8 all'altezza su tutti i fronti: la sua resa non \u00e8 n\u00e9 troppo piccola n\u00e9 troppo grande per qualsiasi situazione, le sue gemme hanno livelli impressionanti di THC, il che significa che questa regina ha anche un effetto potente sul vostro sistema.<\/p>\n<p>La sua tavolozza di aromi misti ricchi di terpeni render\u00e0 ogni inalazione il pi\u00f9 piacevole possibile; non lasciatevi sfuggire questi fiori ricoperti di cristalli!<\/p>\n<p>I semi di cannabis Crystal Queen sono quasi come essere incoronati! Con dimensioni, qualit\u00e0, densit\u00e0, potenza ed esperienza colturale sorprendenti, rimarrete cos\u00ec stupiti da lei che forse vorrete indossare voi stessi un diadema.<\/p>","protected":false},"excerpt":{"rendered":"<p>I semi di cannabis Crystal Queen di Vision Seeds sono la perfetta combinazione di stupefacente, liscio e freddo. Come variet\u00e0 di cannabis d'\u00e9lite con un'enorme potenza di 20% THC, Crystal Queen \u00e8 pura beatitudine - l'attrazione naturale della delizia del coltivatore! Porta sia l'aspetto che il gusto a un livello completamente nuovo!<\/p>","protected":false},"featured_media":37326,"template":"","meta":[],"product_brand":[],"product_cat":[950,297,467,470,465],"product_tag":[],"class_list":{"0":"post-37415","1":"product","2":"type-product","3":"status-publish","4":"has-post-thumbnail","6":"product_cat-vision-seeds","7":"product_cat-all-products","8":"product_cat-feminized-seeds","9":"product_cat-high-thc-seeds","10":"product_cat-seedshop","11":"product_shipping_class-creditcard-on","13":"first","14":"instock","15":"taxable","16":"shipping-taxable","17":"purchasable","18":"product-type-variable","19":"has-default-attributes"},"_links":{"self":[{"href":"https:\/\/www.headshop.nl\/it\/wp-json\/wp\/v2\/product\/37415","targetHints":{"allow":["GET"]}}],"collection":[{"href":"https:\/\/www.headshop.nl\/it\/wp-json\/wp\/v2\/product"}],"about":[{"href":"https:\/\/www.headshop.nl\/it\/wp-json\/wp\/v2\/types\/product"}],"wp:featuredmedia":[{"embeddable":true,"href":"https:\/\/www.headshop.nl\/it\/wp-json\/wp\/v2\/media\/37326"}],"wp:attachment":[{"href":"https:\/\/www.headshop.nl\/it\/wp-json\/wp\/v2\/media?parent=37415"}],"wp:term":[{"taxonomy":"product_brand","embeddable":true,"href":"https:\/\/www.headshop.nl\/it\/wp-json\/wp\/v2\/product_brand?post=37415"},{"taxonomy":"product_cat","embeddable":true,"href":"https:\/\/www.headshop.nl\/it\/wp-json\/wp\/v2\/product_cat?post=37415"},{"taxonomy":"product_tag","embeddable":true,"href":"https:\/\/www.headshop.nl\/it\/wp-json\/wp\/v2\/product_tag?post=37415"}],"curies":[{"name":"wp","href":"https:\/\/api.w.org\/{rel}","templated":true}]}}