{"id":37412,"date":"2025-01-30T08:06:27","date_gmt":"2025-01-30T08:06:27","guid":{"rendered":"https:\/\/www.headshop.nl\/?post_type=product&#038;p=37412"},"modified":"2025-05-23T09:07:12","modified_gmt":"2025-05-23T09:07:12","slug":"critical-impact","status":"publish","type":"product","link":"https:\/\/www.headshop.nl\/it\/critical-impact\/","title":{"rendered":"Critical Impact - Semi Vision"},"content":{"rendered":"<h2>Critical Impact Semi di cannabis da Vision Seeds<\/h2>\n<p>Niente vi render\u00e0 un coltivatore di cannabis migliore e di maggior successo che maneggiare una Critical Impact. Come ogni buon ibrido Skunk\/Kush, \u00e8 la pianta giusta per chi vuole massimizzare il proprio raccolto e godersi un fumo della migliore qualit\u00e0 del pianeta. Sarete entusiasti del suo raccolto abbondante, perch\u00e9 gode di un incredibile tasso di crescita che diventa sempre pi\u00f9 forte con l'inizio della transizione della fioritura, ed \u00e8 completamente naturale!<\/p>\n<p>Assicuratevi che il vostro impianto di coltivazione sia in grado di gestire questa ragazzaccia, perch\u00e9 \u00e8 pungente e puzzolente come nessun'altra! La scelta perfetta per i coltivatori esperti o per chi vuole \"crescere alla grande o tornare a casa\"!<\/p>","protected":false},"excerpt":{"rendered":"<p>Questi semi di cannabis Critical Impact sono un must per chi ama i grandi raccolti di erba di alta qualit\u00e0. Con 600 grammi o pi\u00f9 per metro quadro indoor, questa \u00e8 una delle variet\u00e0 pi\u00f9 veloci e con la migliore produzione sul mercato, sia indoor che outdoor! Ha anche un ottimo profumo, quindi assicuratevi di amarla e sarete ampiamente ricompensati!<\/p>","protected":false},"featured_media":37324,"template":"","meta":[],"product_brand":[],"product_cat":[950,297,467,465],"product_tag":[],"class_list":{"0":"post-37412","1":"product","2":"type-product","3":"status-publish","4":"has-post-thumbnail","6":"product_cat-vision-seeds","7":"product_cat-all-products","8":"product_cat-feminized-seeds","9":"product_cat-seedshop","10":"product_shipping_class-creditcard-on","12":"first","13":"instock","14":"taxable","15":"shipping-taxable","16":"purchasable","17":"product-type-variable","18":"has-default-attributes"},"_links":{"self":[{"href":"https:\/\/www.headshop.nl\/it\/wp-json\/wp\/v2\/product\/37412","targetHints":{"allow":["GET"]}}],"collection":[{"href":"https:\/\/www.headshop.nl\/it\/wp-json\/wp\/v2\/product"}],"about":[{"href":"https:\/\/www.headshop.nl\/it\/wp-json\/wp\/v2\/types\/product"}],"wp:featuredmedia":[{"embeddable":true,"href":"https:\/\/www.headshop.nl\/it\/wp-json\/wp\/v2\/media\/37324"}],"wp:attachment":[{"href":"https:\/\/www.headshop.nl\/it\/wp-json\/wp\/v2\/media?parent=37412"}],"wp:term":[{"taxonomy":"product_brand","embeddable":true,"href":"https:\/\/www.headshop.nl\/it\/wp-json\/wp\/v2\/product_brand?post=37412"},{"taxonomy":"product_cat","embeddable":true,"href":"https:\/\/www.headshop.nl\/it\/wp-json\/wp\/v2\/product_cat?post=37412"},{"taxonomy":"product_tag","embeddable":true,"href":"https:\/\/www.headshop.nl\/it\/wp-json\/wp\/v2\/product_tag?post=37412"}],"curies":[{"name":"wp","href":"https:\/\/api.w.org\/{rel}","templated":true}]}}