{"id":37407,"date":"2025-01-30T08:06:21","date_gmt":"2025-01-30T08:06:21","guid":{"rendered":"https:\/\/www.headshop.nl\/?post_type=product&#038;p=37407"},"modified":"2025-05-23T09:07:24","modified_gmt":"2025-05-23T09:07:24","slug":"cheese","status":"publish","type":"product","link":"https:\/\/www.headshop.nl\/it\/cheese\/","title":{"rendered":"Cheese - Semi Vision"},"content":{"rendered":"<h2>Cheese Semi di cannabis da Vision Seeds<\/h2>\n<p>I semi di cannabis Cheese di Vision Seeds saranno amati da tutti i fan sfegatati della cannabis che prosperano quando quell'aroma muschiato aleggia nella stanza! La genetica di queste piante Cheese, relativamente forti, \u00e8 piuttosto stretta e intensa, quindi potete aspettarvi un grande aroma di cannabis forte con sfumature skunk. Dopo averla fumata, otterrete un discreto stone body insieme a una piacevole euforia.<\/p>\n<p>Questa pianta \u00e8 garantita per deliziare tutti gli amanti del formaggio che sono alla ricerca di una piacevole esperienza emotiva, fisica e mentale. Vision Seeds Cheese vi ipnotizzer\u00e0 con il suo aroma funky di musk skunk kush. Questa variet\u00e0 offre un'incredibile pietra corporea unita a una piacevole euforia.<\/p>","protected":false},"excerpt":{"rendered":"<p>La variet\u00e0 di cannabis Cheese \u00e8 nota per l'odore muschiato che emette. Realizzata per coloro che amano tutto ci\u00f2 che \u00e8 smielato, questa pianta \u00e8 garantita per tenervi soddisfatti in pi\u00f9 di un modo con il suo forte impatto di skunk e kush. Si tratta di una variet\u00e0 incredibilmente buona per un vero amante della cannabis!<\/p>","protected":false},"featured_media":37320,"template":"","meta":[],"product_brand":[],"product_cat":[950,297,467,465],"product_tag":[],"class_list":{"0":"post-37407","1":"product","2":"type-product","3":"status-publish","4":"has-post-thumbnail","6":"product_cat-vision-seeds","7":"product_cat-all-products","8":"product_cat-feminized-seeds","9":"product_cat-seedshop","10":"product_shipping_class-creditcard-on","12":"first","13":"instock","14":"taxable","15":"shipping-taxable","16":"purchasable","17":"product-type-variable","18":"has-default-attributes"},"_links":{"self":[{"href":"https:\/\/www.headshop.nl\/it\/wp-json\/wp\/v2\/product\/37407","targetHints":{"allow":["GET"]}}],"collection":[{"href":"https:\/\/www.headshop.nl\/it\/wp-json\/wp\/v2\/product"}],"about":[{"href":"https:\/\/www.headshop.nl\/it\/wp-json\/wp\/v2\/types\/product"}],"wp:featuredmedia":[{"embeddable":true,"href":"https:\/\/www.headshop.nl\/it\/wp-json\/wp\/v2\/media\/37320"}],"wp:attachment":[{"href":"https:\/\/www.headshop.nl\/it\/wp-json\/wp\/v2\/media?parent=37407"}],"wp:term":[{"taxonomy":"product_brand","embeddable":true,"href":"https:\/\/www.headshop.nl\/it\/wp-json\/wp\/v2\/product_brand?post=37407"},{"taxonomy":"product_cat","embeddable":true,"href":"https:\/\/www.headshop.nl\/it\/wp-json\/wp\/v2\/product_cat?post=37407"},{"taxonomy":"product_tag","embeddable":true,"href":"https:\/\/www.headshop.nl\/it\/wp-json\/wp\/v2\/product_tag?post=37407"}],"curies":[{"name":"wp","href":"https:\/\/api.w.org\/{rel}","templated":true}]}}