{"id":37398,"date":"2025-01-30T08:06:11","date_gmt":"2025-01-30T08:06:11","guid":{"rendered":"https:\/\/www.headshop.nl\/?post_type=product&#038;p=37398"},"modified":"2025-05-23T09:07:40","modified_gmt":"2025-05-23T09:07:40","slug":"bona-dea-cbd","status":"publish","type":"product","link":"https:\/\/www.headshop.nl\/it\/bona-dea-cbd\/","title":{"rendered":"Bona Dea (CBD+) - Semi di Visione"},"content":{"rendered":"<h2><span data-sheets-value=\"{&quot;1&quot;:2,&quot;2&quot;:&quot;Bona Dea (CBD+)&quot;}\" data-sheets-userformat=\"{&quot;2&quot;:6723,&quot;3&quot;:{&quot;1&quot;:0},&quot;4&quot;:{&quot;1&quot;:2,&quot;2&quot;:14275305},&quot;9&quot;:0,&quot;12&quot;:0,&quot;14&quot;:{&quot;1&quot;:2,&quot;2&quot;:0},&quot;15&quot;:&quot;Arial&quot;}\">Bona Dea (CBD+)<\/span> Semi di cannabis da Vision Seeds<\/h2>\n<p>Bona Dea \u00e8 un incredibile ibrido Indica ottimizzato per apportare alti livelli di CBD. Perfetta per chi ama la marijuana medica ma non vuole i forti effetti psicoattivi, questa variet\u00e0 rilasser\u00e0 i muscoli e permetter\u00e0 di addormentarsi pi\u00f9 facilmente dopo una giornata stressante al lavoro o a scuola. Il perfetto equilibrio tra THC e CBD fa s\u00ec che Bona Dea offra benefici ottimali agli esseri umani che cercano un sollievo medicinale senza perdere lo spazio mentale. Quale modo migliore di rilassarsi se non con un po' di deliziosa erba?<\/p>\n<p>Per una volta siete arrivati alla giornata lavorativa, ma vi aspettano tante riunioni e avete ancora un dolore al polso. Rimanete con i piedi per terra con i semi di cannabis Bona Dea (CBD+) di Vision Seeds, che porteranno pace ai vostri muscoli e forniranno incredibili benefici per il rilassamento senza mettervi fuori gioco. Tenete presente che ha ancora un solido 9% di THC!<\/p>","protected":false},"excerpt":{"rendered":"<p>Queste incredibili gemme di Cannabis Indica vi lasceranno rilassati, senza dolori e dormendo come un bambino. Una bellissima variet\u00e0 perfetta per tutti coloro che sentono troppo forti gli effetti delle variet\u00e0 ad alto contenuto di THC. Sarete fortunati con il contenuto bilanciato di THC e CBD di Bona Dea, per assicurarvi di raccogliere tutti i benefici medicinali senza alcuna repressione del pensiero o delle sensazioni fisiche. Se un rilassamento ragionevole vi piace, allora Bona Dea \u00e8 la vostra ragazza!<\/p>","protected":false},"featured_media":37316,"template":"","meta":[],"product_brand":[],"product_cat":[950,297,467,465,629],"product_tag":[],"class_list":{"0":"post-37398","1":"product","2":"type-product","3":"status-publish","4":"has-post-thumbnail","6":"product_cat-vision-seeds","7":"product_cat-all-products","8":"product_cat-feminized-seeds","9":"product_cat-seedshop","10":"product_cat-seedshop-top-10","11":"product_shipping_class-creditcard-on","13":"first","14":"instock","15":"taxable","16":"shipping-taxable","17":"purchasable","18":"product-type-variable","19":"has-default-attributes"},"_links":{"self":[{"href":"https:\/\/www.headshop.nl\/it\/wp-json\/wp\/v2\/product\/37398","targetHints":{"allow":["GET"]}}],"collection":[{"href":"https:\/\/www.headshop.nl\/it\/wp-json\/wp\/v2\/product"}],"about":[{"href":"https:\/\/www.headshop.nl\/it\/wp-json\/wp\/v2\/types\/product"}],"wp:featuredmedia":[{"embeddable":true,"href":"https:\/\/www.headshop.nl\/it\/wp-json\/wp\/v2\/media\/37316"}],"wp:attachment":[{"href":"https:\/\/www.headshop.nl\/it\/wp-json\/wp\/v2\/media?parent=37398"}],"wp:term":[{"taxonomy":"product_brand","embeddable":true,"href":"https:\/\/www.headshop.nl\/it\/wp-json\/wp\/v2\/product_brand?post=37398"},{"taxonomy":"product_cat","embeddable":true,"href":"https:\/\/www.headshop.nl\/it\/wp-json\/wp\/v2\/product_cat?post=37398"},{"taxonomy":"product_tag","embeddable":true,"href":"https:\/\/www.headshop.nl\/it\/wp-json\/wp\/v2\/product_tag?post=37398"}],"curies":[{"name":"wp","href":"https:\/\/api.w.org\/{rel}","templated":true}]}}