{"id":37392,"date":"2025-01-30T08:06:03","date_gmt":"2025-01-30T08:06:03","guid":{"rendered":"https:\/\/www.headshop.nl\/?post_type=product&#038;p=37392"},"modified":"2025-05-23T09:07:51","modified_gmt":"2025-05-23T09:07:51","slug":"big-bud","status":"publish","type":"product","link":"https:\/\/www.headshop.nl\/it\/big-bud\/","title":{"rendered":"Big Bud - Semi Vision"},"content":{"rendered":"<h2>Big Bud Semi di cannabis da Vision Seeds<\/h2>\n<p>Big Bud \u00e8 una variet\u00e0 a forte dominanza Indica che \u00e8 all'altezza del suo nome. Con un breve tempo di fioritura, questa ciliegia \u00e8 una delizia per i coltivatori. Cresce meglio in climi miti e accoglienti ed \u00e8 molto apprezzata dai coltivatori commerciali per la sua elevata resa.<\/p>\n<p>La Big Bud si \u00e8 aggiudicata per tre anni consecutivi il trofeo del secondo posto alla prestigiosa High Times Cannabis Cup; niente male!<\/p>\n<p>Cime grandi e ben arrotondate sono ci\u00f2 che rende questa pesante indica nota per la sua incredibile resa. Se state cercando di assecondare i vostri desideri di medie dimensioni all'aperto, prendete in considerazione la coltivazione di questa enorme signora dalla produzione di cime. \u00c8 davvero incredibile!<\/p>","protected":false},"excerpt":{"rendered":"<p>Le cime grandi sono il miglior tipo di cime! Con appena 8-9 settimane di crescita, potrete avere la loro potente genetica nel vostro giardino. I semi di cannabis Big Bud sono per chi vuole una pianta solida e folle da coltivare e sa cosa sta facendo. Il nome dice tutto!<\/p>","protected":false},"featured_media":37312,"template":"","meta":[],"product_brand":[],"product_cat":[950,297,467,465,629],"product_tag":[],"class_list":{"0":"post-37392","1":"product","2":"type-product","3":"status-publish","4":"has-post-thumbnail","6":"product_cat-vision-seeds","7":"product_cat-all-products","8":"product_cat-feminized-seeds","9":"product_cat-seedshop","10":"product_cat-seedshop-top-10","11":"product_shipping_class-creditcard-on","13":"first","14":"instock","15":"taxable","16":"shipping-taxable","17":"purchasable","18":"product-type-variable","19":"has-default-attributes"},"_links":{"self":[{"href":"https:\/\/www.headshop.nl\/it\/wp-json\/wp\/v2\/product\/37392","targetHints":{"allow":["GET"]}}],"collection":[{"href":"https:\/\/www.headshop.nl\/it\/wp-json\/wp\/v2\/product"}],"about":[{"href":"https:\/\/www.headshop.nl\/it\/wp-json\/wp\/v2\/types\/product"}],"wp:featuredmedia":[{"embeddable":true,"href":"https:\/\/www.headshop.nl\/it\/wp-json\/wp\/v2\/media\/37312"}],"wp:attachment":[{"href":"https:\/\/www.headshop.nl\/it\/wp-json\/wp\/v2\/media?parent=37392"}],"wp:term":[{"taxonomy":"product_brand","embeddable":true,"href":"https:\/\/www.headshop.nl\/it\/wp-json\/wp\/v2\/product_brand?post=37392"},{"taxonomy":"product_cat","embeddable":true,"href":"https:\/\/www.headshop.nl\/it\/wp-json\/wp\/v2\/product_cat?post=37392"},{"taxonomy":"product_tag","embeddable":true,"href":"https:\/\/www.headshop.nl\/it\/wp-json\/wp\/v2\/product_tag?post=37392"}],"curies":[{"name":"wp","href":"https:\/\/api.w.org\/{rel}","templated":true}]}}