{"id":37389,"date":"2025-01-30T08:06:00","date_gmt":"2025-01-30T08:06:00","guid":{"rendered":"https:\/\/www.headshop.nl\/?post_type=product&#038;p=37389"},"modified":"2025-05-23T09:07:58","modified_gmt":"2025-05-23T09:07:58","slug":"amnesia-x-buddha-kush","status":"publish","type":"product","link":"https:\/\/www.headshop.nl\/it\/amnesia-x-buddha-kush\/","title":{"rendered":"Amnesia x Buddha Kush - Semi di Visione"},"content":{"rendered":"<h2><span data-sheets-value=\"{&quot;1&quot;:2,&quot;2&quot;:&quot;Amnesia x Buddha Kush&quot;}\" data-sheets-userformat=\"{&quot;2&quot;:6723,&quot;3&quot;:{&quot;1&quot;:0},&quot;4&quot;:{&quot;1&quot;:2,&quot;2&quot;:15389148},&quot;9&quot;:0,&quot;12&quot;:0,&quot;14&quot;:{&quot;1&quot;:2,&quot;2&quot;:0},&quot;15&quot;:&quot;Arial&quot;}\">Amnesia x Buddha Kush<\/span> Semi di cannabis da Vision Seeds<\/h2>\n<p>Questi semi di cannabis sono la scelta perfetta per gli amanti dello sballo cerebrale alla ricerca di una spinta potente. Se trattati nel modo giusto, ci si aspetta di avere cime enormi e dense, ricoperte di resina e dal colore brillante. Questa signora non \u00e8 affatto timida, quindi \u00e8 potente con grandi dosi di THC che vi faranno fuggire dalla realt\u00e0. Non lasciatevi scoraggiare dalla sua dominanza Sativa! Queste piccole piante possono diventare grandi se le si d\u00e0 il tempo di maturare. Aspettatevi aromi terrosi che soddisferanno le vostre papille gustative e che persisteranno per qualche tempo dopo l'assaggio.<\/p>\n<p>Non solo offre una potenza notevole; aspettatevi cime enormi e dense ricoperte di ghiandole di resina lucida che lasciano dietro di s\u00e9 aromi terrosi e agrumati che meritano di essere assaporati e di indugiare sulle vostre papille gustative per qualche tempo.<\/p>\n<p>La sua potente genetica Sativa la rende incline a diventare grande, quindi sarebbe meglio lasciarla all'interno fino alla completa fioritura... Ottimo incrocio da provare se state cercando altre piante uniche da coltivare!<\/p>","protected":false},"excerpt":{"rendered":"<p>Questa pianta di cannabis \u00e8 la scelta perfetta per gli amanti dello sballo cerebrale alla ricerca di un colpo pesante. Come tutti sappiamo, questa ragazza ama fare centro e pu\u00f2 essere molto potente se trattata nel modo giusto. La cosa pi\u00f9 impressionante \u00e8 che si trasformer\u00e0 in un incredibile stimolante dell'umore con alti livelli di THC se curata correttamente. Un allevamento molto bello che sar\u00e0 amato da molti!<\/p>","protected":false},"featured_media":37290,"template":"","meta":[],"product_brand":[],"product_cat":[950,297,467,465],"product_tag":[],"class_list":{"0":"post-37389","1":"product","2":"type-product","3":"status-publish","4":"has-post-thumbnail","6":"product_cat-vision-seeds","7":"product_cat-all-products","8":"product_cat-feminized-seeds","9":"product_cat-seedshop","10":"product_shipping_class-creditcard-on","12":"first","13":"instock","14":"taxable","15":"shipping-taxable","16":"purchasable","17":"product-type-variable","18":"has-default-attributes"},"_links":{"self":[{"href":"https:\/\/www.headshop.nl\/it\/wp-json\/wp\/v2\/product\/37389","targetHints":{"allow":["GET"]}}],"collection":[{"href":"https:\/\/www.headshop.nl\/it\/wp-json\/wp\/v2\/product"}],"about":[{"href":"https:\/\/www.headshop.nl\/it\/wp-json\/wp\/v2\/types\/product"}],"wp:featuredmedia":[{"embeddable":true,"href":"https:\/\/www.headshop.nl\/it\/wp-json\/wp\/v2\/media\/37290"}],"wp:attachment":[{"href":"https:\/\/www.headshop.nl\/it\/wp-json\/wp\/v2\/media?parent=37389"}],"wp:term":[{"taxonomy":"product_brand","embeddable":true,"href":"https:\/\/www.headshop.nl\/it\/wp-json\/wp\/v2\/product_brand?post=37389"},{"taxonomy":"product_cat","embeddable":true,"href":"https:\/\/www.headshop.nl\/it\/wp-json\/wp\/v2\/product_cat?post=37389"},{"taxonomy":"product_tag","embeddable":true,"href":"https:\/\/www.headshop.nl\/it\/wp-json\/wp\/v2\/product_tag?post=37389"}],"curies":[{"name":"wp","href":"https:\/\/api.w.org\/{rel}","templated":true}]}}