{"id":37242,"date":"2025-01-30T09:02:47","date_gmt":"2025-01-30T09:02:47","guid":{"rendered":"https:\/\/www.headshop.nl\/?post_type=product&#038;p=37242"},"modified":"2025-05-23T09:02:39","modified_gmt":"2025-05-23T09:02:39","slug":"auto-vision-kush","status":"publish","type":"product","link":"https:\/\/www.headshop.nl\/it\/auto-vision-kush\/","title":{"rendered":"Auto Vision Kush - Semi Vision"},"content":{"rendered":"<h2><span data-sheets-value=\"{&quot;1&quot;:2,&quot;2&quot;:&quot;Auto Vision Kush&quot;}\" data-sheets-userformat=\"{&quot;2&quot;:14915,&quot;3&quot;:{&quot;1&quot;:0},&quot;4&quot;:{&quot;1&quot;:2,&quot;2&quot;:16773836},&quot;9&quot;:0,&quot;12&quot;:0,&quot;14&quot;:{&quot;1&quot;:2,&quot;2&quot;:0},&quot;15&quot;:&quot;Calibri&quot;,&quot;16&quot;:12}\">Auto Vision Kush<\/span> Semi di cannabis da Vision Seeds<\/h2>\n<p>Meagliare la regina dei grandi raccolti, Vision Kush Auto Cannabis Seeds. Anche se si tratta di una pianta autofiorente, terminer\u00e0 la fioritura in meno di 12 settimane! Una volta che avrete messo le mani su una di queste piante da 200 cm, non coltiverete pi\u00f9 nient'altro. Inoltre, non \u00e8 affatto timida con il suo contenuto di THC che raggiunge i 19%.<\/p>\n<p>Ha una forte dominanza Indica che la rende perfetta per alleviare i dolori e per dormire se fumata durante il giorno o per rilassarsi prima di andare a dormire se fumata a tarda notte.<\/p>\n<p>Questi semi di erba pazza sono noti per i maggiori raccolti che si possono coltivare sia all'interno che all'esterno. Se volete ottenere la variet\u00e0 autofiorente Kush pi\u00f9 potente con una media di THC di 19% allora dovreste piantare questi semi di cannabis adesso!<\/p>\n<p>Questi semi di marijuana vi daranno risultati migliori perch\u00e9 sono pi\u00f9 forti e lo sballo dura pi\u00f9 a lungo rispetto ad altre variet\u00e0 di erba standard. Aiutatevi ad alleviare il dolore, l'insonnia, la depressione, l'inappetenza, ecc. coltivando questa cannabis a crescita rapida.<\/p>","protected":false},"excerpt":{"rendered":"<p>Se siete alla ricerca di una variet\u00e0 che vi fornisca un'esperienza di crescita straordinaria, Vision Kush Auto \u00e8 quello che fa per voi. Questa auto queen automatica produce raccolti abbondanti e, se coltivata all'aperto, pu\u00f2 produrre fino a 200 cm di altezza! Il vostro raccolto sar\u00e0 notevolmente superiore a quello che avreste ottenuto scegliendo altre variet\u00e0. Oh, ed \u00e8 super-alta in THC. Incredibile, vero?<\/p>","protected":false},"featured_media":37347,"template":"","meta":[],"product_brand":[],"product_cat":[950,297,466,470,465],"product_tag":[],"class_list":{"0":"post-37242","1":"product","2":"type-product","3":"status-publish","4":"has-post-thumbnail","6":"product_cat-vision-seeds","7":"product_cat-all-products","8":"product_cat-autoflowering-seeds","9":"product_cat-high-thc-seeds","10":"product_cat-seedshop","11":"product_shipping_class-creditcard-on","13":"first","14":"instock","15":"taxable","16":"shipping-taxable","17":"purchasable","18":"product-type-variable","19":"has-default-attributes"},"_links":{"self":[{"href":"https:\/\/www.headshop.nl\/it\/wp-json\/wp\/v2\/product\/37242","targetHints":{"allow":["GET"]}}],"collection":[{"href":"https:\/\/www.headshop.nl\/it\/wp-json\/wp\/v2\/product"}],"about":[{"href":"https:\/\/www.headshop.nl\/it\/wp-json\/wp\/v2\/types\/product"}],"wp:featuredmedia":[{"embeddable":true,"href":"https:\/\/www.headshop.nl\/it\/wp-json\/wp\/v2\/media\/37347"}],"wp:attachment":[{"href":"https:\/\/www.headshop.nl\/it\/wp-json\/wp\/v2\/media?parent=37242"}],"wp:term":[{"taxonomy":"product_brand","embeddable":true,"href":"https:\/\/www.headshop.nl\/it\/wp-json\/wp\/v2\/product_brand?post=37242"},{"taxonomy":"product_cat","embeddable":true,"href":"https:\/\/www.headshop.nl\/it\/wp-json\/wp\/v2\/product_cat?post=37242"},{"taxonomy":"product_tag","embeddable":true,"href":"https:\/\/www.headshop.nl\/it\/wp-json\/wp\/v2\/product_tag?post=37242"}],"curies":[{"name":"wp","href":"https:\/\/api.w.org\/{rel}","templated":true}]}}