{"id":37233,"date":"2025-01-30T09:02:41","date_gmt":"2025-01-30T09:02:41","guid":{"rendered":"https:\/\/www.headshop.nl\/?post_type=product&#038;p=37233"},"modified":"2025-05-23T09:02:59","modified_gmt":"2025-05-23T09:02:59","slug":"auto-vision-critical","status":"publish","type":"product","link":"https:\/\/www.headshop.nl\/it\/auto-vision-critical\/","title":{"rendered":"Auto Vision Critical - Semi Vision"},"content":{"rendered":"<h2><span data-sheets-value=\"{&quot;1&quot;:2,&quot;2&quot;:&quot;Auto Vision Critical&quot;}\" data-sheets-userformat=\"{&quot;2&quot;:14915,&quot;3&quot;:{&quot;1&quot;:0},&quot;4&quot;:{&quot;1&quot;:2,&quot;2&quot;:14281427},&quot;9&quot;:0,&quot;12&quot;:0,&quot;14&quot;:{&quot;1&quot;:2,&quot;2&quot;:0},&quot;15&quot;:&quot;Calibri&quot;,&quot;16&quot;:12}\">Auto Vision Critical <\/span>Semi di cannabis da Vision Seeds<\/h2>\n<p>Piccole e discrete, ma non troppo basse in THC. Non dovrete preoccuparvi che queste signore rovinino la vostra operazione di coltivazione furtiva. \u00c8 perfetta se volete solo un po' di relax mentale senza troppa ansia sociale. Questa divertente e coinvolgente autofiorente \u00e8 qualcosa che anche il coltivatore pi\u00f9 inesperto pu\u00f2 gestire con relativa facilit\u00e0!<\/p>\n<p>Vision Seeds Vision Critical Auto \u00e8 una variet\u00e0 perfetta se siete alla ricerca di qualcosa che sia ottimo da coltivare e che fornisca sapori, aromi ed effetti di prim'ordine. Essendo una buona scelta per la coltivazione furtiva, sar\u00e0 facile come una torta per coloro che cercano una piccola pianta che pu\u00f2 essere nascosta discretamente dai passanti. Inoltre, che sia dank o flavorful non ha importanza, perch\u00e9 questa ragazza non delude!<\/p>","protected":false},"excerpt":{"rendered":"<p>Lo fa a modo suo ed \u00e8 semplicemente perfetto. Vision Critical Auto offre una boccata liscia, non troppo THC pesante, rilassata e fredda che piacer\u00e0 a molti con l'aroma unico e delizioso di agrumi, spezie e legno. Oh, ed \u00e8 perfetta per i coltivatori ultra furtivi. Provatela voi stessi e ve ne innamorerete!<\/p>","protected":false},"featured_media":37308,"template":"","meta":[],"product_brand":[],"product_cat":[950,297,466,465],"product_tag":[],"class_list":{"0":"post-37233","1":"product","2":"type-product","3":"status-publish","4":"has-post-thumbnail","6":"product_cat-vision-seeds","7":"product_cat-all-products","8":"product_cat-autoflowering-seeds","9":"product_cat-seedshop","10":"product_shipping_class-creditcard-on","12":"first","13":"instock","14":"taxable","15":"shipping-taxable","16":"purchasable","17":"product-type-variable","18":"has-default-attributes"},"_links":{"self":[{"href":"https:\/\/www.headshop.nl\/it\/wp-json\/wp\/v2\/product\/37233","targetHints":{"allow":["GET"]}}],"collection":[{"href":"https:\/\/www.headshop.nl\/it\/wp-json\/wp\/v2\/product"}],"about":[{"href":"https:\/\/www.headshop.nl\/it\/wp-json\/wp\/v2\/types\/product"}],"wp:featuredmedia":[{"embeddable":true,"href":"https:\/\/www.headshop.nl\/it\/wp-json\/wp\/v2\/media\/37308"}],"wp:attachment":[{"href":"https:\/\/www.headshop.nl\/it\/wp-json\/wp\/v2\/media?parent=37233"}],"wp:term":[{"taxonomy":"product_brand","embeddable":true,"href":"https:\/\/www.headshop.nl\/it\/wp-json\/wp\/v2\/product_brand?post=37233"},{"taxonomy":"product_cat","embeddable":true,"href":"https:\/\/www.headshop.nl\/it\/wp-json\/wp\/v2\/product_cat?post=37233"},{"taxonomy":"product_tag","embeddable":true,"href":"https:\/\/www.headshop.nl\/it\/wp-json\/wp\/v2\/product_tag?post=37233"}],"curies":[{"name":"wp","href":"https:\/\/api.w.org\/{rel}","templated":true}]}}