{"id":37224,"date":"2025-01-30T09:02:32","date_gmt":"2025-01-30T09:02:32","guid":{"rendered":"https:\/\/www.headshop.nl\/?post_type=product&#038;p=37224"},"modified":"2025-05-23T09:03:41","modified_gmt":"2025-05-23T09:03:41","slug":"auto-northern-lights","status":"publish","type":"product","link":"https:\/\/www.headshop.nl\/it\/auto-northern-lights\/","title":{"rendered":"Auto Northern Lights - Semi Vision"},"content":{"rendered":"<h2>Auto Northern Lights Semi di cannabis da Vision Seeds<\/h2>\n<p>I semi di cannabis Auto Northern Lights sono esattamente ci\u00f2 di cui avete bisogno per il momento perfetto. Preparatevi a cavalcare perch\u00e9 questa Auto \u00e8 tutta da accendere! \u00c8 la vostra migliore amica, in grado di offrire qualit\u00e0 colturali resistenti che rendono la coltivazione super facile e cime potenti e di alta qualit\u00e0.<\/p>\n<p>Se siete alla ricerca di una variet\u00e0 fantastica da coltivare ma non sapete da dove iniziare, queste bambine di canna toste vi guideranno in tutto e per tutto, in modo da non commettere errori durante il percorso.<\/p>\n<p>Con un livello di cura davvero basso, \u00e8 anche in grado di perdonare gli errori dei coltivatori alle prime armi, cos\u00ec sicura di s\u00e9 che anche i professionisti pi\u00f9 esperti la amano! Pronti per un fantastico spunto di conversazione? Questi semi sono in grado di offrire i soffi che la gente desidera.<\/p>","protected":false},"excerpt":{"rendered":"<p>I semi di cannabis Northern Lights Auto di solito impiegano 8-10 settimane per fiorire, ma potete accendere l'interruttore prima se le vostre piante sono sane e robuste. Alzate le luci quando la luce del giorno diminuisce, guardate le cime che crescono pesanti con le fioriture e aspettate che le esplosioni di Northern Lights dal sapore incredibile arrivino! Ricca di uno sballo superforte che vi far\u00e0 sentire creativi e non desiderosi di fare altro che pensare in grande - prendete subito qualche confezione di questi fiori inarrestabili prima che finiscano!<\/p>","protected":false},"featured_media":37286,"template":"","meta":[],"product_brand":[],"product_cat":[950,297,466,470,465],"product_tag":[],"class_list":{"0":"post-37224","1":"product","2":"type-product","3":"status-publish","4":"has-post-thumbnail","6":"product_cat-vision-seeds","7":"product_cat-all-products","8":"product_cat-autoflowering-seeds","9":"product_cat-high-thc-seeds","10":"product_cat-seedshop","11":"product_shipping_class-creditcard-on","13":"first","14":"instock","15":"taxable","16":"shipping-taxable","17":"purchasable","18":"product-type-variable","19":"has-default-attributes"},"_links":{"self":[{"href":"https:\/\/www.headshop.nl\/it\/wp-json\/wp\/v2\/product\/37224","targetHints":{"allow":["GET"]}}],"collection":[{"href":"https:\/\/www.headshop.nl\/it\/wp-json\/wp\/v2\/product"}],"about":[{"href":"https:\/\/www.headshop.nl\/it\/wp-json\/wp\/v2\/types\/product"}],"wp:featuredmedia":[{"embeddable":true,"href":"https:\/\/www.headshop.nl\/it\/wp-json\/wp\/v2\/media\/37286"}],"wp:attachment":[{"href":"https:\/\/www.headshop.nl\/it\/wp-json\/wp\/v2\/media?parent=37224"}],"wp:term":[{"taxonomy":"product_brand","embeddable":true,"href":"https:\/\/www.headshop.nl\/it\/wp-json\/wp\/v2\/product_brand?post=37224"},{"taxonomy":"product_cat","embeddable":true,"href":"https:\/\/www.headshop.nl\/it\/wp-json\/wp\/v2\/product_cat?post=37224"},{"taxonomy":"product_tag","embeddable":true,"href":"https:\/\/www.headshop.nl\/it\/wp-json\/wp\/v2\/product_tag?post=37224"}],"curies":[{"name":"wp","href":"https:\/\/api.w.org\/{rel}","templated":true}]}}