{"id":37221,"date":"2025-01-30T09:02:28","date_gmt":"2025-01-30T09:02:28","guid":{"rendered":"https:\/\/www.headshop.nl\/?post_type=product&#038;p=37221"},"modified":"2025-05-23T09:03:48","modified_gmt":"2025-05-23T09:03:48","slug":"auto-lowryder","status":"publish","type":"product","link":"https:\/\/www.headshop.nl\/it\/auto-lowryder\/","title":{"rendered":"Auto Lowryder - Semi Vision"},"content":{"rendered":"<h2>Auto Lowryder Semi di cannabis da Vision Seeds<\/h2>\n<p>I semi di cannabis Auto Lowryder sono la pi\u00f9 piccola e discreta regina dell'autofiorenza che crescer\u00e0 completamente inosservata - perfetta per i principianti. Questi semi di cannabis furtivi producono fiori medi con un livello di 14% THC; progettati per essere veloci e facili da coltivare, indipendentemente dalla vostra esperienza o dal luogo in cui vivete (dato che pu\u00f2 resistere ai climi pi\u00f9 freddi).<\/p>\n<p>Una delle variet\u00e0 a pi\u00f9 rapida crescita da seme a fiore in circolazione, la robustezza di questa piccola ragazza compensa la sua piccola statura producendo un prodotto di qualit\u00e0 in un tempo significativamente inferiore rispetto ad altre auto. Grazie a generazioni di riproduzione selettiva, produce un gusto di qualit\u00e0 superiore alla media che si \u00e8 tramandato attraverso l'albero genealogico dal '92. Vi dar\u00e0 quanto basta senza dimenticare il gusto!<\/p>","protected":false},"excerpt":{"rendered":"<p>OG delle piante autofiorenti? I semi di cannabis Auto Lowryder sono la variet\u00e0 perfetta per i principianti che desiderano coltivare in modo furtivo. Questi semi autofiorenti producono cime piccole e di alta qualit\u00e0 con livelli moderati di THC. Con solo 14% THC questa genetica \u00e8 perfetta per coloro che sono interessati a coltivare una pianta semplice ma con un grande sapore e produzione di resina. Smettete di preoccuparvi che i vicini vedano le vostre piante di marijuana - coltivate queste meraviglie automatiche!<\/p>","protected":false},"featured_media":37284,"template":"","meta":[],"product_brand":[],"product_cat":[950,297,466,465],"product_tag":[],"class_list":{"0":"post-37221","1":"product","2":"type-product","3":"status-publish","4":"has-post-thumbnail","6":"product_cat-vision-seeds","7":"product_cat-all-products","8":"product_cat-autoflowering-seeds","9":"product_cat-seedshop","10":"product_shipping_class-creditcard-on","12":"first","13":"instock","14":"taxable","15":"shipping-taxable","16":"purchasable","17":"product-type-variable","18":"has-default-attributes"},"_links":{"self":[{"href":"https:\/\/www.headshop.nl\/it\/wp-json\/wp\/v2\/product\/37221","targetHints":{"allow":["GET"]}}],"collection":[{"href":"https:\/\/www.headshop.nl\/it\/wp-json\/wp\/v2\/product"}],"about":[{"href":"https:\/\/www.headshop.nl\/it\/wp-json\/wp\/v2\/types\/product"}],"wp:featuredmedia":[{"embeddable":true,"href":"https:\/\/www.headshop.nl\/it\/wp-json\/wp\/v2\/media\/37284"}],"wp:attachment":[{"href":"https:\/\/www.headshop.nl\/it\/wp-json\/wp\/v2\/media?parent=37221"}],"wp:term":[{"taxonomy":"product_brand","embeddable":true,"href":"https:\/\/www.headshop.nl\/it\/wp-json\/wp\/v2\/product_brand?post=37221"},{"taxonomy":"product_cat","embeddable":true,"href":"https:\/\/www.headshop.nl\/it\/wp-json\/wp\/v2\/product_cat?post=37221"},{"taxonomy":"product_tag","embeddable":true,"href":"https:\/\/www.headshop.nl\/it\/wp-json\/wp\/v2\/product_tag?post=37221"}],"curies":[{"name":"wp","href":"https:\/\/api.w.org\/{rel}","templated":true}]}}