{"id":37215,"date":"2025-01-30T09:02:21","date_gmt":"2025-01-30T09:02:21","guid":{"rendered":"https:\/\/www.headshop.nl\/?post_type=product&#038;p=37215"},"modified":"2025-05-23T09:04:03","modified_gmt":"2025-05-23T09:04:03","slug":"auto-doctor-jamaica","status":"publish","type":"product","link":"https:\/\/www.headshop.nl\/it\/auto-doctor-jamaica\/","title":{"rendered":"Auto Doctor Jamaica - Semi Vision"},"content":{"rendered":"<h2><span data-sheets-value=\"{&quot;1&quot;:2,&quot;2&quot;:&quot;Auto Doctor Jamaica&quot;}\" data-sheets-userformat=\"{&quot;2&quot;:14915,&quot;3&quot;:{&quot;1&quot;:0},&quot;4&quot;:{&quot;1&quot;:2,&quot;2&quot;:11982760},&quot;9&quot;:0,&quot;12&quot;:0,&quot;14&quot;:{&quot;1&quot;:2,&quot;2&quot;:0},&quot;15&quot;:&quot;Calibri&quot;,&quot;16&quot;:12}\">Auto Doctor Jamaica<\/span> Semi di cannabis da Vision Seeds<\/h2>\n<p>Volete un nuovo inizio per questo nuovo anno? Questi semi di cannabis sono tutto ci\u00f2 che stavate cercando. Immaginate quella calda e soleggiata giornata californiana in cui la vostra pianta, ancora in fase iniziale, prosperer\u00e0 e crescer\u00e0 grazie all'esperienza dei coltivatori della vecchia scuola che ci hanno preceduto. Volevano una variet\u00e0 che chiunque potesse coltivare con facilit\u00e0, passando dai semi alla fioritura in meno di due mesi. \u00c8 facile capire perch\u00e9 questi semi di marijuana siano diventati cos\u00ec popolari dopo la loro scoperta: le enormi quantit\u00e0 di THC la rendono una scelta eccellente per iniziare a fare qualcosa a livello medico o ricreativo.<\/p>\n<p>Ma soprattutto? Anche se non avete mai coltivato marijuana prima d'ora, Vision ha avuto questa ragazza breeder per resistere a qualsiasi cosa. Un'ottima scelta per una variet\u00e0!<\/p>","protected":false},"excerpt":{"rendered":"<p>Se siete alla ricerca di una variet\u00e0 di alta qualit\u00e0 e facile da coltivare, con la Auto Doctor Jamaica Cannabis Seeds avete trovato il vostro partner! Questa splendida pianta emana un aroma di arancia e limone, mentre d\u00e0 potenti sensazioni di euforia. \u00c8 un'ottima variet\u00e0 di partenza, perfetta per chi non vuole sentirsi triste o depresso.<\/p>","protected":false},"featured_media":37332,"template":"","meta":[],"product_brand":[],"product_cat":[950,297,466,470,465],"product_tag":[],"class_list":{"0":"post-37215","1":"product","2":"type-product","3":"status-publish","4":"has-post-thumbnail","6":"product_cat-vision-seeds","7":"product_cat-all-products","8":"product_cat-autoflowering-seeds","9":"product_cat-high-thc-seeds","10":"product_cat-seedshop","11":"product_shipping_class-creditcard-on","13":"first","14":"instock","15":"taxable","16":"shipping-taxable","17":"purchasable","18":"product-type-variable","19":"has-default-attributes"},"_links":{"self":[{"href":"https:\/\/www.headshop.nl\/it\/wp-json\/wp\/v2\/product\/37215","targetHints":{"allow":["GET"]}}],"collection":[{"href":"https:\/\/www.headshop.nl\/it\/wp-json\/wp\/v2\/product"}],"about":[{"href":"https:\/\/www.headshop.nl\/it\/wp-json\/wp\/v2\/types\/product"}],"wp:featuredmedia":[{"embeddable":true,"href":"https:\/\/www.headshop.nl\/it\/wp-json\/wp\/v2\/media\/37332"}],"wp:attachment":[{"href":"https:\/\/www.headshop.nl\/it\/wp-json\/wp\/v2\/media?parent=37215"}],"wp:term":[{"taxonomy":"product_brand","embeddable":true,"href":"https:\/\/www.headshop.nl\/it\/wp-json\/wp\/v2\/product_brand?post=37215"},{"taxonomy":"product_cat","embeddable":true,"href":"https:\/\/www.headshop.nl\/it\/wp-json\/wp\/v2\/product_cat?post=37215"},{"taxonomy":"product_tag","embeddable":true,"href":"https:\/\/www.headshop.nl\/it\/wp-json\/wp\/v2\/product_tag?post=37215"}],"curies":[{"name":"wp","href":"https:\/\/api.w.org\/{rel}","templated":true}]}}