{"id":37206,"date":"2025-01-30T09:02:15","date_gmt":"2025-01-30T09:02:15","guid":{"rendered":"https:\/\/www.headshop.nl\/?post_type=product&#038;p=37206"},"modified":"2025-05-23T09:04:37","modified_gmt":"2025-05-23T09:04:37","slug":"auto-amnesia-haze","status":"publish","type":"product","link":"https:\/\/www.headshop.nl\/it\/auto-amnesia-haze\/","title":{"rendered":"Auto Amnesia Haze - Semi Vision"},"content":{"rendered":"<h2>Auto Amnesia Haze Semi di cannabis da Vision Seeds<\/h2>\n<p>Wow! Questi semi di cannabis Auto Amnesia Haze di Vision Seeds sono il sogno di un coltivatore automatico. Un incrocio tra un'intensa Sativa, la variet\u00e0 Amnesia Haze e la Ruderalis, questa piccola signora racchiude un'enorme potenza con rese all'altezza delle sue incredibili caratteristiche.<\/p>\n<p>A volte, un coltivatore vuole solo prendersi un giorno di riposo. La Amnesia Haze \u00e8 nota per essere una delle variet\u00e0 autofiorenti pi\u00f9 produttive in circolazione, ma questo non significa che dobbiate impegnarvi tanto quanto lei. Con i semi di cannabis Auto AMNESIA HAZE di Vision Seeds, \u00e8 finalmente possibile per i coltivatori con un'agenda fitta di impegni godersi un po' d'erba senza stressarsi per ci\u00f2 che deve essere fatto dopo! Otterrete raccolti sani da questa piccola pianta e una spettacolare produzione di resina, il tutto con un basso impegno di tempo. Grande variet\u00e0.<\/p>","protected":false},"excerpt":{"rendered":"<p>I semi di cannabis Vision Seeds Amnesia Haze Auto sono i preferiti della nostra coltivazione outdoor! Altro fumo pazzesco e degno di essere fumato con un incredibile high da Sativa. Date un'occhiata a questi semi di cannabis auto di Vision Seeds, se volete fumare erba di alta qualit\u00e0 che cresce automaticamente!<\/p>","protected":false},"featured_media":37278,"template":"","meta":[],"product_brand":[],"product_cat":[950,297,466,470,465],"product_tag":[],"class_list":{"0":"post-37206","1":"product","2":"type-product","3":"status-publish","4":"has-post-thumbnail","6":"product_cat-vision-seeds","7":"product_cat-all-products","8":"product_cat-autoflowering-seeds","9":"product_cat-high-thc-seeds","10":"product_cat-seedshop","11":"product_shipping_class-creditcard-on","13":"first","14":"instock","15":"taxable","16":"shipping-taxable","17":"purchasable","18":"product-type-variable","19":"has-default-attributes"},"_links":{"self":[{"href":"https:\/\/www.headshop.nl\/it\/wp-json\/wp\/v2\/product\/37206","targetHints":{"allow":["GET"]}}],"collection":[{"href":"https:\/\/www.headshop.nl\/it\/wp-json\/wp\/v2\/product"}],"about":[{"href":"https:\/\/www.headshop.nl\/it\/wp-json\/wp\/v2\/types\/product"}],"wp:featuredmedia":[{"embeddable":true,"href":"https:\/\/www.headshop.nl\/it\/wp-json\/wp\/v2\/media\/37278"}],"wp:attachment":[{"href":"https:\/\/www.headshop.nl\/it\/wp-json\/wp\/v2\/media?parent=37206"}],"wp:term":[{"taxonomy":"product_brand","embeddable":true,"href":"https:\/\/www.headshop.nl\/it\/wp-json\/wp\/v2\/product_brand?post=37206"},{"taxonomy":"product_cat","embeddable":true,"href":"https:\/\/www.headshop.nl\/it\/wp-json\/wp\/v2\/product_cat?post=37206"},{"taxonomy":"product_tag","embeddable":true,"href":"https:\/\/www.headshop.nl\/it\/wp-json\/wp\/v2\/product_tag?post=37206"}],"curies":[{"name":"wp","href":"https:\/\/api.w.org\/{rel}","templated":true}]}}