{"id":37198,"date":"2021-09-28T11:55:37","date_gmt":"2021-09-28T11:55:37","guid":{"rendered":"https:\/\/www.headshop.nl\/?post_type=product&#038;p=37198"},"modified":"2026-02-19T01:26:18","modified_gmt":"2026-02-19T01:26:18","slug":"aphrodite-sex-herbs","status":"publish","type":"product","link":"https:\/\/www.headshop.nl\/it\/aphrodite-sex-herbs\/","title":{"rendered":"Aphrodite Sex Herbs"},"content":{"rendered":"<h2>Che cos'\u00e8 la miscela Aphrodite?<\/h2>\n<p>Il Mix Aphrodite di Indian Elements \u00e8 una miscela di erbe attentamente studiata per migliorare naturalmente l'intimit\u00e0, aumentare la libido e favorire il rilassamento. Presenta cinque potenti ingredienti-Damiana, trifoglio rosso, menta, calendula e fiori d'arancio, che lavorano insieme per fornire un'esperienza rilassante ma stimolante. Questa miscela \u00e8 ideale per chi desidera migliorare il benessere sessuale, elevare l'umore e creare un senso di euforia e benessere.<\/p>\n<p>L'Damiana, l'ingrediente chiave di questa miscela, \u00e8 noto per i suoi effetti afrodisiaci, storicamente utilizzati per aumentare la libido e stimolare il desiderio. Il trifoglio rosso e i fiori d'arancio apportano delicate note floreali, contribuendo alle qualit\u00e0 calmanti della miscela. La menta fornisce un'esplosione rinfrescante, migliorando l'esperienza sensoriale, mentre la calendula aggiunge un tocco calmante. Questa miscela \u00e8 perfetta per chi cerca un modo naturale e olistico per migliorare le proprie esperienze intime e l'umore generale.<\/p>\n<h2>Storia della miscela Aphrodite<\/h2>\n<p>Ispirata all'antica dea greca dell'amore, della bellezza e della sessualit\u00e0, Aphrodite, questa miscela porta con s\u00e9 una ricca tradizione di rimedi erboristici usati per migliorare l'amore e l'intimit\u00e0. Nell'antichit\u00e0, le persone offrivano tributi a Aphrodite nella speranza di migliorare la propria vita sentimentale e fisica. Le erbe contenute nella miscela Aphrodite hanno un significato storico: la Damiana \u00e8 stata usata per secoli in America centrale e meridionale come afrodisiaco naturale per stimolare il desiderio e aumentare l'energia.<\/p>\n<p>Il trifoglio rosso e i fiori d'arancio sono stati a lungo utilizzati nelle pozioni d'amore per le loro qualit\u00e0 calmanti e sensuali, mentre la menta \u00e8 stata un simbolo di vitalit\u00e0, spesso utilizzata per esaltare i sensi. Queste erbe sono ora combinate per creare una miscela che non solo migliora l'intimit\u00e0, ma promuove anche il rilassamento e un senso di euforia. Il Mix Aphrodite continua la tradizione dell'uso dei doni della natura per migliorare i legami romantici, offrendo una soluzione moderna per migliorare l'intimit\u00e0 in modo naturale.<\/p>\n<h2>Come utilizzare la miscela Aphrodite<\/h2>\n<p>Per godere appieno dei benefici della miscela Aphrodite, si consiglia di preparare una tisana forte. \u00c8 sufficiente mettere in infusione un grammo di miscela in acqua calda per 5-10 minuti, consentendo alle erbe di rilasciare i loro potenti aromi e le loro propriet\u00e0 terapeutiche. Il t\u00e8 cos\u00ec ottenuto \u00e8 rinfrescante e rilassante, perfetto per rilassarsi e migliorare la serata.<\/p>\n<p>Per un'esperienza memorabile, condividete il t\u00e8 con il vostro partner o con gli amici, poich\u00e9 la miscela \u00e8 studiata per migliorare l'umore e favorire l'intimit\u00e0. Le propriet\u00e0 afrodisiache della miscela, unite alla sua capacit\u00e0 di favorire il rilassamento, possono creare le premesse per una serata euforica e appassionata. \u00c8 importante usare la miscela Aphrodite con moderazione: un grammo al giorno \u00e8 la dose consigliata per evitare effetti eccessivi. In questo modo si ottiene il massimo da questa potente miscela di erbe nelle occasioni speciali.<\/p>\n<h2>Ingredienti della miscela Aphrodite<\/h2>\n<p>La miscela Aphrodite combina cinque erbe naturali, accuratamente selezionate, note per i loro effetti stimolanti, calmanti e di miglioramento dell'umore. L'Damiana, l'ingrediente principale, \u00e8 ampiamente riconosciuto per le sue propriet\u00e0 afrodisiache, essendo stato usato per secoli per aumentare il desiderio sessuale e migliorare i livelli di energia. Il trifoglio rosso \u00e8 aggiunto per le sue qualit\u00e0 calmanti, che favoriscono la salute generale e promuovono un atteggiamento calmo. La menta migliora l'esperienza sensoriale, aggiungendo un tocco rinfrescante che rinvigorisce la mente e il corpo.<\/p>\n<p>La calendula offre ulteriori propriet\u00e0 calmanti e rilassanti, migliorando ulteriormente l'esperienza complessiva. I fiori d'arancio completano la miscela con una fragranza dolce e floreale che favorisce la tranquillit\u00e0 e la sensualit\u00e0. Insieme, questi ingredienti creano una formula potente in grado di migliorare l'esperienza intima e il benessere generale. Questa miscela naturale e vegana 100% \u00e8 priva di additivi artificiali e offre un modo sicuro e olistico per aumentare l'umore e migliorare l'intimit\u00e0.<\/p>\n<p><strong>Attenzione:<\/strong><\/p>\n<p>Non utilizzare se si hanno meno di 18 anni. Tenere fuori dalla portata dei bambini. Non \u00e8 raccomandato a persone con problemi renali o cardiaci, pressione alta o bassa, diabete o che fanno uso di farmaci, alcol o droghe. Questo prodotto non \u00e8 un farmaco e non deve essere usato come tale. \u00c8 un integratore alimentare e deve essere usato di conseguenza. Non acquistare se il sigillo \u00e8 rotto.<\/p>","protected":false},"excerpt":{"rendered":"<p>Indian Elements' Aphrodite Mix \u00e8 una miscela di erbe di prima qualit\u00e0 studiata per migliorare l'intimit\u00e0, aumentare la libido ed elevare l'umore. Composta da Damiana, trifoglio rosso, menta, calendula e fiori d'arancio, questa miscela offre stimolazione, rilassamento ed euforia naturali. Perfetta per creare l'atmosfera per una serata appassionata, combina il potere di erbe secolari per rinvigorire i sensi e migliorare il benessere generale.<\/p>","protected":false},"featured_media":82145,"template":"","meta":[],"product_brand":[],"product_cat":[389,297,395,457,814,396,405,705,384],"product_tag":[],"class_list":{"0":"post-37198","1":"product","2":"type-product","3":"status-publish","4":"has-post-thumbnail","6":"product_cat-herbs","7":"product_cat-all-products","8":"product_cat-aphrodisiacs","9":"product_cat-herbs-healthshop","10":"product_cat-indian-elements","11":"product_cat-relax","12":"product_cat-relax-herbs","13":"product_cat-sex-shop","14":"product_cat-smartshop","16":"first","17":"instock","18":"taxable","19":"shipping-taxable","20":"purchasable","21":"product-type-variable","22":"has-default-attributes"},"_links":{"self":[{"href":"https:\/\/www.headshop.nl\/it\/wp-json\/wp\/v2\/product\/37198","targetHints":{"allow":["GET"]}}],"collection":[{"href":"https:\/\/www.headshop.nl\/it\/wp-json\/wp\/v2\/product"}],"about":[{"href":"https:\/\/www.headshop.nl\/it\/wp-json\/wp\/v2\/types\/product"}],"wp:featuredmedia":[{"embeddable":true,"href":"https:\/\/www.headshop.nl\/it\/wp-json\/wp\/v2\/media\/82145"}],"wp:attachment":[{"href":"https:\/\/www.headshop.nl\/it\/wp-json\/wp\/v2\/media?parent=37198"}],"wp:term":[{"taxonomy":"product_brand","embeddable":true,"href":"https:\/\/www.headshop.nl\/it\/wp-json\/wp\/v2\/product_brand?post=37198"},{"taxonomy":"product_cat","embeddable":true,"href":"https:\/\/www.headshop.nl\/it\/wp-json\/wp\/v2\/product_cat?post=37198"},{"taxonomy":"product_tag","embeddable":true,"href":"https:\/\/www.headshop.nl\/it\/wp-json\/wp\/v2\/product_tag?post=37198"}],"curies":[{"name":"wp","href":"https:\/\/api.w.org\/{rel}","templated":true}]}}