{"id":37196,"date":"2021-09-28T11:47:41","date_gmt":"2021-09-28T11:47:41","guid":{"rendered":"https:\/\/www.headshop.nl\/?post_type=product&#038;p=37196"},"modified":"2025-01-31T11:21:00","modified_gmt":"2025-01-31T11:21:00","slug":"muira-puama-capsules","status":"publish","type":"product","link":"https:\/\/www.headshop.nl\/it\/muira-puama-capsules\/","title":{"rendered":"Muira Puama Capsules"},"content":{"rendered":"<h2 data-pm-slice=\"1 1 []\">Che cos'\u00e8 l'Muira Puama?<\/h2>\n<p>Muira Puama \u00e8 un albero tropicale originario della foresta amazzonica brasiliana. Per secoli, la sua corteccia e le sue radici sono state utilizzate dalle comunit\u00e0 indigene per supportare varie esigenze di salute, in particolare per migliorare la vitalit\u00e0 sessuale. Comunemente noto come \"Potency Wood\", l'Muira Puama \u00e8 famoso per i suoi effetti afrodisiaci e per la sua capacit\u00e0 di promuovere energia e resistenza.<\/p>\n<p>Questo rimedio botanico \u00e8 stato riconosciuto in tutto il mondo per il suo potenziale di miglioramento della libido, rendendolo un integratore naturale popolare per chi cerca di migliorare il proprio benessere intimo. Oltre ai benefici per la salute sessuale, Muira Puama \u00e8 apprezzato anche per la sua capacit\u00e0 di ridurre lo stress e sostenere la salute delle articolazioni. Se cercate una spinta energetica, un sollievo dallo stress o un miglioramento della vitalit\u00e0 generale, Muira Puama potrebbe essere la scelta naturale ideale.<\/p>\n<h2>La storia di Muira Puama<\/h2>\n<p>La Muira Puama ha una ricca storia di utilizzo tra le trib\u00f9 amazzoniche, che da tempo si affidano alla sua corteccia e alle sue radici per scopi medicinali. Queste comunit\u00e0 usavano la pianta principalmente per sostenere le funzioni e le prestazioni sessuali, ma era anche apprezzata per il suo ruolo nel ridurre l'affaticamento e migliorare la salute del sistema nervoso.<\/p>\n<p>Con la diffusione dei benefici dell'Muira Puama, nel XIX secolo esploratori ed erboristi europei iniziarono a studiare le propriet\u00e0 della pianta. Oggi \u00e8 un ingrediente chiave di molti integratori naturali per migliorare la libido, aumentare l'energia e sostenere le funzioni cognitive. La sua reputazione di potente afrodisiaco continua a renderla una scelta privilegiata per chi \u00e8 alla ricerca di metodi naturali per migliorare le proprie esperienze intime.<\/p>\n<h2>Come utilizzare l'Muira Puama<\/h2>\n<p>Muira Puama si trova pi\u00f9 comunemente sotto forma di capsule per un facile consumo. Il dosaggio consigliato \u00e8 di una capsula per assunzione, da assumere con un bicchiere d'acqua. Per ottenere risultati ottimali, si consiglia di integrare la Muira Puama in una routine quotidiana di benessere.<\/p>\n<p>Questo integratore \u00e8 adatto sia agli uomini che alle donne che cercano un approccio naturale per migliorare la libido e la vitalit\u00e0 generale. Mentre alcuni individui possono avvertire gli effetti rapidamente, altri possono notare miglioramenti graduali nel tempo. L'Muira Puama viene comunemente abbinato ad altri integratori a base di erbe, come l'Damiana, per potenziarne i benefici.<\/p>\n<p>Oltre alle sue propriet\u00e0 afrodisiache, Muira Puama \u00e8 riconosciuto anche per il suo potenziale di alleviare lo stress e i lievi disturbi articolari. Come per qualsiasi integratore alimentare, \u00e8 essenziale seguire il dosaggio consigliato e consultare un operatore sanitario in caso di dubbi sull'uso.<\/p>\n<h2>Ingredienti di Muira Puama<\/h2>\n<p>Le capsule Indian Elements' Muira Puama contengono un unico principio attivo:<\/p>\n<ul data-spread=\"false\">\n<li><strong>Ptychopetalum Olacoides<\/strong> (estratto Muira Puama)<\/li>\n<\/ul>\n<p>Questa formulazione pura e naturale assicura che gli utenti ricevano tutti i benefici di Muira Puama senza additivi inutili. Indian Elements si dedica a fornire prodotti erboristici di alta qualit\u00e0 che sono 100% naturali e vegani, il che li rende una scelta perfetta per chi cerca soluzioni per la salute a base vegetale.<\/p>\n<p>&nbsp;<\/p>\n<p><strong>Attenzione:<\/strong><br \/>\nQuesto prodotto \u00e8 destinato a persone di et\u00e0 superiore ai 18 anni. Tenere fuori dalla portata dei bambini. Muira Puama \u00e8 un inibitore delle MAO e non deve essere utilizzato da soggetti con patologie renali o cardiache, pressione alta o bassa, diabete o sotto l'effetto di farmaci, droghe o alcol. Questo \u00e8 un integratore alimentare e deve essere usato di conseguenza. Non utilizzare se il sigillo \u00e8 rotto.<\/p>\n<p>&nbsp;<\/p>","protected":false},"excerpt":{"rendered":"<p data-pm-slice=\"1 1 []\">Sfruttate i benefici naturali di Muira Puama! Questo potente integratore a base di erbe \u00e8 stato tradizionalmente utilizzato per sostenere la libido, migliorare le prestazioni sessuali e promuovere il benessere generale. Adatte sia agli uomini che alle donne, queste comode capsule offrono un modo naturale per potenziare il corpo e la mente.<\/p>","protected":false},"featured_media":82151,"template":"","meta":[],"product_brand":[],"product_cat":[457,297,395,389,814,396,405,705,384],"product_tag":[],"class_list":{"0":"post-37196","1":"product","2":"type-product","3":"status-publish","4":"has-post-thumbnail","6":"product_cat-herbs-healthshop","7":"product_cat-all-products","8":"product_cat-aphrodisiacs","9":"product_cat-herbs","10":"product_cat-indian-elements","11":"product_cat-relax","12":"product_cat-relax-herbs","13":"product_cat-sex-shop","14":"product_cat-smartshop","16":"first","17":"instock","18":"taxable","19":"shipping-taxable","20":"purchasable","21":"product-type-variable","22":"has-default-attributes"},"_links":{"self":[{"href":"https:\/\/www.headshop.nl\/it\/wp-json\/wp\/v2\/product\/37196","targetHints":{"allow":["GET"]}}],"collection":[{"href":"https:\/\/www.headshop.nl\/it\/wp-json\/wp\/v2\/product"}],"about":[{"href":"https:\/\/www.headshop.nl\/it\/wp-json\/wp\/v2\/types\/product"}],"wp:featuredmedia":[{"embeddable":true,"href":"https:\/\/www.headshop.nl\/it\/wp-json\/wp\/v2\/media\/82151"}],"wp:attachment":[{"href":"https:\/\/www.headshop.nl\/it\/wp-json\/wp\/v2\/media?parent=37196"}],"wp:term":[{"taxonomy":"product_brand","embeddable":true,"href":"https:\/\/www.headshop.nl\/it\/wp-json\/wp\/v2\/product_brand?post=37196"},{"taxonomy":"product_cat","embeddable":true,"href":"https:\/\/www.headshop.nl\/it\/wp-json\/wp\/v2\/product_cat?post=37196"},{"taxonomy":"product_tag","embeddable":true,"href":"https:\/\/www.headshop.nl\/it\/wp-json\/wp\/v2\/product_tag?post=37196"}],"curies":[{"name":"wp","href":"https:\/\/api.w.org\/{rel}","templated":true}]}}