{"id":37184,"date":"2021-09-28T10:00:30","date_gmt":"2021-09-28T10:00:30","guid":{"rendered":"https:\/\/www.headshop.nl\/?post_type=product&#038;p=37184"},"modified":"2022-06-27T08:06:36","modified_gmt":"2022-06-27T08:06:36","slug":"venicon-for-women","status":"publish","type":"product","link":"https:\/\/www.headshop.nl\/it\/venicon-for-women\/","title":{"rendered":"Venicon per le donne"},"content":{"rendered":"<h2 class=\"product_title entry-title\">Venicon Pillole di sesso per le donne<\/h2>\n<p>Per decenni il piacere sessuale femminile \u00e8 stato trascurato dai pi\u00f9. Perch\u00e9? Nessuno sembra saperlo! Con i sex toys per coppie che stanno conquistando la camera da letto e una nuova generazione che si concentra sull'esplorazione della propria sessualit\u00e0 senza vergogna, questo non \u00e8 pi\u00f9 un problema. Infatti, \u00e8 ora che le donne prendano in mano la situazione con Venicon for Women. Questa potente pillola vi dar\u00e0 fiducia nel vostro corpo e nella vostra vita sessuale, per non parlare dell'aumento del flusso sanguigno, della soddisfazione e del piacere di ogni esperienza!<\/p>\n<p>Si tratta di un prodotto straordinario che potrebbe essere il vostro prossimo grande brivido. Sappiate che tutti questi ingredienti sono stati pensati per stimolare il piacere sessuale in ogni punto possibile. Piccante e dolce, con tanto di liquore, questa pozione magica pu\u00f2 aiutare a liberare molto pi\u00f9 del vostro lato selvaggio!<\/p>","protected":false},"excerpt":{"rendered":"<p>La salute e la felicit\u00e0 della vostra vita sessuale sono importanti, ed \u00e8 per questo che vi offriamo un nuovo prodotto sul mercato. Venicon per le donne utilizza ingredienti completamente naturali provenienti da tutto il mondo per aiutare a creare l'atmosfera e assicurarsi di sentirsi a proprio agio fisicamente. Godetevi l'esplosione di lussuria di Venicon!<\/p>","protected":false},"featured_media":37153,"template":"","meta":[],"product_brand":[],"product_cat":[395,297,705,384],"product_tag":[],"class_list":{"0":"post-37184","1":"product","2":"type-product","3":"status-publish","4":"has-post-thumbnail","6":"product_cat-aphrodisiacs","7":"product_cat-all-products","8":"product_cat-sex-shop","9":"product_cat-smartshop","11":"first","12":"instock","13":"taxable","14":"shipping-taxable","15":"purchasable","16":"product-type-simple"},"_links":{"self":[{"href":"https:\/\/www.headshop.nl\/it\/wp-json\/wp\/v2\/product\/37184","targetHints":{"allow":["GET"]}}],"collection":[{"href":"https:\/\/www.headshop.nl\/it\/wp-json\/wp\/v2\/product"}],"about":[{"href":"https:\/\/www.headshop.nl\/it\/wp-json\/wp\/v2\/types\/product"}],"wp:featuredmedia":[{"embeddable":true,"href":"https:\/\/www.headshop.nl\/it\/wp-json\/wp\/v2\/media\/37153"}],"wp:attachment":[{"href":"https:\/\/www.headshop.nl\/it\/wp-json\/wp\/v2\/media?parent=37184"}],"wp:term":[{"taxonomy":"product_brand","embeddable":true,"href":"https:\/\/www.headshop.nl\/it\/wp-json\/wp\/v2\/product_brand?post=37184"},{"taxonomy":"product_cat","embeddable":true,"href":"https:\/\/www.headshop.nl\/it\/wp-json\/wp\/v2\/product_cat?post=37184"},{"taxonomy":"product_tag","embeddable":true,"href":"https:\/\/www.headshop.nl\/it\/wp-json\/wp\/v2\/product_tag?post=37184"}],"curies":[{"name":"wp","href":"https:\/\/api.w.org\/{rel}","templated":true}]}}