{"id":37182,"date":"2021-09-28T09:55:38","date_gmt":"2021-09-28T09:55:38","guid":{"rendered":"https:\/\/www.headshop.nl\/?post_type=product&#038;p=37182"},"modified":"2023-12-04T07:26:30","modified_gmt":"2023-12-04T07:26:30","slug":"camagra-for-women","status":"publish","type":"product","link":"https:\/\/www.headshop.nl\/it\/camagra-for-women\/","title":{"rendered":"Camagra per donna"},"content":{"rendered":"<h2 class=\"product_title entry-title\">Camagra Pillole di sesso per le donne<\/h2>\n<p>Ora sei tu la star dello spettacolo con Camagra per donna! Preparatevi a urlare il suo nome, perch\u00e9 ora il vostro corpo \u00e8 pronto ad accogliere ogni centimetro! Ad ogni tocco, il vostro piacere viene amplificato e intensificato. Non \u00e8 questo che volete?<\/p>\n<p>Camagra per le donne \u00e8 uno stimolante sessuale a base di erbe super-efficace che aiuta ad aumentare le probabilit\u00e0 di un orgasmo intenso durante il sesso! La formula organica stimola naturalmente il flusso sanguigno erogeno rendendovi sensibili ed eccitate. In modo dolce ma molto profondo, gemerete di piacere mentre l'eccitazione si fa strada dentro di voi.<\/p>","protected":false},"excerpt":{"rendered":"<p>Fin dalla sua nascita, Camagra for Women \u00e8 stato uno dei pi\u00f9 popolari stimolatori sessuali naturali per le donne. La formula a base di erbe \u00e8 un modo intelligente e innovativo per ottenere un maggiore piacere dal sesso con il partner o semplicemente nel proprio tempo libero, come mai prima d'ora!<\/p>","protected":false},"featured_media":37149,"template":"","meta":[],"product_brand":[],"product_cat":[395,297,705,384],"product_tag":[],"class_list":{"0":"post-37182","1":"product","2":"type-product","3":"status-publish","4":"has-post-thumbnail","6":"product_cat-aphrodisiacs","7":"product_cat-all-products","8":"product_cat-sex-shop","9":"product_cat-smartshop","11":"first","12":"instock","13":"taxable","14":"shipping-taxable","15":"purchasable","16":"product-type-simple"},"_links":{"self":[{"href":"https:\/\/www.headshop.nl\/it\/wp-json\/wp\/v2\/product\/37182","targetHints":{"allow":["GET"]}}],"collection":[{"href":"https:\/\/www.headshop.nl\/it\/wp-json\/wp\/v2\/product"}],"about":[{"href":"https:\/\/www.headshop.nl\/it\/wp-json\/wp\/v2\/types\/product"}],"wp:featuredmedia":[{"embeddable":true,"href":"https:\/\/www.headshop.nl\/it\/wp-json\/wp\/v2\/media\/37149"}],"wp:attachment":[{"href":"https:\/\/www.headshop.nl\/it\/wp-json\/wp\/v2\/media?parent=37182"}],"wp:term":[{"taxonomy":"product_brand","embeddable":true,"href":"https:\/\/www.headshop.nl\/it\/wp-json\/wp\/v2\/product_brand?post=37182"},{"taxonomy":"product_cat","embeddable":true,"href":"https:\/\/www.headshop.nl\/it\/wp-json\/wp\/v2\/product_cat?post=37182"},{"taxonomy":"product_tag","embeddable":true,"href":"https:\/\/www.headshop.nl\/it\/wp-json\/wp\/v2\/product_tag?post=37182"}],"curies":[{"name":"wp","href":"https:\/\/api.w.org\/{rel}","templated":true}]}}