{"id":37180,"date":"2021-09-28T09:52:14","date_gmt":"2021-09-28T09:52:14","guid":{"rendered":"https:\/\/www.headshop.nl\/?post_type=product&#038;p=37180"},"modified":"2023-12-04T07:26:41","modified_gmt":"2023-12-04T07:26:41","slug":"camagra-for-men","status":"publish","type":"product","link":"https:\/\/www.headshop.nl\/it\/camagra-for-men\/","title":{"rendered":"Camagra per Men"},"content":{"rendered":"<h2 class=\"product_title entry-title\">Pillole di sesso Camagra per Men<\/h2>\n<p>Volete portare la vostra vita sentimentale al livello successivo? Forse sentite che c'\u00e8 qualcosa che non va, ma che vi sfugge. Cosa potrebbe mancare? Beh, gli studi dimostrano che un sano impulso sessuale \u00e8 essenziale sia per gli uomini che per le donne: chi vuole una sessione di sesso in camera da letto non appagante?! Il nostro consiglio personale: Camagra per Men!<\/p>\n<p>Pu\u00f2 aiutare a evitare la disfunzione erettile e ad aumentare la libido, in modo da godere dell'esperienza pi\u00f9 che mai. Con un'attenta ingestione di questi semplici ingredienti, il flusso sanguigno in tutto il corpo aumenter\u00e0, cos\u00ec come il rilassamento mentale. Il risultato: prestazioni sessuali migliori e soddisfazione finale!<\/p>\n<p>Se quello che cercate \u00e8 una maggiore intimit\u00e0, fatevi un favore e iniziate a usare l'Camagra.<\/p>","protected":false},"excerpt":{"rendered":"<p>\u00c8 ora di prendere in mano la situazione. Sapere cosa fare per ottenere il meglio non \u00e8 mai stato cos\u00ec facile! Questo prodotto aiuter\u00e0 il vostro corpo, la vostra mente e la vostra libido a lavorare insieme in modo pi\u00f9 efficiente, in modo che possiate vivere un'esperienza straordinaria senza intoppi!<\/p>","protected":false},"featured_media":37155,"template":"","meta":[],"product_brand":[],"product_cat":[395,297,705,384],"product_tag":[],"class_list":{"0":"post-37180","1":"product","2":"type-product","3":"status-publish","4":"has-post-thumbnail","6":"product_cat-aphrodisiacs","7":"product_cat-all-products","8":"product_cat-sex-shop","9":"product_cat-smartshop","11":"first","12":"instock","13":"taxable","14":"shipping-taxable","15":"purchasable","16":"product-type-simple"},"_links":{"self":[{"href":"https:\/\/www.headshop.nl\/it\/wp-json\/wp\/v2\/product\/37180","targetHints":{"allow":["GET"]}}],"collection":[{"href":"https:\/\/www.headshop.nl\/it\/wp-json\/wp\/v2\/product"}],"about":[{"href":"https:\/\/www.headshop.nl\/it\/wp-json\/wp\/v2\/types\/product"}],"wp:featuredmedia":[{"embeddable":true,"href":"https:\/\/www.headshop.nl\/it\/wp-json\/wp\/v2\/media\/37155"}],"wp:attachment":[{"href":"https:\/\/www.headshop.nl\/it\/wp-json\/wp\/v2\/media?parent=37180"}],"wp:term":[{"taxonomy":"product_brand","embeddable":true,"href":"https:\/\/www.headshop.nl\/it\/wp-json\/wp\/v2\/product_brand?post=37180"},{"taxonomy":"product_cat","embeddable":true,"href":"https:\/\/www.headshop.nl\/it\/wp-json\/wp\/v2\/product_cat?post=37180"},{"taxonomy":"product_tag","embeddable":true,"href":"https:\/\/www.headshop.nl\/it\/wp-json\/wp\/v2\/product_tag?post=37180"}],"curies":[{"name":"wp","href":"https:\/\/api.w.org\/{rel}","templated":true}]}}