{"id":37178,"date":"2021-09-28T09:23:59","date_gmt":"2021-09-28T09:23:59","guid":{"rendered":"https:\/\/www.headshop.nl\/?post_type=product&#038;p=37178"},"modified":"2022-06-27T08:07:38","modified_gmt":"2022-06-27T08:07:38","slug":"black-stone-spray","status":"publish","type":"product","link":"https:\/\/www.headshop.nl\/it\/black-stone-spray\/","title":{"rendered":"Black Stone Spray"},"content":{"rendered":"<h2 class=\"product_title entry-title\">Black Stone Spray<\/h2>\n<p>Che si tratti di un giovane uomo che vuole assicurarsi di durare pi\u00f9 a lungo, di un signore pi\u00f9 anziano che vuole ritrovare la giovinezza della sua abilit\u00e0 sessuale o anche di qualcuno che soffre di disfunzione erettile, questo spray potrebbe essere esattamente quello che stavate cercando. Black Stone Spray \u00e8 perfetto per gli uomini che vogliono usarlo solo quando ne hanno bisogno e massimizzare ogni singolo minuto, aumentando il livello di sensibilit\u00e0 durante questi minuti.<\/p>\n<p>I produttori di Black Stone Spray vi coprono, indipendentemente dal tempo che volete dedicare al lavoro. Le persone amano avere rapporti sessuali di lunga durata e questo spray permette loro di farlo, perch\u00e9 le aiuta a ritardare l'orgasmo. Lo spray \u00e8 100% naturale e sicuro per l'uso sulle zone intime, quindi cosa state aspettando? Provate questo prodotto oggi stesso!<\/p>","protected":false},"excerpt":{"rendered":"<p>\u00c8 come avere una chiave di riserva che dura quanto volete. Con questa soluzione altamente efficace e completamente naturale, potrete rallentare le cose in qualsiasi situazione! Basta applicarlo sull'asta o sul colletto prima che le cose si scaldino per avere un climax ancora pi\u00f9 forte al momento giusto!<\/p>","protected":false},"featured_media":37159,"template":"","meta":[],"product_brand":[],"product_cat":[395,297,705,384],"product_tag":[],"class_list":{"0":"post-37178","1":"product","2":"type-product","3":"status-publish","4":"has-post-thumbnail","6":"product_cat-aphrodisiacs","7":"product_cat-all-products","8":"product_cat-sex-shop","9":"product_cat-smartshop","11":"first","12":"instock","13":"taxable","14":"shipping-taxable","15":"purchasable","16":"product-type-simple"},"_links":{"self":[{"href":"https:\/\/www.headshop.nl\/it\/wp-json\/wp\/v2\/product\/37178","targetHints":{"allow":["GET"]}}],"collection":[{"href":"https:\/\/www.headshop.nl\/it\/wp-json\/wp\/v2\/product"}],"about":[{"href":"https:\/\/www.headshop.nl\/it\/wp-json\/wp\/v2\/types\/product"}],"wp:featuredmedia":[{"embeddable":true,"href":"https:\/\/www.headshop.nl\/it\/wp-json\/wp\/v2\/media\/37159"}],"wp:attachment":[{"href":"https:\/\/www.headshop.nl\/it\/wp-json\/wp\/v2\/media?parent=37178"}],"wp:term":[{"taxonomy":"product_brand","embeddable":true,"href":"https:\/\/www.headshop.nl\/it\/wp-json\/wp\/v2\/product_brand?post=37178"},{"taxonomy":"product_cat","embeddable":true,"href":"https:\/\/www.headshop.nl\/it\/wp-json\/wp\/v2\/product_cat?post=37178"},{"taxonomy":"product_tag","embeddable":true,"href":"https:\/\/www.headshop.nl\/it\/wp-json\/wp\/v2\/product_tag?post=37178"}],"curies":[{"name":"wp","href":"https:\/\/api.w.org\/{rel}","templated":true}]}}