{"id":37043,"date":"2021-09-28T08:00:28","date_gmt":"2021-09-28T08:00:28","guid":{"rendered":"https:\/\/www.headshop.nl\/?post_type=product&#038;p=37043"},"modified":"2022-06-27T08:07:51","modified_gmt":"2022-06-27T08:07:51","slug":"cola-spanish-fly","status":"publish","type":"product","link":"https:\/\/www.headshop.nl\/it\/cola-spanish-fly\/","title":{"rendered":"Cola Spanish Fly"},"content":{"rendered":"<h2><span data-sheets-value=\"{&quot;1&quot;:2,&quot;2&quot;:&quot;Cola&quot;}\" data-sheets-userformat=\"{&quot;2&quot;:6723,&quot;3&quot;:{&quot;1&quot;:0},&quot;4&quot;:{&quot;1&quot;:2,&quot;2&quot;:16777215},&quot;9&quot;:0,&quot;12&quot;:0,&quot;14&quot;:{&quot;1&quot;:2,&quot;2&quot;:0},&quot;15&quot;:&quot;Arial&quot;}\">Cola <\/span>Gusto Spanish Fly<\/h2>\n<p>L'Spanish Fly \u00e8 la pozione d'amore pi\u00f9 popolare oggi disponibile e occupa un posto speciale nella storia come uno dei pi\u00f9 antichi afrodisiaci registrati. Con l'Spanish Fly al vostro fianco vi sentirete eccitati, sicuri di voi stessi e pronti ad affrontare qualsiasi cosa sotto il sole.<\/p>\n<p>\u00c8 arrivato il momento di cambiare il vostro status quo sessuale e di iniziare a fare sesso meglio di quanto avreste mai potuto sognare. Spanish Fly \u00e8 l'afrodisiaco naturale alternativo perfetto, che trasformer\u00e0 il vostro modo di vedere le cose in camera da letto e salver\u00e0 la vostra relazione dal crollo prima ancora di iniziare.<\/p>","protected":false},"excerpt":{"rendered":"<p>Ora disponibile nel gusto cola, la formula di Spanish Fly \u00e8 semplice ma molto efficace. Aggiungete una piccola goccia di questo stimolatore della libido alla vostra bevanda e a quella del vostro partner e vedrete le loro reazioni cambiare in meglio! Aggiungete la scorza al vostro drink preferito per rendere pi\u00f9 piccante la vostra serata!<\/p>","protected":false},"featured_media":37094,"template":"","meta":[],"product_brand":[],"product_cat":[395,297,705,384,718],"product_tag":[],"class_list":{"0":"post-37043","1":"product","2":"type-product","3":"status-publish","4":"has-post-thumbnail","6":"product_cat-aphrodisiacs","7":"product_cat-all-products","8":"product_cat-sex-shop","9":"product_cat-smartshop","10":"product_cat-spanish-fly","12":"first","13":"instock","14":"taxable","15":"shipping-taxable","16":"purchasable","17":"product-type-simple"},"_links":{"self":[{"href":"https:\/\/www.headshop.nl\/it\/wp-json\/wp\/v2\/product\/37043","targetHints":{"allow":["GET"]}}],"collection":[{"href":"https:\/\/www.headshop.nl\/it\/wp-json\/wp\/v2\/product"}],"about":[{"href":"https:\/\/www.headshop.nl\/it\/wp-json\/wp\/v2\/types\/product"}],"wp:featuredmedia":[{"embeddable":true,"href":"https:\/\/www.headshop.nl\/it\/wp-json\/wp\/v2\/media\/37094"}],"wp:attachment":[{"href":"https:\/\/www.headshop.nl\/it\/wp-json\/wp\/v2\/media?parent=37043"}],"wp:term":[{"taxonomy":"product_brand","embeddable":true,"href":"https:\/\/www.headshop.nl\/it\/wp-json\/wp\/v2\/product_brand?post=37043"},{"taxonomy":"product_cat","embeddable":true,"href":"https:\/\/www.headshop.nl\/it\/wp-json\/wp\/v2\/product_cat?post=37043"},{"taxonomy":"product_tag","embeddable":true,"href":"https:\/\/www.headshop.nl\/it\/wp-json\/wp\/v2\/product_tag?post=37043"}],"curies":[{"name":"wp","href":"https:\/\/api.w.org\/{rel}","templated":true}]}}