{"id":37038,"date":"2021-09-28T07:38:27","date_gmt":"2021-09-28T07:38:27","guid":{"rendered":"https:\/\/www.headshop.nl\/?post_type=product&#038;p=37038"},"modified":"2022-06-27T08:07:53","modified_gmt":"2022-06-27T08:07:53","slug":"rush-herbal-popper","status":"publish","type":"product","link":"https:\/\/www.headshop.nl\/it\/rush-herbal-popper\/","title":{"rendered":"Rush Herbal Popper"},"content":{"rendered":"<h2 class=\"product_title entry-title\">Rush Herbal Popper<\/h2>\n<p>Ci sono molti modi per usare questo popper alle erbe. Se state appena esplorando il mondo del sesso anale, rilassate gli sfinteri in anticipo per un'esperienza pi\u00f9 confortevole con una minore tensione dei muscoli. Questo prodotto vi faciliter\u00e0 il compito!<\/p>\n<p>\u00c8 perfetto anche per chi vuole rimanere duro durante il sesso: rilassa rapidamente il pene e fa in modo che qualsiasi problema di erezione possa essere risolto immediatamente con uno spruzzo veloce! Inoltre, la sensazione di euforia \u00e8 un incredibile stimolante dell'umore anche se le cose a letto non vanno bene. La parte migliore? Questo popper \u00e8 puramente a base di erbe, quindi \u00e8 ancora legale da vendere!<\/p>","protected":false},"excerpt":{"rendered":"<p>L'amore \u00e8 ovunque, aspetta solo di essere aperto. Quindi non esitate pi\u00f9! Affrettatevi a vivere un'esperienza rilassante ed esplosiva allo stesso tempo. Procuratevi questo popper alle erbe per aumentare la durata della vostra sessione d'amore, assicurandovi di avere un po' pi\u00f9 di tempo per esplorarvi a vicenda, provare nuove posizioni e sperimentare divertenti fantasie!<\/p>","protected":false},"featured_media":37129,"template":"","meta":[],"product_brand":[],"product_cat":[395,297,705,384],"product_tag":[],"class_list":{"0":"post-37038","1":"product","2":"type-product","3":"status-publish","4":"has-post-thumbnail","6":"product_cat-aphrodisiacs","7":"product_cat-all-products","8":"product_cat-sex-shop","9":"product_cat-smartshop","11":"first","12":"instock","13":"taxable","14":"shipping-taxable","15":"purchasable","16":"product-type-simple"},"_links":{"self":[{"href":"https:\/\/www.headshop.nl\/it\/wp-json\/wp\/v2\/product\/37038","targetHints":{"allow":["GET"]}}],"collection":[{"href":"https:\/\/www.headshop.nl\/it\/wp-json\/wp\/v2\/product"}],"about":[{"href":"https:\/\/www.headshop.nl\/it\/wp-json\/wp\/v2\/types\/product"}],"wp:featuredmedia":[{"embeddable":true,"href":"https:\/\/www.headshop.nl\/it\/wp-json\/wp\/v2\/media\/37129"}],"wp:attachment":[{"href":"https:\/\/www.headshop.nl\/it\/wp-json\/wp\/v2\/media?parent=37038"}],"wp:term":[{"taxonomy":"product_brand","embeddable":true,"href":"https:\/\/www.headshop.nl\/it\/wp-json\/wp\/v2\/product_brand?post=37038"},{"taxonomy":"product_cat","embeddable":true,"href":"https:\/\/www.headshop.nl\/it\/wp-json\/wp\/v2\/product_cat?post=37038"},{"taxonomy":"product_tag","embeddable":true,"href":"https:\/\/www.headshop.nl\/it\/wp-json\/wp\/v2\/product_tag?post=37038"}],"curies":[{"name":"wp","href":"https:\/\/api.w.org\/{rel}","templated":true}]}}