{"id":36852,"date":"2021-09-27T07:50:55","date_gmt":"2021-09-27T07:50:55","guid":{"rendered":"https:\/\/www.headshop.nl\/?post_type=product&#038;p=36852"},"modified":"2024-09-23T11:28:48","modified_gmt":"2024-09-23T11:28:48","slug":"mdma-purity-drug-test","status":"publish","type":"product","link":"https:\/\/www.headshop.nl\/it\/mdma-purity-drug-test\/","title":{"rendered":"MDMA Purity Drug Test"},"content":{"rendered":"<h2><span data-sheets-value=\"{&quot;1&quot;:2,&quot;2&quot;:&quot;MDMA Purity Drug Test&quot;}\" data-sheets-userformat=\"{&quot;2&quot;:4739,&quot;3&quot;:{&quot;1&quot;:0},&quot;4&quot;:{&quot;1&quot;:2,&quot;2&quot;:15389148},&quot;10&quot;:2,&quot;12&quot;:0,&quot;15&quot;:&quot;Arial&quot;}\">MDMA Purity Drug Test<\/span> da EZ Test<\/h2>\n<p>C'\u00e8 sempre curiosit\u00e0 sulla legittimit\u00e0 delle proprie droghe, ma non dovrebbe essere cos\u00ec difficile capire se ci si pu\u00f2 fidare di ci\u00f2 che si sta assumendo. Soprattutto se si utilizza un test per la purezza dell'MDMA di EZ Test. Siate sicuri e sicuri, non dispiaciuti!<\/p>\n<p>EZ Test \u00e8 un kit per test antidroga accurato, affidabile e sicuro da usare. Dite addio all'incertezza e salutate la conoscenza di tutti! EZ Test vi dir\u00e0 se il campione contiene ci\u00f2 che desiderate. Non fidatevi pi\u00f9 delle parole, ma della chimica e dei fatti!<\/p>\n<p>&nbsp;<\/p>","protected":false},"excerpt":{"rendered":"<p>Vi siete mai trovati nella situazione di dover scoprire la risposta: il mio campione di MDMA contiene ci\u00f2 che desidero? Se \u00e8 cos\u00ec, questo test antidroga fa al caso vostro! Semplice e accurato, pu\u00f2 aiutarvi a rilassarvi di pi\u00f9 perch\u00e9 sarete sicuri della qualit\u00e0 della droga!<\/p>","protected":false},"featured_media":36960,"template":"","meta":[],"product_brand":[],"product_cat":[387,297,384],"product_tag":[],"class_list":{"0":"post-36852","1":"product","2":"type-product","3":"status-publish","4":"has-post-thumbnail","6":"product_cat-drugtests","7":"product_cat-all-products","8":"product_cat-smartshop","9":"product_shipping_class-creditcard-on","11":"first","12":"instock","13":"taxable","14":"shipping-taxable","15":"purchasable","16":"product-type-variable","17":"has-default-attributes"},"_links":{"self":[{"href":"https:\/\/www.headshop.nl\/it\/wp-json\/wp\/v2\/product\/36852","targetHints":{"allow":["GET"]}}],"collection":[{"href":"https:\/\/www.headshop.nl\/it\/wp-json\/wp\/v2\/product"}],"about":[{"href":"https:\/\/www.headshop.nl\/it\/wp-json\/wp\/v2\/types\/product"}],"wp:featuredmedia":[{"embeddable":true,"href":"https:\/\/www.headshop.nl\/it\/wp-json\/wp\/v2\/media\/36960"}],"wp:attachment":[{"href":"https:\/\/www.headshop.nl\/it\/wp-json\/wp\/v2\/media?parent=36852"}],"wp:term":[{"taxonomy":"product_brand","embeddable":true,"href":"https:\/\/www.headshop.nl\/it\/wp-json\/wp\/v2\/product_brand?post=36852"},{"taxonomy":"product_cat","embeddable":true,"href":"https:\/\/www.headshop.nl\/it\/wp-json\/wp\/v2\/product_cat?post=36852"},{"taxonomy":"product_tag","embeddable":true,"href":"https:\/\/www.headshop.nl\/it\/wp-json\/wp\/v2\/product_tag?post=36852"}],"curies":[{"name":"wp","href":"https:\/\/api.w.org\/{rel}","templated":true}]}}