{"id":36850,"date":"2021-09-27T07:50:55","date_gmt":"2021-09-27T07:50:55","guid":{"rendered":"https:\/\/www.headshop.nl\/?post_type=product&#038;p=36850"},"modified":"2025-09-08T01:26:17","modified_gmt":"2025-09-08T01:26:17","slug":"synthetic-cannabinoids-k2-spice-drug-test","status":"publish","type":"product","link":"https:\/\/www.headshop.nl\/it\/synthetic-cannabinoids-k2-spice-drug-test\/","title":{"rendered":"Synthetic Cannabinoids, K2 Spice Drug Test"},"content":{"rendered":"<h2>Synthetic Cannabinoids, K2 Spice Drug Test di EZ Test<\/h2>\n<p>Assicuratevi di sapere sempre cosa state fumando. Utilizzate il test EZ Test Synthetic Materials Cannabinoids, K2 Spice per essere certi che il vostro campione contenga proprio ci\u00f2 che desiderate: i risultati accurati ve lo garantiranno:<br \/>\nesattamente cosa contiene. \u00c8 semplice e sicuro, quindi utilizzate tutti i nostri prodotti oggi stesso! Vi meritate strumenti accurati e affidabili per un'analisi rapida e semplice dei campioni contenenti le sostanze desiderate.<\/p>\n<p>K2 Spice pu\u00f2 sembrare una droga alternativa innocua, ma qualsiasi cannabinoide sintetico pu\u00f2 essere pericoloso. Prendete la decisione giusta per garantire la vostra sicurezza con un kit per il test antidroga a casa facile da usare di EZ Test. \u00c8 la scelta migliore per ottenere risultati sicuri e accurati!<\/p>","protected":false},"excerpt":{"rendered":"<p>A volte \u00e8 necessario saperlo con certezza.<br \/>\nCon l'Synthetic Cannabinoids, l'K2 Spice e l'Drug Test di EZ Test, lo staff di EZ Tests ha reso facile e sicuro scoprire se ci\u00f2 che state immettendo nel vostro corpo \u00e8 effettivamente ci\u00f2 che volete che sia. Non importa se volete essere sicuri di cose come l'\"olio di hashish\" o se volete la conferma che si tratta di \"hashish\", noi possiamo aiutarvi!<\/p>","protected":false},"featured_media":36951,"template":"","meta":[],"product_brand":[],"product_cat":[387,297,384],"product_tag":[],"class_list":{"0":"post-36850","1":"product","2":"type-product","3":"status-publish","4":"has-post-thumbnail","6":"product_cat-drugtests","7":"product_cat-all-products","8":"product_cat-smartshop","9":"product_shipping_class-creditcard-on","11":"first","12":"instock","13":"taxable","14":"shipping-taxable","15":"purchasable","16":"product-type-variable","17":"has-default-attributes"},"_links":{"self":[{"href":"https:\/\/www.headshop.nl\/it\/wp-json\/wp\/v2\/product\/36850","targetHints":{"allow":["GET"]}}],"collection":[{"href":"https:\/\/www.headshop.nl\/it\/wp-json\/wp\/v2\/product"}],"about":[{"href":"https:\/\/www.headshop.nl\/it\/wp-json\/wp\/v2\/types\/product"}],"wp:featuredmedia":[{"embeddable":true,"href":"https:\/\/www.headshop.nl\/it\/wp-json\/wp\/v2\/media\/36951"}],"wp:attachment":[{"href":"https:\/\/www.headshop.nl\/it\/wp-json\/wp\/v2\/media?parent=36850"}],"wp:term":[{"taxonomy":"product_brand","embeddable":true,"href":"https:\/\/www.headshop.nl\/it\/wp-json\/wp\/v2\/product_brand?post=36850"},{"taxonomy":"product_cat","embeddable":true,"href":"https:\/\/www.headshop.nl\/it\/wp-json\/wp\/v2\/product_cat?post=36850"},{"taxonomy":"product_tag","embeddable":true,"href":"https:\/\/www.headshop.nl\/it\/wp-json\/wp\/v2\/product_tag?post=36850"}],"curies":[{"name":"wp","href":"https:\/\/api.w.org\/{rel}","templated":true}]}}