{"id":36847,"date":"2021-09-27T07:50:54","date_gmt":"2021-09-27T07:50:54","guid":{"rendered":"https:\/\/www.headshop.nl\/?post_type=product&#038;p=36847"},"modified":"2024-09-23T11:28:48","modified_gmt":"2024-09-23T11:28:48","slug":"mcpp-drug-test","status":"publish","type":"product","link":"https:\/\/www.headshop.nl\/it\/mcpp-drug-test\/","title":{"rendered":"MCPP Drug Test"},"content":{"rendered":"<h2><span data-sheets-value=\"{&quot;1&quot;:2,&quot;2&quot;:&quot;MCPP Drug Test&quot;}\" data-sheets-userformat=\"{&quot;2&quot;:4995,&quot;3&quot;:{&quot;1&quot;:0},&quot;4&quot;:{&quot;1&quot;:2,&quot;2&quot;:15120559},&quot;10&quot;:2,&quot;11&quot;:4,&quot;12&quot;:0,&quot;15&quot;:&quot;Arial&quot;}\">MCPP Drug Test<\/span> da EZ Test<\/h2>\n<p>Quando volete essere sicuri di ci\u00f2 che state assumendo, MCPP Drug Test di EZ Test fa al caso vostro!<\/p>\n<p>MCPP Drug Test di EZ Test \u00e8 qui per aiutarvi ad assicurarvi di ottenere ci\u00f2 che viene pubblicizzato. Non fidatevi della fede o delle voci, ma armatevi dei fatti. Fate il test e scopritelo da soli!<\/p>\n<p>Un kit per il test antidroga domestico \u00e8 un modo semplice e accurato per assicurarsi che il campione contenga tutte le caratteristiche desiderate, ovvero l'MCPP. Non vorremmo avere rimpianti, vero?<\/p>","protected":false},"excerpt":{"rendered":"<p>EZ Test \u00e8 qui per aiutarvi a escludere ci\u00f2 che non volete nel vostro campione e a confermare la presenza di ci\u00f2 che volete. Si tratta di un kit di analisi casalingo semplice e accurato, che vi permette di essere sicuri della qualit\u00e0 dei farmaci che volete testare!<\/p>","protected":false},"featured_media":36948,"template":"","meta":[],"product_brand":[],"product_cat":[387,297,384],"product_tag":[],"class_list":{"0":"post-36847","1":"product","2":"type-product","3":"status-publish","4":"has-post-thumbnail","6":"product_cat-drugtests","7":"product_cat-all-products","8":"product_cat-smartshop","9":"product_shipping_class-creditcard-on","11":"first","12":"instock","13":"taxable","14":"shipping-taxable","15":"purchasable","16":"product-type-variable","17":"has-default-attributes"},"_links":{"self":[{"href":"https:\/\/www.headshop.nl\/it\/wp-json\/wp\/v2\/product\/36847","targetHints":{"allow":["GET"]}}],"collection":[{"href":"https:\/\/www.headshop.nl\/it\/wp-json\/wp\/v2\/product"}],"about":[{"href":"https:\/\/www.headshop.nl\/it\/wp-json\/wp\/v2\/types\/product"}],"wp:featuredmedia":[{"embeddable":true,"href":"https:\/\/www.headshop.nl\/it\/wp-json\/wp\/v2\/media\/36948"}],"wp:attachment":[{"href":"https:\/\/www.headshop.nl\/it\/wp-json\/wp\/v2\/media?parent=36847"}],"wp:term":[{"taxonomy":"product_brand","embeddable":true,"href":"https:\/\/www.headshop.nl\/it\/wp-json\/wp\/v2\/product_brand?post=36847"},{"taxonomy":"product_cat","embeddable":true,"href":"https:\/\/www.headshop.nl\/it\/wp-json\/wp\/v2\/product_cat?post=36847"},{"taxonomy":"product_tag","embeddable":true,"href":"https:\/\/www.headshop.nl\/it\/wp-json\/wp\/v2\/product_tag?post=36847"}],"curies":[{"name":"wp","href":"https:\/\/api.w.org\/{rel}","templated":true}]}}