{"id":36846,"date":"2021-09-27T07:50:53","date_gmt":"2021-09-27T07:50:53","guid":{"rendered":"https:\/\/www.headshop.nl\/?post_type=product&#038;p=36846"},"modified":"2024-09-23T11:28:49","modified_gmt":"2024-09-23T11:28:49","slug":"ketamine-drug-test","status":"publish","type":"product","link":"https:\/\/www.headshop.nl\/it\/ketamine-drug-test\/","title":{"rendered":"Ketamine Drug Test"},"content":{"rendered":"<h2><span data-sheets-value=\"{&quot;1&quot;:2,&quot;2&quot;:&quot;Ketamine Drug Test&quot;}\" data-sheets-userformat=\"{&quot;2&quot;:4995,&quot;3&quot;:{&quot;1&quot;:0},&quot;4&quot;:{&quot;1&quot;:2,&quot;2&quot;:14281427},&quot;10&quot;:2,&quot;11&quot;:4,&quot;12&quot;:0,&quot;15&quot;:&quot;Arial&quot;}\">Ketamine Drug Test<\/span> da EZ Test<\/h2>\n<p>Una delle sfide pi\u00f9 grandi che un consumatore ricreativo deve affrontare \u00e8 quella di determinare cosa sta effettivamente assumendo. Come ci si pu\u00f2 assicurare che il proprio campione contenga ci\u00f2 che si desidera? La soluzione a questo problema pu\u00f2 arrivare sotto forma di kit per test antidroga semplici e affidabili, come l'Ketamine Drug Test di EZ Test.<\/p>\n<p>Questo test utilizza reagenti di laboratorio sicuri, progettati per lo screening dei farmaci. Risultati semplici e affidabili quasi istantaneamente!<\/p>","protected":false},"excerpt":{"rendered":"<p>Ketamine Drug Test di EZ Test \u00e8 un accurato kit di analisi domestica che consente di determinare se il campione contiene ci\u00f2 che si desidera. \u00c8 semplice da usare e vi permetter\u00e0 di sapere immediatamente se il vostro campione contiene o meno ketamina.<\/p>","protected":false},"featured_media":36944,"template":"","meta":[],"product_brand":[],"product_cat":[387,297,384],"product_tag":[],"class_list":{"0":"post-36846","1":"product","2":"type-product","3":"status-publish","4":"has-post-thumbnail","6":"product_cat-drugtests","7":"product_cat-all-products","8":"product_cat-smartshop","9":"product_shipping_class-creditcard-on","11":"first","12":"instock","13":"taxable","14":"shipping-taxable","15":"purchasable","16":"product-type-variable","17":"has-default-attributes"},"_links":{"self":[{"href":"https:\/\/www.headshop.nl\/it\/wp-json\/wp\/v2\/product\/36846","targetHints":{"allow":["GET"]}}],"collection":[{"href":"https:\/\/www.headshop.nl\/it\/wp-json\/wp\/v2\/product"}],"about":[{"href":"https:\/\/www.headshop.nl\/it\/wp-json\/wp\/v2\/types\/product"}],"wp:featuredmedia":[{"embeddable":true,"href":"https:\/\/www.headshop.nl\/it\/wp-json\/wp\/v2\/media\/36944"}],"wp:attachment":[{"href":"https:\/\/www.headshop.nl\/it\/wp-json\/wp\/v2\/media?parent=36846"}],"wp:term":[{"taxonomy":"product_brand","embeddable":true,"href":"https:\/\/www.headshop.nl\/it\/wp-json\/wp\/v2\/product_brand?post=36846"},{"taxonomy":"product_cat","embeddable":true,"href":"https:\/\/www.headshop.nl\/it\/wp-json\/wp\/v2\/product_cat?post=36846"},{"taxonomy":"product_tag","embeddable":true,"href":"https:\/\/www.headshop.nl\/it\/wp-json\/wp\/v2\/product_tag?post=36846"}],"curies":[{"name":"wp","href":"https:\/\/api.w.org\/{rel}","templated":true}]}}