{"id":36844,"date":"2021-09-27T07:50:52","date_gmt":"2021-09-27T07:50:52","guid":{"rendered":"https:\/\/www.headshop.nl\/?post_type=product&#038;p=36844"},"modified":"2024-10-17T09:24:27","modified_gmt":"2024-10-17T09:24:27","slug":"ghb-drug-test","status":"publish","type":"product","link":"https:\/\/www.headshop.nl\/it\/ghb-drug-test\/","title":{"rendered":"GHB Drug Test"},"content":{"rendered":"<h2>GHB Drug Test da EZ Test<\/h2>\n<p>Con questo kit per il test antidroga potete essere certi che il vostro campione sia quello che volete. \u00c8 sicuro, affidabile e preciso.<\/p>\n<p>I kit di analisi sono dotati di semplici istruzioni per l'uso, in modo che tutti si sentano a proprio agio nell'utilizzarli: un'occasione imperdibile per fidarsi del proprio campione!<\/p>\n<p>&nbsp;<\/p>","protected":false},"excerpt":{"rendered":"<p>Per tutti coloro che desiderano testare ci\u00f2 che assumono, \u00e8 disponibile un accurato kit di analisi domestica. Il kit GHB Drug Test di EZ Test offre la tranquillit\u00e0 di sapere che il campione contiene solo l'elemento desiderato. \u00c8 abbastanza semplice da usare e preciso: non c'\u00e8 niente di meglio che sentirsi pi\u00f9 sicuri sapendo esattamente cosa si sta immettendo nel proprio corpo!<\/p>","protected":false},"featured_media":36962,"template":"","meta":[],"product_brand":[],"product_cat":[387,297,384],"product_tag":[],"class_list":{"0":"post-36844","1":"product","2":"type-product","3":"status-publish","4":"has-post-thumbnail","6":"product_cat-drugtests","7":"product_cat-all-products","8":"product_cat-smartshop","9":"product_shipping_class-creditcard-on","11":"first","12":"instock","13":"taxable","14":"shipping-taxable","15":"purchasable","16":"product-type-variable","17":"has-default-attributes"},"_links":{"self":[{"href":"https:\/\/www.headshop.nl\/it\/wp-json\/wp\/v2\/product\/36844","targetHints":{"allow":["GET"]}}],"collection":[{"href":"https:\/\/www.headshop.nl\/it\/wp-json\/wp\/v2\/product"}],"about":[{"href":"https:\/\/www.headshop.nl\/it\/wp-json\/wp\/v2\/types\/product"}],"wp:featuredmedia":[{"embeddable":true,"href":"https:\/\/www.headshop.nl\/it\/wp-json\/wp\/v2\/media\/36962"}],"wp:attachment":[{"href":"https:\/\/www.headshop.nl\/it\/wp-json\/wp\/v2\/media?parent=36844"}],"wp:term":[{"taxonomy":"product_brand","embeddable":true,"href":"https:\/\/www.headshop.nl\/it\/wp-json\/wp\/v2\/product_brand?post=36844"},{"taxonomy":"product_cat","embeddable":true,"href":"https:\/\/www.headshop.nl\/it\/wp-json\/wp\/v2\/product_cat?post=36844"},{"taxonomy":"product_tag","embeddable":true,"href":"https:\/\/www.headshop.nl\/it\/wp-json\/wp\/v2\/product_tag?post=36844"}],"curies":[{"name":"wp","href":"https:\/\/api.w.org\/{rel}","templated":true}]}}