{"id":36819,"date":"2021-09-27T07:50:39","date_gmt":"2021-09-27T07:50:39","guid":{"rendered":"https:\/\/www.headshop.nl\/?post_type=product&#038;p=36819"},"modified":"2024-09-23T11:28:52","modified_gmt":"2024-09-23T11:28:52","slug":"cocaine-purity-drug-test","status":"publish","type":"product","link":"https:\/\/www.headshop.nl\/it\/cocaine-purity-drug-test\/","title":{"rendered":"Cocaine Purity Drug Test"},"content":{"rendered":"<h2><span data-sheets-value=\"{&quot;1&quot;:2,&quot;2&quot;:&quot;Cocaine Purity Drug Test&quot;}\" data-sheets-userformat=\"{&quot;2&quot;:4995,&quot;3&quot;:{&quot;1&quot;:0},&quot;4&quot;:{&quot;1&quot;:2,&quot;2&quot;:16043212},&quot;10&quot;:2,&quot;11&quot;:4,&quot;12&quot;:0,&quot;15&quot;:&quot;Arial&quot;}\">Cocaine Purity Drug Test <\/span>da EZ Test<\/h2>\n<p>Non ci si pu\u00f2 sempre fidare dell'accuratezza delle persone che dicono cosa c'\u00e8 nelle loro droghe. Soprattutto quando si parla di quanto siano pure le loro droghe, giusto?<\/p>\n<p>Se cercate qualcosa di pi\u00f9 concreto, vi consigliamo il kit EZ Test Cocaine Purity Drug Test, perch\u00e9 almeno con questo test sapete che il vostro campione contiene ci\u00f2 che dice di contenere e vi permette anche di determinare la purezza del campione!<\/p>\n<p>&nbsp;<\/p>","protected":false},"excerpt":{"rendered":"<p>Con questo Cocaine Purity Drug Test di EZ Test saprete di avere la roba pi\u00f9 pura. Sono finiti i giorni in cui i tossicodipendenti dovevano indovinare cosa c'\u00e8 nel loro prodotto! Questo fantastico prodotto vi permetter\u00e0 di saperlo con certezza ogni volta. Dimostrate se la neve \u00e8 di elevata purezza con questo accurato kit per il test della droga di EZ Test!<\/p>","protected":false},"featured_media":36921,"template":"","meta":[],"product_brand":[],"product_cat":[387,297,384],"product_tag":[],"class_list":{"0":"post-36819","1":"product","2":"type-product","3":"status-publish","4":"has-post-thumbnail","6":"product_cat-drugtests","7":"product_cat-all-products","8":"product_cat-smartshop","9":"product_shipping_class-creditcard-on","11":"first","12":"instock","13":"taxable","14":"shipping-taxable","15":"purchasable","16":"product-type-variable","17":"has-default-attributes"},"_links":{"self":[{"href":"https:\/\/www.headshop.nl\/it\/wp-json\/wp\/v2\/product\/36819","targetHints":{"allow":["GET"]}}],"collection":[{"href":"https:\/\/www.headshop.nl\/it\/wp-json\/wp\/v2\/product"}],"about":[{"href":"https:\/\/www.headshop.nl\/it\/wp-json\/wp\/v2\/types\/product"}],"wp:featuredmedia":[{"embeddable":true,"href":"https:\/\/www.headshop.nl\/it\/wp-json\/wp\/v2\/media\/36921"}],"wp:attachment":[{"href":"https:\/\/www.headshop.nl\/it\/wp-json\/wp\/v2\/media?parent=36819"}],"wp:term":[{"taxonomy":"product_brand","embeddable":true,"href":"https:\/\/www.headshop.nl\/it\/wp-json\/wp\/v2\/product_brand?post=36819"},{"taxonomy":"product_cat","embeddable":true,"href":"https:\/\/www.headshop.nl\/it\/wp-json\/wp\/v2\/product_cat?post=36819"},{"taxonomy":"product_tag","embeddable":true,"href":"https:\/\/www.headshop.nl\/it\/wp-json\/wp\/v2\/product_tag?post=36819"}],"curies":[{"name":"wp","href":"https:\/\/api.w.org\/{rel}","templated":true}]}}