{"id":36811,"date":"2021-09-27T07:50:36","date_gmt":"2021-09-27T07:50:36","guid":{"rendered":"https:\/\/www.headshop.nl\/?post_type=product&#038;p=36811"},"modified":"2024-11-21T09:09:16","modified_gmt":"2024-11-21T09:09:16","slug":"thc-drug-test","status":"publish","type":"product","link":"https:\/\/www.headshop.nl\/it\/thc-drug-test\/","title":{"rendered":"THC Drug Test"},"content":{"rendered":"<h2>THC Drug Test da EZ Test<\/h2>\n<p>Quando avete bisogno di sapere se il vostro campione contiene gli ingredienti desiderati, questo test ve lo dir\u00e0. Se tutto va bene, pu\u00f2 aiutare a garantire una cosa: il campione contiene ci\u00f2 che si desidera (o non contiene?!). Niente pi\u00f9 congetture! Prevenite gli incidenti con un semplice test antidroga di EZ Test prima che sia troppo tardi, grazie a kit di analisi accurati e sicuri!<\/p>\n<p>&nbsp;<\/p>","protected":false},"excerpt":{"rendered":"<p>L'ultima cosa che volete \u00e8 fumare cannabis che non contiene effettivamente l'THC, giusto? Il test THC Drug Test di EZ Test \u00e8 un modo semplice e veloce per determinare se il vostro campione contiene o meno l'ingrediente desiderato in qualsiasi gemma o altro prodotto di cannabis.<\/p>","protected":false},"featured_media":36913,"template":"","meta":[],"product_brand":[],"product_cat":[387,297,384],"product_tag":[],"class_list":{"0":"post-36811","1":"product","2":"type-product","3":"status-publish","4":"has-post-thumbnail","6":"product_cat-drugtests","7":"product_cat-all-products","8":"product_cat-smartshop","9":"product_shipping_class-creditcard-on","11":"first","12":"instock","13":"taxable","14":"shipping-taxable","15":"purchasable","16":"product-type-variable","17":"has-default-attributes"},"_links":{"self":[{"href":"https:\/\/www.headshop.nl\/it\/wp-json\/wp\/v2\/product\/36811","targetHints":{"allow":["GET"]}}],"collection":[{"href":"https:\/\/www.headshop.nl\/it\/wp-json\/wp\/v2\/product"}],"about":[{"href":"https:\/\/www.headshop.nl\/it\/wp-json\/wp\/v2\/types\/product"}],"wp:featuredmedia":[{"embeddable":true,"href":"https:\/\/www.headshop.nl\/it\/wp-json\/wp\/v2\/media\/36913"}],"wp:attachment":[{"href":"https:\/\/www.headshop.nl\/it\/wp-json\/wp\/v2\/media?parent=36811"}],"wp:term":[{"taxonomy":"product_brand","embeddable":true,"href":"https:\/\/www.headshop.nl\/it\/wp-json\/wp\/v2\/product_brand?post=36811"},{"taxonomy":"product_cat","embeddable":true,"href":"https:\/\/www.headshop.nl\/it\/wp-json\/wp\/v2\/product_cat?post=36811"},{"taxonomy":"product_tag","embeddable":true,"href":"https:\/\/www.headshop.nl\/it\/wp-json\/wp\/v2\/product_tag?post=36811"}],"curies":[{"name":"wp","href":"https:\/\/api.w.org\/{rel}","templated":true}]}}