{"id":36803,"date":"2021-09-27T07:50:31","date_gmt":"2021-09-27T07:50:31","guid":{"rendered":"https:\/\/www.headshop.nl\/?post_type=product&#038;p=36803"},"modified":"2024-09-23T11:28:54","modified_gmt":"2024-09-23T11:28:54","slug":"lsd-drug-test","status":"publish","type":"product","link":"https:\/\/www.headshop.nl\/it\/lsd-drug-test\/","title":{"rendered":"LSD Drug Test"},"content":{"rendered":"<h2>LSD Drug Test di EZ Test<\/h2>\n<p>Fate in modo che la vostra festa del fine settimana sia la pi\u00f9 bella possibile! Utilizzate il kit LSD Drug Test di EZ Test per essere sicuri di sapere a cosa andate incontro. I kit per il test antidroga a casa per ottenere risultati semplici e rapidi, facili e sicuri da usare, vi faranno stare tranquilli e vi faranno sentire al sicuro.<\/p>\n<p>Perfetto per ogni curioso animale da festa, questo test \u00e8 un must per chiunque voglia divertirsi al massimo. La tranquillit\u00e0 non \u00e8 mai stata cos\u00ec divertente: prendete il vostro oggi stesso!<\/p>\n<p>&nbsp;<\/p>","protected":false},"excerpt":{"rendered":"<p>Volete essere sicuri di ci\u00f2 che state assumendo? Non tirare a indovinare, fai il test! EZ Test LSD Drug Test \u00e8 un kit per test antidroga accurato e conveniente, in grado di identificare con precisione se il vostro campione contiene o meno ci\u00f2 che desiderate. Godetevi la sicurezza di sapere cosa state introducendo nel vostro corpo con i kit di test domestici di EZ Test, facili da usare.<\/p>","protected":false},"featured_media":36908,"template":"","meta":[],"product_brand":[],"product_cat":[387,297,384],"product_tag":[],"class_list":{"0":"post-36803","1":"product","2":"type-product","3":"status-publish","4":"has-post-thumbnail","6":"product_cat-drugtests","7":"product_cat-all-products","8":"product_cat-smartshop","9":"product_shipping_class-creditcard-on","11":"first","12":"instock","13":"taxable","14":"shipping-taxable","15":"purchasable","16":"product-type-variable","17":"has-default-attributes"},"_links":{"self":[{"href":"https:\/\/www.headshop.nl\/it\/wp-json\/wp\/v2\/product\/36803","targetHints":{"allow":["GET"]}}],"collection":[{"href":"https:\/\/www.headshop.nl\/it\/wp-json\/wp\/v2\/product"}],"about":[{"href":"https:\/\/www.headshop.nl\/it\/wp-json\/wp\/v2\/types\/product"}],"wp:featuredmedia":[{"embeddable":true,"href":"https:\/\/www.headshop.nl\/it\/wp-json\/wp\/v2\/media\/36908"}],"wp:attachment":[{"href":"https:\/\/www.headshop.nl\/it\/wp-json\/wp\/v2\/media?parent=36803"}],"wp:term":[{"taxonomy":"product_brand","embeddable":true,"href":"https:\/\/www.headshop.nl\/it\/wp-json\/wp\/v2\/product_brand?post=36803"},{"taxonomy":"product_cat","embeddable":true,"href":"https:\/\/www.headshop.nl\/it\/wp-json\/wp\/v2\/product_cat?post=36803"},{"taxonomy":"product_tag","embeddable":true,"href":"https:\/\/www.headshop.nl\/it\/wp-json\/wp\/v2\/product_tag?post=36803"}],"curies":[{"name":"wp","href":"https:\/\/api.w.org\/{rel}","templated":true}]}}