{"id":36779,"date":"2021-09-27T07:33:20","date_gmt":"2021-09-27T07:33:20","guid":{"rendered":"https:\/\/www.headshop.nl\/?post_type=product&#038;p=36779"},"modified":"2024-09-23T11:28:56","modified_gmt":"2024-09-23T11:28:56","slug":"ecstasy-drug-test","status":"publish","type":"product","link":"https:\/\/www.headshop.nl\/it\/ecstasy-drug-test\/","title":{"rendered":"Ecstasy Drug Test"},"content":{"rendered":"<h2>Ecstasy Drug Test da EZ Test<\/h2>\n<p>Se volete essere sicuri che ci\u00f2 che state assumendo sia ecstasy, questo Ecstasy Drug Test fa al caso vostro. Semplice da usare e preciso, pu\u00f2 aiutare a garantire una cosa: la vostra pillola contiene ci\u00f2 che desiderate. Conquistate il mondo con i kit per test antidroga di EZ Test, accurati e semplici da usare.<\/p>\n<p>&nbsp;<\/p>","protected":false},"excerpt":{"rendered":"<p>Il kit per il test dell'ecstasy \u00e8 un test accurato per determinare se il campione contiene o meno Ecstasy (MDMA) o uno dei diluenti sopra elencati. Da avere assolutamente se si vuole essere sicuri!<\/p>","protected":false},"featured_media":36895,"template":"","meta":[],"product_brand":[],"product_cat":[387,297,384],"product_tag":[],"class_list":{"0":"post-36779","1":"product","2":"type-product","3":"status-publish","4":"has-post-thumbnail","6":"product_cat-drugtests","7":"product_cat-all-products","8":"product_cat-smartshop","9":"product_shipping_class-creditcard-on","11":"first","12":"instock","13":"taxable","14":"shipping-taxable","15":"purchasable","16":"product-type-variable","17":"has-default-attributes"},"_links":{"self":[{"href":"https:\/\/www.headshop.nl\/it\/wp-json\/wp\/v2\/product\/36779","targetHints":{"allow":["GET"]}}],"collection":[{"href":"https:\/\/www.headshop.nl\/it\/wp-json\/wp\/v2\/product"}],"about":[{"href":"https:\/\/www.headshop.nl\/it\/wp-json\/wp\/v2\/types\/product"}],"wp:featuredmedia":[{"embeddable":true,"href":"https:\/\/www.headshop.nl\/it\/wp-json\/wp\/v2\/media\/36895"}],"wp:attachment":[{"href":"https:\/\/www.headshop.nl\/it\/wp-json\/wp\/v2\/media?parent=36779"}],"wp:term":[{"taxonomy":"product_brand","embeddable":true,"href":"https:\/\/www.headshop.nl\/it\/wp-json\/wp\/v2\/product_brand?post=36779"},{"taxonomy":"product_cat","embeddable":true,"href":"https:\/\/www.headshop.nl\/it\/wp-json\/wp\/v2\/product_cat?post=36779"},{"taxonomy":"product_tag","embeddable":true,"href":"https:\/\/www.headshop.nl\/it\/wp-json\/wp\/v2\/product_tag?post=36779"}],"curies":[{"name":"wp","href":"https:\/\/api.w.org\/{rel}","templated":true}]}}