{"id":36346,"date":"2021-08-25T08:07:46","date_gmt":"2021-08-25T08:07:46","guid":{"rendered":"https:\/\/www.headshop.nl\/?post_type=product&#038;p=36346"},"modified":"2025-02-18T09:02:34","modified_gmt":"2025-02-18T09:02:34","slug":"ruby-cbd-oil-10-hempcare","status":"publish","type":"product","link":"https:\/\/www.headshop.nl\/it\/ruby-cbd-oil-10-hempcare\/","title":{"rendered":"Ruby CBD Olio (10%) Hempcare"},"content":{"rendered":"<h2>Ruby CBD Olio da Hempcare<\/h2>\n<h2 data-start=\"338\" data-end=\"371\">Che cos'\u00e8 il CBD HempCare RUBY 10%?<\/h2>\n<p data-start=\"373\" data-end=\"860\">HempCare RUBY 10% CBD \u00e8 un olio di CBD naturale altamente concentrato, 100%, derivato da una rara pianta di canapa che cresce in un terreno ricco di minerali e argilla rossa in montagna. Questo ambiente unico contribuisce al colore rosso rubino dell'olio e alle sue potenti propriet\u00e0 naturali. Il CBD RUBY 10% di HempCare \u00e8 ricco di cannabinoidi benefici, tra cui il cannabidiolo (CBD), il cannabigerolo (CBG) e il cannabinolo (CBN), oltre a terpeni, flavonoidi e fenoli, che lavorano tutti insieme per sostenere l'organismo in modo naturale.<\/p>\n<p data-start=\"862\" data-end=\"1301\">A differenza di altri oli di CBD, HempCare RUBY 10% CBD \u00e8 estratto da una speciale variet\u00e0 di canapa nota per la sua maggiore concentrazione di beta-cariofillene, un terpene con potenti propriet\u00e0 antinfiammatorie e antidolorifiche. Questo rende il CBD HempCare RUBY 10% una scelta eccellente per chi cerca di alleviare il disagio o ridurre lo stress. La sua composizione naturale garantisce l'assenza di sostanze tossiche, offrendo un'esperienza pura e biologica.<\/p>\n<h2 data-start=\"1303\" data-end=\"1338\">Storia di HempCare RUBY 10% CBD<\/h2>\n<p data-start=\"1340\" data-end=\"1813\">La storia di HempCare RUBY 10% CBD inizia con la coltivazione della canapa in una regione montuosa unica, dove l'argilla rossa naturale del terreno contribuisce alle caratteristiche eccezionali della pianta. HempCare seleziona con cura le migliori variet\u00e0 di canapa e utilizza uno speciale processo di estrazione per preservare l'intero spettro di cannabinoidi, terpeni e altri nutrienti essenziali. Le piante di canapa sono coltivate senza l'uso di pesticidi, garantendo un prodotto puro e di alta qualit\u00e0.<\/p>\n<p data-start=\"1815\" data-end=\"2130\">Nel corso del tempo, HempCare ha ottenuto il riconoscimento per la produzione di prodotti CBD di alta qualit\u00e0, e l'olio CBD RUBY 10% si distingue per l'elevato contenuto di terpeni e le rare condizioni di coltivazione. Quest'olio non \u00e8 solo un altro prodotto CBD, ma una testimonianza dell'impegno di HempCare nel fornire un'esperienza CBD davvero unica ed efficace.<\/p>\n<h2 data-start=\"2132\" data-end=\"2167\">Come utilizzare il CBD HempCare RUBY 10%<\/h2>\n<p data-start=\"2169\" data-end=\"2537\">Per sperimentare tutti i benefici del CBD HempCare RUBY 10%, si consiglia di iniziare con 5 gocce due volte al giorno sotto la lingua. Tenere l'olio sotto la lingua per circa 20 secondi prima di deglutire per consentire il massimo assorbimento. Molti utenti riferiscono di averne avvertito gli effetti dopo alcuni giorni di uso costante, ma i risultati ottimali possono variare da persona a persona.<\/p>\n<p data-start=\"2539\" data-end=\"2956\">Se si verificano reazioni avverse, \u00e8 consigliabile ridurre il dosaggio. Tuttavia, l'organismo assorbe solo ci\u00f2 di cui ha bisogno e l'eventuale eccesso viene espulso naturalmente attraverso l'urina o il sudore. Se si sente il bisogno di un effetto pi\u00f9 forte, si pu\u00f2 aumentare gradualmente il dosaggio in base alle proprie esigenze. Il CBD RUBY 10% di HempCare offre un approccio flessibile all'uso del CBD, consentendo di regolarsi in base alla propria esperienza personale.<\/p>\n<h2 data-start=\"2958\" data-end=\"2997\">Ingredienti di HempCare RUBY 10% CBD<\/h2>\n<p data-start=\"2999\" data-end=\"3380\">HempCare RUBY 10% CBD \u00e8 composto da due ingredienti principali: olio di semi di canapa ed estratto di canapa. Questi ingredienti lavorano insieme per fornire una potente miscela di cannabinoidi, tra cui CBD, CBG e CBN, oltre a una variet\u00e0 di terpeni, flavonoidi e altri composti benefici. L'inclusione dell'olio di semi di canapa garantisce che il prodotto rimanga organico e privo di sostanze chimiche nocive.<\/p>\n<p data-start=\"3382\" data-end=\"3759\">I terpeni contenuti nel CBD HempCare RUBY 10%, come il bisabololo, sono noti per le loro propriet\u00e0 antibatteriche e antimicotiche e contribuiscono ai benefici terapeutici dell'olio. Questa combinazione di ingredienti naturali crea un prodotto efficace e sicuro per l'uso quotidiano. Senza additivi tossici, il CBD RUBY 10% di HempCare assicura che si ottenga solo il meglio dalla natura.<\/p>\n<p data-start=\"3761\" data-end=\"3773\"><strong data-start=\"3761\" data-end=\"3773\">Attenzione:<\/strong><\/p>\n<p data-start=\"3775\" data-end=\"3926\">Consultare un medico prima dell'uso, soprattutto in caso di gravidanza, allattamento o assunzione di farmaci. Non superare il dosaggio consigliato.<\/p>\n<p data-start=\"3934\" data-end=\"4234\" data-is-last-node=\"\">HempCare RUBY 10% CBD \u00e8 un prodotto unico ed efficace che combina le propriet\u00e0 curative naturali della canapa con la scienza moderna. Se siete alla ricerca di un sollievo dal dolore, di una riduzione dello stress o semplicemente di una spinta naturale al benessere, HempCare RUBY 10% CBD offre una soluzione completamente naturale per la vostra routine quotidiana.<\/p>","protected":false},"excerpt":{"rendered":"<p>HempCare RUBY 10% CBD \u00e8 un olio di CBD di qualit\u00e0 superiore ottenuto da una rara variet\u00e0 di canapa coltivata in montagna, arricchita con terpeni speciali. Questo olio naturale offre numerosi potenziali benefici, tra cui propriet\u00e0 antinfiammatorie e antistress, grazie alla sua composizione unica di cannabinoidi e terpeni.<\/p>","protected":false},"featured_media":82338,"template":"","meta":[],"product_brand":[],"product_cat":[454,297,451,628,461,455,630,819,460],"product_tag":[],"class_list":{"0":"post-36346","1":"product","2":"type-product","3":"status-publish","4":"has-post-thumbnail","6":"product_cat-cbd-oils","7":"product_cat-all-products","8":"product_cat-cbdshop","9":"product_cat-cbdshop-top-5","10":"product_cat-detox","11":"product_cat-healthshop","12":"product_cat-healthshop-top-10","13":"product_cat-hempcare","14":"product_cat-recovery","16":"first","17":"instock","18":"taxable","19":"shipping-taxable","20":"purchasable","21":"product-type-variable","22":"has-default-attributes"},"_links":{"self":[{"href":"https:\/\/www.headshop.nl\/it\/wp-json\/wp\/v2\/product\/36346","targetHints":{"allow":["GET"]}}],"collection":[{"href":"https:\/\/www.headshop.nl\/it\/wp-json\/wp\/v2\/product"}],"about":[{"href":"https:\/\/www.headshop.nl\/it\/wp-json\/wp\/v2\/types\/product"}],"wp:featuredmedia":[{"embeddable":true,"href":"https:\/\/www.headshop.nl\/it\/wp-json\/wp\/v2\/media\/82338"}],"wp:attachment":[{"href":"https:\/\/www.headshop.nl\/it\/wp-json\/wp\/v2\/media?parent=36346"}],"wp:term":[{"taxonomy":"product_brand","embeddable":true,"href":"https:\/\/www.headshop.nl\/it\/wp-json\/wp\/v2\/product_brand?post=36346"},{"taxonomy":"product_cat","embeddable":true,"href":"https:\/\/www.headshop.nl\/it\/wp-json\/wp\/v2\/product_cat?post=36346"},{"taxonomy":"product_tag","embeddable":true,"href":"https:\/\/www.headshop.nl\/it\/wp-json\/wp\/v2\/product_tag?post=36346"}],"curies":[{"name":"wp","href":"https:\/\/api.w.org\/{rel}","templated":true}]}}