{"id":36340,"date":"2021-08-25T08:07:43","date_gmt":"2021-08-25T08:07:43","guid":{"rendered":"https:\/\/www.headshop.nl\/?post_type=product&#038;p=36340"},"modified":"2025-02-18T08:57:55","modified_gmt":"2025-02-18T08:57:55","slug":"raw-cbd-oil-5-hempcare","status":"publish","type":"product","link":"https:\/\/www.headshop.nl\/it\/raw-cbd-oil-5-hempcare\/","title":{"rendered":"Raw CBD Olio (5%) Hempcare"},"content":{"rendered":"<h2>Raw CBD Olio da Hempcare<\/h2>\n<h2 data-start=\"403\" data-end=\"434\">Che cos'\u00e8 Hempcare RAW 5% CBD?<\/h2>\n<p data-start=\"436\" data-end=\"1064\">Hempcare RAW 5% CBD \u00e8 un olio di CBD organico di alta qualit\u00e0 ricavato dalla canapa. Questo prodotto si presenta nella sua forma pi\u00f9 pura, offrendo un estratto grezzo e non lavorato che conserva tutti i composti naturali presenti nella pianta di canapa, tra cui cannabinoidi, terpeni e flavonoidi. Questi composti lavorano insieme per fornire un beneficio olistico all'organismo, senza gli effetti psicoattivi associati all'THC. Il CBD Hempcare RAW 5% \u00e8 prodotto con estrazione a CO2, un metodo che preserva l'integrit\u00e0 naturale della pianta e garantisce un prodotto pulito ed efficace. Questo prodotto \u00e8 ideale per chi \u00e8 alle prime armi con il CBD e per chi preferisce un rimedio organico e naturale.<\/p>\n<h2 data-start=\"1071\" data-end=\"1104\">Storia di Hempcare RAW 5% CBD<\/h2>\n<p data-start=\"1106\" data-end=\"1790\">Il CBD viene utilizzato da secoli per i suoi benefici terapeutici, ma negli ultimi anni ha guadagnato una notevole attenzione. La storia dell'uso del CBD risale alle antiche civilt\u00e0 che ne conoscevano le propriet\u00e0 medicinali. Nel XX secolo, il CBD \u00e8 stato riconosciuto per i suoi potenziali benefici per la salute, portando a ulteriori ricerche e progressi nei metodi di estrazione. Hempcare RAW 5% CBD fa parte di questo movimento moderno, offrendo un'opzione grezza e non raffinata agli utenti che cercano un'esperienza di CBD puro. L'accurata selezione di piante di canapa organica e l'uso dell'estrazione a CO2 rendono questo prodotto una scelta affidabile per chi cerca l'intero spettro di benefici della pianta di canapa.<\/p>\n<h2 data-start=\"1797\" data-end=\"1830\">Come utilizzare Hempcare RAW 5% CBD<\/h2>\n<p data-start=\"1832\" data-end=\"2406\">Per ottenere il massimo dal CBD Hempcare RAW 5%, si consiglia di assumerlo per via sublinguale, mettendo alcune gocce sotto la lingua. Questo metodo consente un assorbimento pi\u00f9 rapido nel flusso sanguigno, garantendo risultati rapidi ed efficaci. Iniziare con un piccolo dosaggio e aumentare gradualmente in base alle esigenze individuali. Poich\u00e9 il prodotto \u00e8 naturale, i suoi effetti possono variare da persona a persona, quindi \u00e8 importante monitorare la propria risposta e adattarla in base alle necessit\u00e0. Hempcare RAW 5% CBD \u00e8 disponibile in un comodo flacone contagocce per un facile dosaggio, che lo rende un'aggiunta perfetta a qualsiasi routine quotidiana di benessere.<\/p>\n<h2 data-start=\"2413\" data-end=\"2450\">Ingredienti di Hempcare RAW 5% CBD<\/h2>\n<p data-start=\"2452\" data-end=\"3056\">Hempcare RAW 5% CBD \u00e8 prodotto con 100% ingredienti naturali, che garantiscono un prodotto puro e biologico. L'ingrediente principale \u00e8 l'estratto di canapa, che contiene una variet\u00e0 di cannabinoidi, tra cui CBD e CBG, oltre a terpeni e flavonoidi. Questi composti agiscono sinergicamente per sostenere la salute generale. Oltre all'estratto di canapa, il prodotto contiene olio di semi di canapa, che aggiunge una componente nutriente ricca di acidi grassi essenziali. Questa miscela di ingredienti derivati dalla canapa fa s\u00ec che il CBD Hempcare RAW 5% offra una gamma completa di benefici, dalla promozione del rilassamento alla riduzione delle infiammazioni.<\/p>\n<p data-start=\"3063\" data-end=\"3337\" data-is-last-node=\"\"><strong data-start=\"3063\" data-end=\"3075\">Attenzione:<\/strong><br data-start=\"3075\" data-end=\"3078\" \/>Come per qualsiasi integratore naturale, \u00e8 importante consultare un operatore sanitario prima di iniziare un nuovo regime a base di CBD, soprattutto in caso di gravidanza, allattamento o condizioni di salute esistenti. Tenere fuori dalla portata dei bambini. Conservare in un luogo fresco e asciutto.<\/p>","protected":false},"excerpt":{"rendered":"<p>Il CBD Hempcare RAW 5% \u00e8 un estratto di CBD puro e non trasformato dalla pianta di canapa. Contiene tutti i cannabinoidi, i flavonoidi e i terpeni essenziali senza gli effetti psicoattivi dell'THC. Questo prodotto naturale \u00e8 stato progettato per promuovere il rilassamento, alleviare il dolore e sostenere l'equilibrio mentale, rendendolo una scelta ideale per coloro che cercano un'introduzione delicata ai benefici del CBD.<\/p>","protected":false},"featured_media":82332,"template":"","meta":[],"product_brand":[],"product_cat":[454,297,451,628,455,819],"product_tag":[],"class_list":{"0":"post-36340","1":"product","2":"type-product","3":"status-publish","4":"has-post-thumbnail","6":"product_cat-cbd-oils","7":"product_cat-all-products","8":"product_cat-cbdshop","9":"product_cat-cbdshop-top-5","10":"product_cat-healthshop","11":"product_cat-hempcare","13":"first","14":"instock","15":"taxable","16":"shipping-taxable","17":"purchasable","18":"product-type-variable","19":"has-default-attributes"},"_links":{"self":[{"href":"https:\/\/www.headshop.nl\/it\/wp-json\/wp\/v2\/product\/36340","targetHints":{"allow":["GET"]}}],"collection":[{"href":"https:\/\/www.headshop.nl\/it\/wp-json\/wp\/v2\/product"}],"about":[{"href":"https:\/\/www.headshop.nl\/it\/wp-json\/wp\/v2\/types\/product"}],"wp:featuredmedia":[{"embeddable":true,"href":"https:\/\/www.headshop.nl\/it\/wp-json\/wp\/v2\/media\/82332"}],"wp:attachment":[{"href":"https:\/\/www.headshop.nl\/it\/wp-json\/wp\/v2\/media?parent=36340"}],"wp:term":[{"taxonomy":"product_brand","embeddable":true,"href":"https:\/\/www.headshop.nl\/it\/wp-json\/wp\/v2\/product_brand?post=36340"},{"taxonomy":"product_cat","embeddable":true,"href":"https:\/\/www.headshop.nl\/it\/wp-json\/wp\/v2\/product_cat?post=36340"},{"taxonomy":"product_tag","embeddable":true,"href":"https:\/\/www.headshop.nl\/it\/wp-json\/wp\/v2\/product_tag?post=36340"}],"curies":[{"name":"wp","href":"https:\/\/api.w.org\/{rel}","templated":true}]}}