{"id":36179,"date":"2021-08-24T07:57:14","date_gmt":"2021-08-24T07:57:14","guid":{"rendered":"https:\/\/www.headshop.nl\/?post_type=product&#038;p=36179"},"modified":"2026-03-29T01:26:22","modified_gmt":"2026-03-29T01:26:22","slug":"hawaiian-magic-mushroom-spores","status":"publish","type":"product","link":"https:\/\/www.headshop.nl\/it\/hawaiian-magic-mushroom-spores\/","title":{"rendered":"Hawaiian Spore di funghi magici"},"content":{"rendered":"<h2 dir=\"auto\">Cosa sono le spore del fungo magico Hawaiian?<\/h2>\n<p dir=\"auto\">Hawaiian Le spore di Magic Mushroom sono un prodotto di prima qualit\u00e0 per la coltivazione di potenti funghi psilocybe, noti per i loro intensi effetti psicoattivi. Consegnate in una fiala sterile da 5 ML, queste spore sono pronte per inoculare un substrato, semplificando la coltivazione per gli appassionati. Questa variet\u00e0 si colloca ai vertici della scala di potenza, promettendo allucinazioni vivide, sensi acuiti e una profonda connessione con la natura. Anche piccole dosi stimolano la creativit\u00e0 e l'introspezione. La fiala contiene micelio 100%, vermiculite e perlite per una qualit\u00e0 ottimale. Conservare in un luogo buio per mantenere la vitalit\u00e0. Ideali per gli adulti che esplorano la coscienza in un ambiente sicuro e controllato con un compagno fidato, queste spore richiedono una manipolazione attenta e procedure sterili per una coltivazione di successo e un'esperienza trasformativa.<\/p>\n<h2 dir=\"auto\">Storia di Hawaiian Spore di fungo magico<\/h2>\n<p dir=\"auto\">Originarie dei paesaggi tropicali delle Hawaii, le spore del fungo magico Hawaiian appartengono a una potente variet\u00e0 di psilocybe venerata da coltivatori e psiconauti. Storicamente utilizzati nelle pratiche spirituali e sciamaniche, questi funghi si sono fatti notare per la loro forza. I moderni progressi della micologia hanno permesso la distribuzione sterile in fiale di coltura, rendendo la coltivazione domestica pi\u00f9 sicura e facile. La potenza costante e la crescita affidabile di questa variet\u00e0 l'hanno resa una delle preferite dalla comunit\u00e0 psichedelica, celebrata per le sue esperienze profonde e di espansione della mente. La sua eredit\u00e0, radicata nella natura e nell'esplorazione umana, continua attraverso una corretta manipolazione e conservazione per preservare la qualit\u00e0 e onorare la sua ricca eredit\u00e0.<\/p>\n<h2 dir=\"auto\">Come usare le spore del fungo magico Hawaiian<\/h2>\n<p dir=\"auto\">La coltivazione delle spore del fungo magico Hawaiian richiede precisione e sterilit\u00e0. Lavare accuratamente le mani e pulire l'esterno della fiala di coltura con un tampone sterile di alcol. In un ambiente pulito, aprire la confezione della siringa sterile, allentare leggermente il tappo dell'ampolla e inserire l'ago attraverso il sigillo di gomma per riempire la siringa con la coltura di spore. Inoculare uniformemente il substrato scelto e lasciarlo crescere a temperatura ambiente. Entro pochi giorni dovrebbe comparire un micelio visibile, segno di successo. Conservare le spore non utilizzate in uno spazio buio. Lavorate in un ambiente controllato per garantire funghi rigogliosi e un'esperienza potente e gratificante con questa potente variet\u00e0.<\/p>\n<h2 dir=\"auto\">Ingredienti di Hawaiian Spore di fungo magico<\/h2>\n<p dir=\"auto\">Ogni fiala di coltura da 5 ML contiene componenti di alta qualit\u00e0 per una coltivazione di successo: micelio 100%, la base per la crescita dei funghi; vermiculite, per trattenere l'umidit\u00e0, e perlite, per l'aerazione e il drenaggio. Prodotti in condizioni sterili, questi ingredienti garantiscono purezza e potenza. La semplice composizione privilegia la qualit\u00e0, favorendo una crescita robusta di un ceppo di psilocybe altamente potente. Conservare in un luogo buio per mantenere l'efficacia. Questi componenti consentono ai coltivatori di coltivare funghi che offrono profondi effetti sensoriali e creativi in modo sicuro e controllato.<\/p>\n<p dir=\"auto\"><strong>Avvertenze<\/strong><\/p>\n<p dir=\"auto\">Tenere Hawaiian Magic Mushroom Spores fuori dalla portata dei bambini. Usare solo in un ambiente interno sicuro, in presenza di un compagno fidato. Non utilizzare in caso di gravidanza o allattamento, poich\u00e9 pu\u00f2 comportare rischi per la salute. Il consumo compromette la capacit\u00e0 di guidare o di manovrare macchinari. Evitare la combinazione con alcol, droghe o farmaci a causa di interazioni imprevedibili. Non \u00e8 consigliata ai minori di 18 anni. Seguire procedure sterili durante la coltivazione per evitare contaminazioni e garantire la sicurezza.<\/p>","protected":false},"excerpt":{"rendered":"<p>Per ogni psiconauta, Hawaiian Magic Mushrooms parla della potenza di questa straordinaria variet\u00e0 e di ci\u00f2 che accade con qualche fungo. La psilocibina \u00e8 nota per i suoi viaggi energetici e mentalmente potenti. Questo fungo non \u00e8 come la maggior parte di quelli che si trovano in giro, in quanto sono piuttosto forti quando si tratta di visioni - ma li raccomandiamo solo ai trippers pi\u00f9 esperti a causa dei loro intensi effetti spirituali e trippy.<\/p>","protected":false},"featured_media":36150,"template":"","meta":[],"product_brand":[],"product_cat":[399,297,403,398,384],"product_tag":[978],"class_list":{"0":"post-36179","1":"product","2":"type-product","3":"status-publish","4":"has-post-thumbnail","6":"product_cat-shroomshop","7":"product_cat-all-products","8":"product_cat-magic-mushroom-spore-syringes","9":"product_cat-mushrooms","10":"product_cat-smartshop","11":"product_tag-shrdeal","12":"product_shipping_class-group-7","14":"first","15":"instock","16":"taxable","17":"shipping-taxable","18":"purchasable","19":"product-type-variable","20":"has-default-attributes"},"_links":{"self":[{"href":"https:\/\/www.headshop.nl\/it\/wp-json\/wp\/v2\/product\/36179","targetHints":{"allow":["GET"]}}],"collection":[{"href":"https:\/\/www.headshop.nl\/it\/wp-json\/wp\/v2\/product"}],"about":[{"href":"https:\/\/www.headshop.nl\/it\/wp-json\/wp\/v2\/types\/product"}],"wp:featuredmedia":[{"embeddable":true,"href":"https:\/\/www.headshop.nl\/it\/wp-json\/wp\/v2\/media\/36150"}],"wp:attachment":[{"href":"https:\/\/www.headshop.nl\/it\/wp-json\/wp\/v2\/media?parent=36179"}],"wp:term":[{"taxonomy":"product_brand","embeddable":true,"href":"https:\/\/www.headshop.nl\/it\/wp-json\/wp\/v2\/product_brand?post=36179"},{"taxonomy":"product_cat","embeddable":true,"href":"https:\/\/www.headshop.nl\/it\/wp-json\/wp\/v2\/product_cat?post=36179"},{"taxonomy":"product_tag","embeddable":true,"href":"https:\/\/www.headshop.nl\/it\/wp-json\/wp\/v2\/product_tag?post=36179"}],"curies":[{"name":"wp","href":"https:\/\/api.w.org\/{rel}","templated":true}]}}