{"id":36127,"date":"2021-08-24T07:33:39","date_gmt":"2021-08-24T07:33:39","guid":{"rendered":"https:\/\/www.headshop.nl\/?post_type=product&#038;p=36127"},"modified":"2025-10-16T07:04:04","modified_gmt":"2025-10-16T07:04:04","slug":"mazatapec-magic-mushroom-spores","status":"publish","type":"product","link":"https:\/\/www.headshop.nl\/it\/mazatapec-magic-mushroom-spores\/","title":{"rendered":"Mazatapec Spore di fungo magico"},"content":{"rendered":"<h2 dir=\"auto\">Cosa sono le spore del fungo magico Mazatapec?<\/h2>\n<p dir=\"auto\">Le spore del fungo magico Mazatapec, una potente variet\u00e0 di Psilocybe cubensis proveniente da Mazatapec, Mexico, sono apprezzate per i loro effetti spirituali e visivi. Fornite in una fiala sterile da 5 ML con micelio 100%, vermiculite e perlite, queste spore riducono al minimo i rischi di contaminazione, rendendo la coltivazione accessibile a principianti ed esperti. Radicate in antichi rituali Mexican, offrono esperienze psichedeliche profonde e introspettive. Conservare in un ambiente buio e refrigerato (2-8\u00b0C) per mantenere la vitalit\u00e0. Rinomate per il loro equilibrio di facilit\u00e0 e potenza, le spore Mazatapec sono una scelta popolare per i viaggi di trasformazione nella comunit\u00e0 psichedelica.<\/p>\n<h2 dir=\"auto\">Storia delle spore del fungo magico Mazatapec<\/h2>\n<p dir=\"auto\">Originarie del Mazatapec, Mexico, le spore del fungo magico Mazatapec sono state al centro dei rituali spirituali indigeni, collegando gli utenti ai regni divini. Diventate famose durante l'ondata psichedelica del XX secolo, la loro resilienza e facilit\u00e0 di coltivazione le ha rese le preferite dai micologi. Lo sviluppo della Culture Ampoule ha migliorato la loro accessibilit\u00e0 garantendo la sterilit\u00e0. Celebre per i suoi effetti visivi e spirituali, questa variet\u00e0 fonde l'eredit\u00e0 culturale di Mexico con la micologia moderna, rimanendo una scelta apprezzata da chi cerca esperienze psichedeliche significative legate alle antiche tradizioni.<\/p>\n<h2 dir=\"auto\">Come utilizzare le spore del fungo magico Mazatapec<\/h2>\n<p dir=\"auto\">L'uso delle spore del fungo magico Mazatapec \u00e8 semplice grazie all'ampolla sterile di coltura. Lavare accuratamente le mani e pulire l'esterno dell'ampolla con un tampone sterile di alcol. In un ambiente pulito, aprire la confezione della siringa sterile, allentare leggermente il tappo dell'ampolla e prelevare la coltura da 5 ML attraverso il sigillo di gomma. Inoculare uniformemente il substrato e conservare a temperatura ambiente. Il micelio compare in pochi giorni, anche se Mazatapec richiede pazienza a causa di un ciclo di crescita pi\u00f9 lungo. Mantenere la sterilit\u00e0 e consumare in un ambiente sicuro con un compagno fidato, iniziando con una dose bassa.<\/p>\n<h2 dir=\"auto\">Ingredienti di Mazatapec Spore di fungo magico<\/h2>\n<p dir=\"auto\">Ogni fiala di coltura da 5 ML contiene 100% di micelio, vermiculite e perlite, preparati in condizioni sterili per garantire purezza e crescita robusta. Il micelio favorisce lo sviluppo dei funghi, la vermiculite trattiene l'umidit\u00e0 e la perlite migliora l'aerazione e il drenaggio. Questa miscela priva di additivi favorisce la potenza e l'accessibilit\u00e0 del ceppo Mazatapec. Conservare in un ambiente buio e refrigerato (2-8\u00b0C) per preservare la vitalit\u00e0. Questi componenti di alta qualit\u00e0 creano un ambiente di coltivazione ottimale, offrendo un prodotto affidabile ed efficace per i coltivatori principianti e stagionati alla ricerca di un'esperienza psichedelica gratificante.<\/p>\n<p dir=\"auto\"><strong>Avvertenze<\/strong><\/p>\n<p dir=\"auto\">Tenere Mazatapec Magic Mushroom Spores fuori dalla portata dei bambini e utilizzarlo in un ambiente interno sicuro, in presenza di un compagno fidato. Non utilizzare in caso di gravidanza o allattamento a causa dei potenziali rischi. Il consumo di questo prodotto compromette la guida o l'uso di macchinari. Evitare l'associazione con alcol, droghe o farmaci per evitare effetti imprevedibili. Non adatto ai minori di 18 anni. Conservare in un ambiente buio e refrigerato (2-8\u00b0C) e seguire le istruzioni di coltivazione per un uso sicuro e responsabile.<\/p>","protected":false},"excerpt":{"rendered":"<p>I funghi magici Mazatapec non solo offrono un'esperienza pi\u00f9 positiva ed equilibrata rispetto ad altri ceppi di psichedelici, ma aumentano anche la creativit\u00e0. Con la nostra soluzione di spore di funghi magici colonizzate, potete coltivare tutti i funghi magici che volete! Bello, vero?<\/p>","protected":false},"featured_media":36180,"template":"","meta":[],"product_brand":[],"product_cat":[399,297,403,398,384],"product_tag":[978],"class_list":{"0":"post-36127","1":"product","2":"type-product","3":"status-publish","4":"has-post-thumbnail","6":"product_cat-shroomshop","7":"product_cat-all-products","8":"product_cat-magic-mushroom-spore-syringes","9":"product_cat-mushrooms","10":"product_cat-smartshop","11":"product_tag-shrdeal","12":"product_shipping_class-group-7","14":"first","15":"instock","16":"taxable","17":"shipping-taxable","18":"purchasable","19":"product-type-variable","20":"has-default-attributes"},"_links":{"self":[{"href":"https:\/\/www.headshop.nl\/it\/wp-json\/wp\/v2\/product\/36127","targetHints":{"allow":["GET"]}}],"collection":[{"href":"https:\/\/www.headshop.nl\/it\/wp-json\/wp\/v2\/product"}],"about":[{"href":"https:\/\/www.headshop.nl\/it\/wp-json\/wp\/v2\/types\/product"}],"wp:featuredmedia":[{"embeddable":true,"href":"https:\/\/www.headshop.nl\/it\/wp-json\/wp\/v2\/media\/36180"}],"wp:attachment":[{"href":"https:\/\/www.headshop.nl\/it\/wp-json\/wp\/v2\/media?parent=36127"}],"wp:term":[{"taxonomy":"product_brand","embeddable":true,"href":"https:\/\/www.headshop.nl\/it\/wp-json\/wp\/v2\/product_brand?post=36127"},{"taxonomy":"product_cat","embeddable":true,"href":"https:\/\/www.headshop.nl\/it\/wp-json\/wp\/v2\/product_cat?post=36127"},{"taxonomy":"product_tag","embeddable":true,"href":"https:\/\/www.headshop.nl\/it\/wp-json\/wp\/v2\/product_tag?post=36127"}],"curies":[{"name":"wp","href":"https:\/\/api.w.org\/{rel}","templated":true}]}}