{"id":36039,"date":"2021-08-23T11:55:28","date_gmt":"2021-08-23T11:55:28","guid":{"rendered":"https:\/\/www.headshop.nl\/?post_type=product&#038;p=36039"},"modified":"2025-10-16T07:02:44","modified_gmt":"2025-10-16T07:02:44","slug":"hawaiian-magic-mushroom-grow-kit","status":"publish","type":"product","link":"https:\/\/www.headshop.nl\/it\/hawaiian-magic-mushroom-grow-kit\/","title":{"rendered":"Hawaiian Kit per la coltivazione dei funghi magici"},"content":{"rendered":"<h2 class=\"\" dir=\"auto\">Cosa sono i funghi magici Hawaiian?<\/h2>\n<p class=\"break-words\" dir=\"auto\">Hawaiian I funghi magici, o Copelandia Cyanescens, sono una variet\u00e0 rara e potente, nota per gli intensi effetti visivi e le esperienze di lunga durata, nonostante le dimensioni ridotte. Molto apprezzati dai coltivatori esperti, questi funghi producono effetti potenti con un dosaggio minimo, rendendoli un'aggiunta unica al mondo degli psichedelici.<\/p>\n<p class=\"break-words\" dir=\"auto\">Il Magic Mushroom Growkit Hawaiian semplifica la coltivazione domestica e comprende un kit di coltivazione, un sacchetto di coltivazione filtrato, vassoi di terriccio e una graffetta. Con un'attenta cura della temperatura e dell'umidit\u00e0, i coltivatori possono produrre fino a 100 grammi in pi\u00f9 fasi, offrendo un'entusiasmante opportunit\u00e0 sia ai coltivatori esperti che ai principianti avventurosi di esplorare questa straordinaria variet\u00e0.<\/p>\n<h2 class=\"\" dir=\"auto\">Storia dei funghi magici Hawaiian<\/h2>\n<p class=\"break-words\" dir=\"auto\">Originari dei paesaggi tropicali delle Hawaii, i funghi magici Hawaiian, conosciuti come Copelandia Cyanescens, hanno una ricca storia legata alle pratiche spirituali indigene. Venerati per secoli, questi funghi sono stati usati nelle cerimonie per indurre una profonda introspezione e connessione con la natura, guadagnandosi la reputazione di \"Santo Graal\" dei funghi magici.<\/p>\n<p class=\"break-words\" dir=\"auto\">I moderni progressi della micologia hanno reso accessibile la coltivazione attraverso il Magic Mushroom Growkit Hawaiian, che unisce antichi composti psicoattivi a una tecnologia di facile utilizzo. Il loro difficile processo di coltivazione, dovuto alla loro sensibilit\u00e0, continua ad affascinare i coltivatori che cercano di collegare le pratiche tradizionali con l'esplorazione contemporanea dei loro effetti vividi e prolungati.<\/p>\n<h2 class=\"\" dir=\"auto\">Come utilizzare i funghi magici Hawaiian<\/h2>\n<p class=\"break-words\" dir=\"auto\">La coltivazione dei funghi magici Hawaiian richiede un approccio meticoloso ma semplice, utilizzando il kit di coltivazione fornito. Iniziate con le mani pulite, spargete uniformemente il terriccio nel kit, nebulizzatelo fino a renderlo molto umido e inseritelo nel sacchetto di coltivazione filtrato, fissandolo con la graffetta. Per mantenere l'umidit\u00e0 e la qualit\u00e0 dell'aria, \u00e8 essenziale nebulizzare quotidianamente e rinfrescare l'ossigeno strizzando il sacchetto.<\/p>\n<p class=\"break-words\" dir=\"auto\">I funghi si formano entro 6-11 giorni; dopodich\u00e9, rimuovere il kit dalla busta, nebulizzare solo l'interno della busta e raccogliere 36 ore dopo la comparsa delle spore nere, in genere 5-7 giorni dopo l'inizio della crescita, spezzandole alla base. Ripetere il processo di nebulizzazione per ulteriori cicli di crescita, assicurando una cura costante per massimizzare la resa sensibile e gratificante del kit.<\/p>\n<h2 class=\"\" dir=\"auto\">Ingredienti di Hawaiian Funghi Magici<\/h2>\n<p class=\"break-words\" dir=\"auto\">Il Magic Mushroom Growkit Hawaiian contiene tutti gli elementi essenziali per la coltivazione della Copelandia Cyanescens, tra cui un kit di coltivazione pre-preparato con un substrato ottimizzato, due vassoi di terreno, un sacchetto di coltivazione filtrato e una graffetta. Il contenuto di psilocibina dei funghi, che si converte in psilocina nell'organismo, determina i loro effetti allucinogeni interagendo con i recettori della serotonina, influenzando l'umore e la percezione.<\/p>\n<p class=\"break-words\" dir=\"auto\">Richiedendo solo acqua e un'attenta manutenzione, il substrato fornisce i nutrienti ideali per questi funghi sensibili, eliminando la necessit\u00e0 di attrezzature complesse. Il design all-in-one enfatizza la pulizia e la precisione, consentendo ai coltivatori di ottenere rese potenti con forti effetti visivi grazie al controllo della temperatura, dell'umidit\u00e0 e dei livelli di ossigeno.<\/p>\n<p dir=\"auto\"><strong>Avvertenza: Informazioni sulla sicurezza<\/strong><\/p>\n<p class=\"break-words\" dir=\"auto\">Hawaiian I funghi magici contengono psilocibina e psilocina, potenti allucinogeni che possono indurre vivide allucinazioni e stati alterati di coscienza agendo sul sistema cerebrale della serotonina. Maneggiare e consumare con cautela a causa delle loro forti propriet\u00e0 psicoattive.<\/p>\n<p class=\"break-words\" dir=\"auto\">Conservare i funghi e il growkit fuori dalla portata dei bambini per evitare l'ingestione accidentale. Mantenere un ambiente pulito per evitare contaminazioni e refrigerare il growkit per preservarne la durata di 6 settimane, poich\u00e9 la vitalit\u00e0 \u00e8 limitata al di fuori della refrigerazione.<\/p>","protected":false},"excerpt":{"rendered":"<p>Una delle variet\u00e0 di funghi magici pi\u00f9 forti in circolazione che vi dar\u00e0 viaggi \"amichevoli\" con una gamma completa di variazioni. Esperienza spirituale intensa con sufficienti distorsioni visive. Questa non \u00e8 una variet\u00e0 di psilocybe cubensis, che \u00e8 ottima per gli psiconauti gi\u00e0 esperti che vogliono aggiungere nuova potenza al loro viaggio. Sono molto molto forti. Davvero.<\/p>","protected":false},"featured_media":36097,"template":"","meta":[],"product_brand":[],"product_cat":[399,297,400,398,384,834],"product_tag":[978],"class_list":{"0":"post-36039","1":"product","2":"type-product","3":"status-publish","4":"has-post-thumbnail","6":"product_cat-shroomshop","7":"product_cat-all-products","8":"product_cat-magic-mushroom-grow-kits","9":"product_cat-mushrooms","10":"product_cat-smartshop","11":"product_cat-strong-magic-mushrooms","12":"product_tag-shrdeal","13":"product_shipping_class-group-7","15":"first","16":"instock","17":"taxable","18":"shipping-taxable","19":"purchasable","20":"product-type-variable","21":"has-default-attributes"},"_links":{"self":[{"href":"https:\/\/www.headshop.nl\/it\/wp-json\/wp\/v2\/product\/36039","targetHints":{"allow":["GET"]}}],"collection":[{"href":"https:\/\/www.headshop.nl\/it\/wp-json\/wp\/v2\/product"}],"about":[{"href":"https:\/\/www.headshop.nl\/it\/wp-json\/wp\/v2\/types\/product"}],"wp:featuredmedia":[{"embeddable":true,"href":"https:\/\/www.headshop.nl\/it\/wp-json\/wp\/v2\/media\/36097"}],"wp:attachment":[{"href":"https:\/\/www.headshop.nl\/it\/wp-json\/wp\/v2\/media?parent=36039"}],"wp:term":[{"taxonomy":"product_brand","embeddable":true,"href":"https:\/\/www.headshop.nl\/it\/wp-json\/wp\/v2\/product_brand?post=36039"},{"taxonomy":"product_cat","embeddable":true,"href":"https:\/\/www.headshop.nl\/it\/wp-json\/wp\/v2\/product_cat?post=36039"},{"taxonomy":"product_tag","embeddable":true,"href":"https:\/\/www.headshop.nl\/it\/wp-json\/wp\/v2\/product_tag?post=36039"}],"curies":[{"name":"wp","href":"https:\/\/api.w.org\/{rel}","templated":true}]}}