{"id":36015,"date":"2021-08-23T11:55:06","date_gmt":"2021-08-23T11:55:06","guid":{"rendered":"https:\/\/www.headshop.nl\/?post_type=product&#038;p=36015"},"modified":"2025-12-06T01:27:06","modified_gmt":"2025-12-06T01:27:06","slug":"mazatapec-magic-mushroom-grow-kit","status":"publish","type":"product","link":"https:\/\/www.headshop.nl\/it\/mazatapec-magic-mushroom-grow-kit\/","title":{"rendered":"Mazatapec Kit per la coltivazione di funghi magici"},"content":{"rendered":"<h2 dir=\"auto\">Cosa sono i kit di coltivazione Mazatapec?<\/h2>\n<p dir=\"auto\">Il Growkit Mazatapec \u00e8 una soluzione completa per coltivare i funghi magici a casa, offrendo un'esperienza spirituale e visivamente ricca che affonda le sue radici nell'eredit\u00e0 Mexican. Comprendente un sacchetto di coltivazione con filtri d'aria e graffette, questo kit richiede solo acqua e semplici istruzioni per produrre fino a tre raccolti, con il primo che produce circa 400 grammi da un kit da 1200 cc.<\/p>\n<p dir=\"auto\">Ideale per i principianti e gli appassionati, il kit rimane utilizzabile per sei mesi se refrigerato, anche se la sua durata di conservazione \u00e8 altrimenti limitata. Il suo design facile da usare elimina la necessit\u00e0 di attrezzature specializzate, garantendo funghi costanti e di alta qualit\u00e0 e celebrando le antiche tradizioni di coltivazione con la comodit\u00e0 moderna.<\/p>\n<h2 dir=\"auto\">Storia dei kit di crescita Mazatapec<\/h2>\n<p dir=\"auto\">Chiamati cos\u00ec in onore del popolo Mexico dei Mazatechi, i funghi Mazatapec sono stati usati per secoli nelle cerimonie spirituali per entrare in contatto con il divino. Il loro significato culturale ha ispirato lo sviluppo del Growkit Mazatapec alla fine del XX secolo, quando i progressi della micologia hanno reso la coltivazione domestica accessibile a un pubblico globale.<\/p>\n<p dir=\"auto\">Il kit all-in-one combina substrato, spore e un ambiente controllato, preservando le potenti propriet\u00e0 della variet\u00e0 e semplificando il processo. Oggi, fonde la riverenza storica con l'innovazione scientifica, attraendo chi cerca un'esperienza profonda legata alle antiche tradizioni e alla moderna esplorazione psichedelica.<\/p>\n<h2 dir=\"auto\">Come usare i kit di coltivazione Mazatapec<\/h2>\n<p dir=\"auto\">Per utilizzare il Growkit Mazatapec, pulire le mani e l'esterno del kit, quindi immergerlo in acqua tiepida (20\u00b0C) per cinque minuti, non oltre un'ora. Scolare, mettere nel sacchetto di coltivazione con 200-250 ml di acqua, sigillare con graffette e conservare a 20-25\u00b0C, evitando la luce del sole, fino alla formazione di capolini in 10-20 giorni.<\/p>\n<p dir=\"auto\">Quando compaiono le capocchie di spillo, arieggiare il sacchetto ogni giorno e nebulizzare leggermente. Raccogliere i funghi appena prima che il velo si rompa torcendoli, ripetendo l'operazione per un massimo di tre sciacqui. Questo metodo semplice, supportato dal design del kit, assicura una crescita ottimale e un'esperienza gratificante e spirituale con il minimo sforzo.<\/p>\n<h2 dir=\"auto\">Ingredienti dei kit di crescita Mazatapec<\/h2>\n<p dir=\"auto\">Il Growkit Mazatapec presenta un substrato sterilizzato di materiali organici come grano, vermiculite e perlite, infuso con spore di Mazatapec per favorire una crescita robusta. Un sacchetto di coltivazione con filtri per l'aria e due graffette mantiene i livelli di umidit\u00e0 e CO2, richiedendo solo acqua tiepida per avviare la coltivazione senza l'aggiunta di sostanze chimiche.<\/p>\n<p dir=\"auto\">Le spore contengono naturalmente psilocibina, che provoca gli effetti psicoattivi dei funghi. Questo design naturale e snello assicura rese autentiche e potenti, riflettendo il significato storico della variet\u00e0 e rendendo la coltivazione accessibile ed efficace per i consumatori che cercano un'esperienza autentica e di alta qualit\u00e0.<\/p>\n<p dir=\"auto\"><strong>Avvertenze<\/strong><\/p>\n<p dir=\"auto\">I funghi Mazatapec contengono psilocibina e psilocina, potenti allucinogeni che alterano l'umore, la percezione e la cognizione influenzando i livelli di serotonina. Consumare con cautela in un ambiente sicuro a causa dei loro forti effetti.<\/p>\n<p dir=\"auto\">Conservare i funghi e il kit di coltivazione fuori dalla portata dei bambini per evitare l'ingestione accidentale. Consultare un operatore sanitario prima dell'uso, soprattutto se si hanno condizioni mediche o si assumono farmaci, per garantire un uso sicuro e responsabile.<\/p>","protected":false},"excerpt":{"rendered":"<p>L'esperienza psichedelica con i funghi magici Mazatapec \u00e8 pi\u00f9 equilibrata di quanto ci si possa aspettare. Tendono a fornire forti visioni, pur non facendo sentire l'utente confuso come fanno altri ceppi di psilocibina. Un'ottima opzione forte per chi cerca un'esperienza psichedelica visiva di alto livello!<\/p>","protected":false},"featured_media":36105,"template":"","meta":[],"product_brand":[],"product_cat":[399,297,400,398,384,834],"product_tag":[978],"class_list":{"0":"post-36015","1":"product","2":"type-product","3":"status-publish","4":"has-post-thumbnail","6":"product_cat-shroomshop","7":"product_cat-all-products","8":"product_cat-magic-mushroom-grow-kits","9":"product_cat-mushrooms","10":"product_cat-smartshop","11":"product_cat-strong-magic-mushrooms","12":"product_tag-shrdeal","13":"product_shipping_class-group-7","15":"first","16":"instock","17":"taxable","18":"shipping-taxable","19":"purchasable","20":"product-type-variable","21":"has-default-attributes"},"_links":{"self":[{"href":"https:\/\/www.headshop.nl\/it\/wp-json\/wp\/v2\/product\/36015","targetHints":{"allow":["GET"]}}],"collection":[{"href":"https:\/\/www.headshop.nl\/it\/wp-json\/wp\/v2\/product"}],"about":[{"href":"https:\/\/www.headshop.nl\/it\/wp-json\/wp\/v2\/types\/product"}],"wp:featuredmedia":[{"embeddable":true,"href":"https:\/\/www.headshop.nl\/it\/wp-json\/wp\/v2\/media\/36105"}],"wp:attachment":[{"href":"https:\/\/www.headshop.nl\/it\/wp-json\/wp\/v2\/media?parent=36015"}],"wp:term":[{"taxonomy":"product_brand","embeddable":true,"href":"https:\/\/www.headshop.nl\/it\/wp-json\/wp\/v2\/product_brand?post=36015"},{"taxonomy":"product_cat","embeddable":true,"href":"https:\/\/www.headshop.nl\/it\/wp-json\/wp\/v2\/product_cat?post=36015"},{"taxonomy":"product_tag","embeddable":true,"href":"https:\/\/www.headshop.nl\/it\/wp-json\/wp\/v2\/product_tag?post=36015"}],"curies":[{"name":"wp","href":"https:\/\/api.w.org\/{rel}","templated":true}]}}