{"id":35987,"date":"2021-08-19T11:15:18","date_gmt":"2021-08-19T11:15:18","guid":{"rendered":"https:\/\/www.headshop.nl\/?post_type=product&#038;p=35987"},"modified":"2025-06-06T06:35:22","modified_gmt":"2025-06-06T06:35:22","slug":"ololiuqui-seeds","status":"publish","type":"product","link":"https:\/\/www.headshop.nl\/it\/ololiuqui-seeds\/","title":{"rendered":"Semi Ololiuqui"},"content":{"rendered":"<h2 data-start=\"0\" data-end=\"27\">Che cos'\u00e8 la Rivea Corymbosa?<\/h2>\n<p data-start=\"29\" data-end=\"706\">La Rivea Corymbosa, comunemente nota come Ololiuqui, \u00e8 una specie vegetale della famiglia delle \"Morning Glory\". I suoi semi, spesso chiamati Ololiuqui, sono stati utilizzati per secoli dalle culture indigene del Messico per le loro propriet\u00e0 psicoattive e medicinali. La pianta presenta fiori bianchi e i suoi semi contengono il composto attivo dell'ammide dell'acido lisergico (LSA), una sostanza naturale simile alla LSD. Tuttavia, a differenza dell'LSD, l'LSA induce un'esperienza psichedelica pi\u00f9 graduale e introspettiva, spesso utilizzata per la meditazione, la scoperta di s\u00e9 o i viaggi visionari. Queste esperienze si sviluppano nell'arco di diverse ore, offrendo un viaggio interno e controllato piuttosto che intense allucinazioni esterne.<\/p>\n<p data-start=\"708\" data-end=\"997\">Storicamente, gli Aztechi apprezzavano questi semi per il loro significato spirituale, ritenendo che li aiutassero a connettersi con i regni superiori. In tempi moderni, la Rivea Corymbosa continua a essere utilizzata da persone che cercano stati alterati di coscienza per scopi meditativi e introspettivi.<\/p>\n<h2 data-start=\"999\" data-end=\"1028\">Storia di Rivea Corymbosa<\/h2>\n<p data-start=\"1030\" data-end=\"1386\">La Rivea Corymbosa ha radici profonde nelle culture Mesoamericane, dove viene utilizzata da oltre mille anni. Gli Aztechi, una civilt\u00e0 avanzata, sono noti per aver usato i semi in rituali sacri. I semi erano chiamati Ololiuqui, che significa \"seme rotondo\", e si riteneva che avessero un significato spirituale, spesso usato dagli sciamani durante le cerimonie religiose.<\/p>\n<p data-start=\"1388\" data-end=\"1842\">Questi semi svolgevano un ruolo essenziale nelle pratiche sciamaniche, tra cui la divinazione, l'introspezione e la ricerca della saggezza. Gli sciamani consumavano i semi per entrare in stati alterati di coscienza, che portavano a visioni e intuizioni profonde che si pensava facilitassero la connessione divina. Nonostante il suo uso antico, i potenziali benefici della Rivea Corymbosa sono riconosciuti ancora oggi, soprattutto nelle comunit\u00e0 che si occupano di benessere alternativo e di espansione della coscienza.<\/p>\n<h2 data-start=\"1844\" data-end=\"1873\">Come utilizzare Rivea Corymbosa<\/h2>\n<p data-start=\"1875\" data-end=\"2137\">I semi di Rivea Corymbosa sono tipicamente consumati per i loro effetti psicoattivi. Il metodo tradizionale prevede la macinazione dei semi in polvere fine e l'immersione in acqua calda, che aiuta ad attivare l'LSA, il composto psicoattivo responsabile dell'esperienza.<\/p>\n<p data-start=\"2139\" data-end=\"2475\">Si consiglia di iniziare con una piccola dose di circa 12-22 semi. Dopo la macinazione, mettere a bagno i semi in acqua tiepida per alcune ore. Una volta ammollati, l'acqua pu\u00f2 essere consumata insieme ai semi ammorbiditi. Alcuni utenti preferiscono masticare i semi dopo l'ammollo, ma questo pu\u00f2 causare disturbi allo stomaco e va affrontato con cautela.<\/p>\n<p data-start=\"2477\" data-end=\"2785\">Gli effetti richiedono generalmente circa un'ora per fare effetto e durano circa 8 ore. L'intensit\u00e0 dell'esperienza pu\u00f2 variare a seconda dell'ambiente e dello stato mentale dell'utilizzatore. \u00c8 meglio consumare la Rivea Corymbosa in un ambiente tranquillo e sereno per apprezzare appieno i suoi effetti introspettivi e visionari.<\/p>\n<p data-start=\"2787\" data-end=\"2797\"><strong>Avvertenze<\/strong><\/p>\n<p data-start=\"2799\" data-end=\"3156\">La Rivea Corymbosa deve essere usata in modo responsabile. Un consumo eccessivo dei semi pu\u00f2 provocare effetti collaterali negativi, tra cui nausea e vomito, soprattutto per chi non \u00e8 abituato alle sostanze psicoattive. Iniziare sempre con una dose bassa e aumentare gradualmente se necessario. \u00c8 fondamentale garantire un ambiente sicuro e favorevole a un'esperienza positiva.<\/p>\n<h2 data-start=\"3158\" data-end=\"3191\">Ingredienti della Rivea Corymbosa<\/h2>\n<p data-start=\"3193\" data-end=\"3547\">L'ingrediente attivo principale della Rivea Corymbosa \u00e8 l'ammide dell'acido lisergico (LSA), un composto che condivide una struttura simile a quella dell'LSD. Pur offrendo un'esperienza psichedelica, l'LSA non provoca le intense allucinazioni associate all'LSD. Offre invece un viaggio pi\u00f9 introspettivo e calmante, spesso descritto come una delicata esperienza di alterazione della mente.<\/p>\n<p data-start=\"3549\" data-end=\"3796\">Oltre all'LSA, i semi contengono una serie di alcaloidi e composti bioattivi che contribuiscono agli effetti psicoattivi. Questi composti influenzano l'insorgenza graduale e la durata prolungata dell'esperienza, che in genere dura diverse ore.<\/p>\n<p data-start=\"3798\" data-end=\"4117\">Sebbene l'LSA sia il composto pi\u00f9 potente e significativo dei semi, l'esatta composizione chimica e le sue interazioni con l'organismo sono ancora oggetto di studio. Questi composti lavorano insieme per creare un'esperienza psichedelica unica e controllata, distinguendo la Rivea Corymbosa da altre sostanze della stessa categoria.<\/p>\n<p data-start=\"4119\" data-end=\"4129\"><strong>Avvertenze<\/strong><\/p>\n<p data-start=\"4131\" data-end=\"4369\" data-is-last-node=\"\">Attenersi sempre alle dosi consigliate quando si utilizza Rivea Corymbosa per evitare potenziali effetti collaterali. Un consumo eccessivo pu\u00f2 provocare nausea, vomito e sensazioni di sovraccarico, quindi \u00e8 essenziale affrontare l'uso con attenzione e moderazione.<\/p>","protected":false},"excerpt":{"rendered":"<p>Nella cultura tradizionale azteca, i semi Ololiuqui erano usati come pianta sciamanica. Sono ricchi di LSA e hanno forti propriet\u00e0 allucinogene che si dice forniscano intensi effetti visivi, come colori brillanti e forme di ogni tipo che possono assumere pi\u00f9 dimensioni contemporaneamente.<\/p>","protected":false},"featured_media":81937,"template":"","meta":[],"product_brand":[],"product_cat":[388,297,818,406,384],"product_tag":[],"class_list":{"0":"post-35987","1":"product","2":"type-product","3":"status-publish","4":"has-post-thumbnail","6":"product_cat-lsa-seeds","7":"product_cat-all-products","8":"product_cat-mcmystic","9":"product_cat-psychedelic-herbs","10":"product_cat-smartshop","11":"product_shipping_class-not-allowed-group-3","13":"first","14":"instock","15":"taxable","16":"shipping-taxable","17":"purchasable","18":"product-type-variable","19":"has-default-attributes"},"_links":{"self":[{"href":"https:\/\/www.headshop.nl\/it\/wp-json\/wp\/v2\/product\/35987","targetHints":{"allow":["GET"]}}],"collection":[{"href":"https:\/\/www.headshop.nl\/it\/wp-json\/wp\/v2\/product"}],"about":[{"href":"https:\/\/www.headshop.nl\/it\/wp-json\/wp\/v2\/types\/product"}],"wp:featuredmedia":[{"embeddable":true,"href":"https:\/\/www.headshop.nl\/it\/wp-json\/wp\/v2\/media\/81937"}],"wp:attachment":[{"href":"https:\/\/www.headshop.nl\/it\/wp-json\/wp\/v2\/media?parent=35987"}],"wp:term":[{"taxonomy":"product_brand","embeddable":true,"href":"https:\/\/www.headshop.nl\/it\/wp-json\/wp\/v2\/product_brand?post=35987"},{"taxonomy":"product_cat","embeddable":true,"href":"https:\/\/www.headshop.nl\/it\/wp-json\/wp\/v2\/product_cat?post=35987"},{"taxonomy":"product_tag","embeddable":true,"href":"https:\/\/www.headshop.nl\/it\/wp-json\/wp\/v2\/product_tag?post=35987"}],"curies":[{"name":"wp","href":"https:\/\/api.w.org\/{rel}","templated":true}]}}