{"id":35985,"date":"2021-08-19T10:52:41","date_gmt":"2021-08-19T10:52:41","guid":{"rendered":"https:\/\/www.headshop.nl\/?post_type=product&#038;p=35985"},"modified":"2025-06-06T06:35:55","modified_gmt":"2025-06-06T06:35:55","slug":"yopo-seeds","status":"publish","type":"product","link":"https:\/\/www.headshop.nl\/it\/yopo-seeds\/","title":{"rendered":"Semi Yopo"},"content":{"rendered":"<h2 data-start=\"0\" data-end=\"42\">Che cos'\u00e8 Yopo (Anadenanthera Peregrina)?<\/h2>\n<p data-start=\"44\" data-end=\"473\">Yopo, scientificamente noto come <em data-start=\"74\" data-end=\"99\">Anadenanthera Peregrina<\/em>\u00e8 una pianta originaria dei Caraibi e del Sud America. I semi della Yopo contengono potenti allucinogeni naturali, tra cui la DMT, noti per indurre stati alterati di coscienza. Le trib\u00f9 indigene hanno usato questi semi per secoli, soprattutto nei rituali sciamanici, per ottenere intuizioni spirituali, migliorare la consapevolezza di s\u00e9 e persino prevedere gli eventi futuri.<\/p>\n<p data-start=\"475\" data-end=\"820\">Gli effetti dei semi Yopo sono intensi ma di breve durata, in genere durano circa 90 minuti. Gli utilizzatori riferiscono di vivide allucinazioni visive, emozioni amplificate e un senso di consapevolezza accresciuto. Data la sua potenza, la Yopo \u00e8 tipicamente consigliata a chi ha esperienza di sostanze psicoattive e una buona conoscenza dei suoi metodi di preparazione.<\/p>\n<p data-start=\"822\" data-end=\"1104\">La Yopo viene di solito consumata come tabacco da fiuto, il che comporta un'attenta lavorazione dei semi. Questo include la tostatura, la macinazione e la miscelazione con sostanze alcaline prima di inalare la polvere risultante. Questo metodo garantisce la piena potenza dei composti psicoattivi contenuti nei semi.<\/p>\n<h2 data-start=\"1106\" data-end=\"1150\">Storia di Yopo (Anadenanthera Peregrina)<\/h2>\n<p data-start=\"1152\" data-end=\"1449\">La Yopo ha una lunga storia di utilizzo, in particolare presso le antiche civilt\u00e0 sudamericane. Le prove suggeriscono che piante psicoattive simili sono state esplorate da culture antiche come gli Egizi, anche se l'uso pi\u00f9 importante \u00e8 stato fatto risalire agli Inca e ad altre trib\u00f9 indigene del Sud America.<\/p>\n<p data-start=\"1451\" data-end=\"1872\">Il popolo Inca, insieme a vari gruppi indigeni, venerava il Yopo per le sue propriet\u00e0 spirituali e medicinali. Gli sciamani e i leader spirituali usavano i semi per entrare in stati alterati di coscienza, acquisendo saggezza, accedendo alla comunicazione divina e talvolta prevedendo gli eventi futuri. Queste esperienze erano spesso guidate in contesti comunitari, dove lo sciamano guidava i partecipanti attraverso il viaggio visionario.<\/p>\n<p data-start=\"1874\" data-end=\"2196\">Il processo di preparazione dei semi di Yopo \u00e8 stato perfezionato per generazioni dalle trib\u00f9 indigene per massimizzarne la potenza e ridurre al minimo i potenziali disagi. Nonostante le sue antiche radici, la Yopo continua ad essere oggi una parte vitale di alcuni rituali tribali, soprattutto tra le culture che mantengono le loro pratiche tradizionali.<\/p>\n<p data-start=\"2198\" data-end=\"2465\">Con la moderna rinascita dell'interesse per le sostanze psicoattive naturali, la Yopo viene esplorata dai consumatori contemporanei, noti come psiconauti, alla ricerca di esperienze profonde e significative. Tuttavia, la sostanza rimane potente e deve essere maneggiata con rispetto e attenzione.<\/p>\n<h2 data-start=\"2467\" data-end=\"2511\">Come utilizzare Yopo (Anadenanthera Peregrina)<\/h2>\n<p data-start=\"2513\" data-end=\"2738\">I semi di Yopo vengono consumati principalmente come tabacco da fiuto, una pratica in uso da secoli tra le trib\u00f9 indigene del Sud America. Per rendere i semi adatti all'inalazione, devono essere sottoposti a un attento processo di preparazione.<\/p>\n<p data-start=\"2740\" data-end=\"2804\">Il metodo di preparazione tradizionale prevede le seguenti fasi:<\/p>\n<ol data-start=\"2806\" data-end=\"3248\">\n<li data-start=\"2806\" data-end=\"2854\"><strong data-start=\"2809\" data-end=\"2828\">Pulire i semi<\/strong> per rimuovere eventuali impurit\u00e0.<\/li>\n<li data-start=\"2855\" data-end=\"2946\"><strong data-start=\"2858\" data-end=\"2877\">Arrostire i semi<\/strong> in una padella calda fino a quando il guscio esterno si rompe e pu\u00f2 essere facilmente rimosso.<\/li>\n<li data-start=\"2947\" data-end=\"3000\"><strong data-start=\"2950\" data-end=\"2967\">Asciugare i semi<\/strong> finch\u00e9 non diventano sode e dure.<\/li>\n<li data-start=\"3001\" data-end=\"3043\"><strong data-start=\"3004\" data-end=\"3023\">Macinare i semi<\/strong> in una polvere fine.<\/li>\n<li data-start=\"3044\" data-end=\"3164\"><strong data-start=\"3047\" data-end=\"3065\">Mescolare la polvere<\/strong> con sostanze alcaline come il bicarbonato di sodio o il calcare, aggiungendo una piccola quantit\u00e0 di acqua per formare una pasta.<\/li>\n<li data-start=\"3165\" data-end=\"3248\"><strong data-start=\"3168\" data-end=\"3185\">Asciugare la pasta<\/strong> e macinarlo in una polvere fine adatta all'inalazione.<\/li>\n<\/ol>\n<p data-start=\"3250\" data-end=\"3536\">Gli effetti della Yopo possono essere avvertiti anche con una piccola dose di 1-3 semi. Dosi maggiori intensificano l'esperienza, spesso descritta come profondamente visionaria e coinvolgente. Chi si avvicina per la prima volta all'erba dovrebbe iniziare con la dose pi\u00f9 piccola possibile e regolarsi gradualmente in base alla propria esperienza.<\/p>\n<p data-start=\"3538\" data-end=\"3736\">Sebbene l'inalazione sia il metodo tradizionale, alcuni consumatori moderni hanno sperimentato diversi modi di consumare la Yopo, anche se lo snuffing rimane il metodo pi\u00f9 efficace e storicamente accurato.<\/p>\n<p data-start=\"3738\" data-end=\"3748\"><strong>Avvertenze<\/strong><\/p>\n<p data-start=\"3750\" data-end=\"4286\" data-is-last-node=\"\">Yopo (Anadenanthera Peregrina) \u00e8 una potente sostanza psicoattiva che deve essere affrontata con cautela. Non \u00e8 adatto a persone di et\u00e0 inferiore ai 18 anni. Le donne in gravidanza o in allattamento, i soggetti con condizioni mediche preesistenti o che assumono farmaci devono consultare un operatore sanitario prima dell'uso. Una preparazione inadeguata o un uso eccessivo possono causare nausea, vertigini o malessere. Questo prodotto \u00e8 destinato esclusivamente a utenti esperti e responsabili. Conservare sempre in un luogo fresco e asciutto e tenere fuori dalla portata dei bambini.<\/p>","protected":false},"excerpt":{"rendered":"<p>Yopo (Anadenanthera Peregrina) \u00e8 una pianta tradizionale sudamericana nota per i suoi effetti psicoattivi. I semi di questa pianta sono stati usati per secoli dalle culture indigene in pratiche spirituali e visionarie. La Yopo induce un'esperienza potente ma di breve durata, tipicamente intorno ai 90 minuti, ed \u00e8 comunemente usata in contesti rituali o introspettivi. Questa sostanza naturale \u00e8 ideale per chi cerca di esplorare stati mentali ed emotivi profondi in un ambiente controllato.<\/p>\n<p>15 Semi<\/p>","protected":false},"featured_media":81941,"template":"","meta":[],"product_brand":[],"product_cat":[388,297,818,406,384],"product_tag":[],"class_list":{"0":"post-35985","1":"product","2":"type-product","3":"status-publish","4":"has-post-thumbnail","6":"product_cat-lsa-seeds","7":"product_cat-all-products","8":"product_cat-mcmystic","9":"product_cat-psychedelic-herbs","10":"product_cat-smartshop","11":"product_shipping_class-not-allowed-group-3","13":"first","14":"instock","15":"taxable","16":"shipping-taxable","17":"purchasable","18":"product-type-variable","19":"has-default-attributes"},"_links":{"self":[{"href":"https:\/\/www.headshop.nl\/it\/wp-json\/wp\/v2\/product\/35985","targetHints":{"allow":["GET"]}}],"collection":[{"href":"https:\/\/www.headshop.nl\/it\/wp-json\/wp\/v2\/product"}],"about":[{"href":"https:\/\/www.headshop.nl\/it\/wp-json\/wp\/v2\/types\/product"}],"wp:featuredmedia":[{"embeddable":true,"href":"https:\/\/www.headshop.nl\/it\/wp-json\/wp\/v2\/media\/81941"}],"wp:attachment":[{"href":"https:\/\/www.headshop.nl\/it\/wp-json\/wp\/v2\/media?parent=35985"}],"wp:term":[{"taxonomy":"product_brand","embeddable":true,"href":"https:\/\/www.headshop.nl\/it\/wp-json\/wp\/v2\/product_brand?post=35985"},{"taxonomy":"product_cat","embeddable":true,"href":"https:\/\/www.headshop.nl\/it\/wp-json\/wp\/v2\/product_cat?post=35985"},{"taxonomy":"product_tag","embeddable":true,"href":"https:\/\/www.headshop.nl\/it\/wp-json\/wp\/v2\/product_tag?post=35985"}],"curies":[{"name":"wp","href":"https:\/\/api.w.org\/{rel}","templated":true}]}}