{"id":35978,"date":"2021-08-19T10:34:51","date_gmt":"2021-08-19T10:34:51","guid":{"rendered":"https:\/\/www.headshop.nl\/?post_type=product&#038;p=35978"},"modified":"2025-10-16T07:05:24","modified_gmt":"2025-10-16T07:05:24","slug":"san-pedro-peruvianus-cactus-seeds","status":"publish","type":"product","link":"https:\/\/www.headshop.nl\/it\/san-pedro-peruvianus-cactus-seeds\/","title":{"rendered":"San Pedro Peruvianus Semi di cactus"},"content":{"rendered":"<h2>100 San Pedro Peruvianus Semi di cactus da coltivare<\/h2>\n<p>Si dice che i cactus che si possono coltivare dai semi di questa incredibile pianta siano in grado di produrre effetti come l'LSD, i funghi magici e persino la regina Ayahuasca. Il cactus che contiene \u00e8 chiamato mescalina, che chimicamente assomiglia a queste sostanze sopra citate in modo da produrre effetti simili quando viene consumata dalle persone.<\/p>\n<p>Il cactus di San Pedro Mescaline \u00e8 stato usato per secoli in vari rituali e cerimonie perch\u00e9 contiene molti alcaloidi diversi, come il famoso Mescaline, che pu\u00f2 avere effetti simili all'LSD.<\/p>\n<p>Secondo alcuni sciamani del Per\u00f9 o dell'Ecuador, il cactus San Pedro \u00e8 considerato una divinit\u00e0 a s\u00e9 stante. Per fortuna potete coltivarlo a casa vostra!<\/p>","protected":false},"excerpt":{"rendered":"<p>Per secoli, l'antico cactus di San Pedro \u00e8 rimasto un oggetto sacro in Sud America. Si trova principalmente come pianta ornamentale e anche per le sue propriet\u00e0 medicinali naturali che includono composti psicoattivi come la Mescalina. I semi di San Pedro sono ora disponibili per coltivare facilmente la propria pianta a casa!<\/p>","protected":false},"featured_media":38151,"template":"","meta":[],"product_brand":[],"product_cat":[394,297,384],"product_tag":[],"class_list":{"0":"post-35978","1":"product","2":"type-product","3":"status-publish","4":"has-post-thumbnail","6":"product_cat-mescaline-cacti","7":"product_cat-all-products","8":"product_cat-smartshop","9":"product_shipping_class-group-7","11":"first","12":"instock","13":"taxable","14":"shipping-taxable","15":"purchasable","16":"product-type-variable","17":"has-default-attributes"},"_links":{"self":[{"href":"https:\/\/www.headshop.nl\/it\/wp-json\/wp\/v2\/product\/35978","targetHints":{"allow":["GET"]}}],"collection":[{"href":"https:\/\/www.headshop.nl\/it\/wp-json\/wp\/v2\/product"}],"about":[{"href":"https:\/\/www.headshop.nl\/it\/wp-json\/wp\/v2\/types\/product"}],"wp:featuredmedia":[{"embeddable":true,"href":"https:\/\/www.headshop.nl\/it\/wp-json\/wp\/v2\/media\/38151"}],"wp:attachment":[{"href":"https:\/\/www.headshop.nl\/it\/wp-json\/wp\/v2\/media?parent=35978"}],"wp:term":[{"taxonomy":"product_brand","embeddable":true,"href":"https:\/\/www.headshop.nl\/it\/wp-json\/wp\/v2\/product_brand?post=35978"},{"taxonomy":"product_cat","embeddable":true,"href":"https:\/\/www.headshop.nl\/it\/wp-json\/wp\/v2\/product_cat?post=35978"},{"taxonomy":"product_tag","embeddable":true,"href":"https:\/\/www.headshop.nl\/it\/wp-json\/wp\/v2\/product_tag?post=35978"}],"curies":[{"name":"wp","href":"https:\/\/api.w.org\/{rel}","templated":true}]}}