{"id":35974,"date":"2021-08-19T10:28:43","date_gmt":"2021-08-19T10:28:43","guid":{"rendered":"https:\/\/www.headshop.nl\/?post_type=product&#038;p=35974"},"modified":"2025-10-16T07:05:25","modified_gmt":"2025-10-16T07:05:25","slug":"san-pedro-pachanoi-cactus-seeds","status":"publish","type":"product","link":"https:\/\/www.headshop.nl\/it\/san-pedro-pachanoi-cactus-seeds\/","title":{"rendered":"San Pedro Pachanoi Semi di cactus"},"content":{"rendered":"<h2>100 semi di cactus San Pedro Pachanoi da coltivare<\/h2>\n<p>Il cactus di San Pedro Mescaline \u00e8 stato usato per secoli in vari rituali e cerimonie perch\u00e9 contiene molti alcaloidi diversi, come il famoso Mescaline, che pu\u00f2 avere effetti simili all'LSD.<\/p>\n<p>Secondo alcuni sciamani del Per\u00f9 o dell'Ecuador, il cactus San Pedro \u00e8 considerato una divinit\u00e0 a s\u00e9 stante. Per fortuna potete coltivarlo a casa vostra!<\/p>\n<p>Ottenete 100 semi di questa pianta magica e vedete cosa succede quando vi cimentate nella coltivazione di cactus di mescalina. Questa incredibile creatura \u00e8 stata utilizzata per secoli da persone di entrambi i Paesi grazie a tutti gli alcaloidi presenti al suo interno, come la mescalina, che assomiglia chimicamente all'LSD e produce effetti simili a quelli dei funghi magici, dell'LSD e persino della regina Ayahuasca.<\/p>","protected":false},"excerpt":{"rendered":"<p>Questo magico cactus \u00e8 considerato un dio a s\u00e9 stante da alcuni sciamani del Per\u00f9 o dell'Ecuador. Coltivate la vostra pianta che d\u00e0 mescalina con 100 semi di cactus San Pedro!<\/p>","protected":false},"featured_media":38155,"template":"","meta":[],"product_brand":[],"product_cat":[394,297,384],"product_tag":[],"class_list":{"0":"post-35974","1":"product","2":"type-product","3":"status-publish","4":"has-post-thumbnail","6":"product_cat-mescaline-cacti","7":"product_cat-all-products","8":"product_cat-smartshop","9":"product_shipping_class-group-7","11":"first","12":"instock","13":"taxable","14":"shipping-taxable","15":"purchasable","16":"product-type-variable","17":"has-default-attributes"},"_links":{"self":[{"href":"https:\/\/www.headshop.nl\/it\/wp-json\/wp\/v2\/product\/35974","targetHints":{"allow":["GET"]}}],"collection":[{"href":"https:\/\/www.headshop.nl\/it\/wp-json\/wp\/v2\/product"}],"about":[{"href":"https:\/\/www.headshop.nl\/it\/wp-json\/wp\/v2\/types\/product"}],"wp:featuredmedia":[{"embeddable":true,"href":"https:\/\/www.headshop.nl\/it\/wp-json\/wp\/v2\/media\/38155"}],"wp:attachment":[{"href":"https:\/\/www.headshop.nl\/it\/wp-json\/wp\/v2\/media?parent=35974"}],"wp:term":[{"taxonomy":"product_brand","embeddable":true,"href":"https:\/\/www.headshop.nl\/it\/wp-json\/wp\/v2\/product_brand?post=35974"},{"taxonomy":"product_cat","embeddable":true,"href":"https:\/\/www.headshop.nl\/it\/wp-json\/wp\/v2\/product_cat?post=35974"},{"taxonomy":"product_tag","embeddable":true,"href":"https:\/\/www.headshop.nl\/it\/wp-json\/wp\/v2\/product_tag?post=35974"}],"curies":[{"name":"wp","href":"https:\/\/api.w.org\/{rel}","templated":true}]}}