{"id":35940,"date":"2021-08-19T10:05:59","date_gmt":"2021-08-19T10:05:59","guid":{"rendered":"https:\/\/www.headshop.nl\/?post_type=product&#038;p=35940"},"modified":"2025-10-16T07:05:25","modified_gmt":"2025-10-16T07:05:25","slug":"peyote-cactus-seeds","status":"publish","type":"product","link":"https:\/\/www.headshop.nl\/it\/peyote-cactus-seeds\/","title":{"rendered":"Peyote Semi di cactus"},"content":{"rendered":"<h2>10 Peyote Semi di cactus da coltivare<\/h2>\n<p>L'Mescalina \u00e8 pi\u00f9 comunemente conosciuta per la sua struttura chimica simile a quella dell'LSD, pur producendo effetti molto simili a quelli dei funghi magici o delle droghe psichedeliche come l'LSD stesso. Alcuni dicono di aver trovato la loro esperienza con questa pianta pi\u00f9 radicata e pi\u00f9 facile da controllare rispetto ad altri psichedelici disponibili oggi sul mercato, gi\u00e0 solo per queste qualit\u00e0.<\/p>\n<p>Questo magico cactus \u00e8 considerato da alcuni sciamani una vera e propria divinit\u00e0... E ora potete coltivarlo anche a casa vostra! Ottenete 10 semi di cactus Peyote e coltivate la vostra pianta produttrice di mescalina nel comfort del vostro giardino.<\/p>\n<p>Questo fantastico esemplare \u00e8 stato usato per secoli in vari rituali dei nativi americani, grazie alla grande variet\u00e0 di alcaloidi. Il pi\u00f9 popolare \u00e8: Mescaline, che presenta analogie chimiche con l'LSD pur avendo effetti quasi identici a quelli che conosciamo meglio, come i funghi magici o la stessa regina Ayahuasca.<\/p>\n<p>Alcuni sostengono che, dopo aver ingerito queste piante, questo viaggio pu\u00f2 far sentire pi\u00f9 a terra di altri a causa della loro psichedelia di alto livello.<\/p>","protected":false},"excerpt":{"rendered":"<p>Per millenni, il cactus Peyote \u00e8 stato considerato una divinit\u00e0 in alcuni rituali sciamanici dei nativi americani. Ora potete coltivarlo anche a casa vostra! Prendete 10 semi e iniziate oggi stesso a coltivare i vostri cactus che producono mescalina!<\/p>","protected":false},"featured_media":38187,"template":"","meta":[],"product_brand":[],"product_cat":[394,297,384],"product_tag":[],"class_list":{"0":"post-35940","1":"product","2":"type-product","3":"status-publish","4":"has-post-thumbnail","6":"product_cat-mescaline-cacti","7":"product_cat-all-products","8":"product_cat-smartshop","9":"product_shipping_class-group-7","11":"first","12":"instock","13":"taxable","14":"shipping-taxable","15":"purchasable","16":"product-type-variable","17":"has-default-attributes"},"_links":{"self":[{"href":"https:\/\/www.headshop.nl\/it\/wp-json\/wp\/v2\/product\/35940","targetHints":{"allow":["GET"]}}],"collection":[{"href":"https:\/\/www.headshop.nl\/it\/wp-json\/wp\/v2\/product"}],"about":[{"href":"https:\/\/www.headshop.nl\/it\/wp-json\/wp\/v2\/types\/product"}],"wp:featuredmedia":[{"embeddable":true,"href":"https:\/\/www.headshop.nl\/it\/wp-json\/wp\/v2\/media\/38187"}],"wp:attachment":[{"href":"https:\/\/www.headshop.nl\/it\/wp-json\/wp\/v2\/media?parent=35940"}],"wp:term":[{"taxonomy":"product_brand","embeddable":true,"href":"https:\/\/www.headshop.nl\/it\/wp-json\/wp\/v2\/product_brand?post=35940"},{"taxonomy":"product_cat","embeddable":true,"href":"https:\/\/www.headshop.nl\/it\/wp-json\/wp\/v2\/product_cat?post=35940"},{"taxonomy":"product_tag","embeddable":true,"href":"https:\/\/www.headshop.nl\/it\/wp-json\/wp\/v2\/product_tag?post=35940"}],"curies":[{"name":"wp","href":"https:\/\/api.w.org\/{rel}","templated":true}]}}