{"id":35834,"date":"2021-08-17T12:20:50","date_gmt":"2021-08-17T12:20:50","guid":{"rendered":"https:\/\/www.headshop.nl\/?post_type=product&#038;p=35834"},"modified":"2025-10-10T01:26:26","modified_gmt":"2025-10-10T01:26:26","slug":"mdaa-partypills","status":"publish","type":"product","link":"https:\/\/www.headshop.nl\/it\/mdaa-partypills\/","title":{"rendered":"MDAA Partypills"},"content":{"rendered":"<h2>6 MDAA Partypills da HPA<\/h2>\n<p>Qual \u00e8 il modo perfetto per fare festa? HPA MDAA! Questo integratore a base di erbe porter\u00e0 la vostra esperienza a un livello completamente nuovo, senza nulla che possa renderla negativa per voi. Grazie agli ingredienti naturali e agli estratti di erbe, questa pillola vi assicura di essere pi\u00f9 energici che mai, mentre vi godete i momenti meravigliosi della vita su colonne sonore di qualit\u00e0 ultraterrena.<\/p>\n<p>HPA MDAA \u00e8 un'alternativa a base di erbe alle pillole per feste di strada! Aumenta la vitalit\u00e0 e aiuta a godere del meraviglioso mondo del suono. Ricca di ingredienti naturali, questa pillola vi permetter\u00e0 di trascorrere una notte piena di meraviglie senza effetti collaterali il giorno dopo. \u00c8 indicata per tutti coloro che desiderano divertirsi durante le feste, ma che non vogliono avere in cambio nulla di negativo dall'uso di alcolici o droghe.<\/p>","protected":false},"excerpt":{"rendered":"<p>HPA MDAA \u00e8 la pillola per feste a base di erbe che vi regaler\u00e0 una notte di meraviglia senza effetti collaterali. Questo prodotto naturale contiene ingredienti che aumentano la vitalit\u00e0 e rendono pi\u00f9 facile godere dei piaceri della vita, come la musica! Preparatevi a fare festa tutta la notte!<\/p>","protected":false},"featured_media":35816,"template":"","meta":[],"product_brand":[],"product_cat":[386,297,707,411,494,397,384],"product_tag":[],"class_list":{"0":"post-35834","1":"product","2":"type-product","3":"status-publish","4":"has-post-thumbnail","6":"product_cat-party-pills","7":"product_cat-all-products","8":"product_cat-buy-xtc","9":"product_cat-energy-pills","10":"product_cat-hpa","11":"product_cat-party","12":"product_cat-smartshop","13":"product_shipping_class-not-allowed-group-1","15":"first","16":"instock","17":"taxable","18":"shipping-taxable","19":"purchasable","20":"product-type-variable","21":"has-default-attributes"},"_links":{"self":[{"href":"https:\/\/www.headshop.nl\/it\/wp-json\/wp\/v2\/product\/35834","targetHints":{"allow":["GET"]}}],"collection":[{"href":"https:\/\/www.headshop.nl\/it\/wp-json\/wp\/v2\/product"}],"about":[{"href":"https:\/\/www.headshop.nl\/it\/wp-json\/wp\/v2\/types\/product"}],"wp:featuredmedia":[{"embeddable":true,"href":"https:\/\/www.headshop.nl\/it\/wp-json\/wp\/v2\/media\/35816"}],"wp:attachment":[{"href":"https:\/\/www.headshop.nl\/it\/wp-json\/wp\/v2\/media?parent=35834"}],"wp:term":[{"taxonomy":"product_brand","embeddable":true,"href":"https:\/\/www.headshop.nl\/it\/wp-json\/wp\/v2\/product_brand?post=35834"},{"taxonomy":"product_cat","embeddable":true,"href":"https:\/\/www.headshop.nl\/it\/wp-json\/wp\/v2\/product_cat?post=35834"},{"taxonomy":"product_tag","embeddable":true,"href":"https:\/\/www.headshop.nl\/it\/wp-json\/wp\/v2\/product_tag?post=35834"}],"curies":[{"name":"wp","href":"https:\/\/api.w.org\/{rel}","templated":true}]}}